{"id":25,"date":"2023-08-14T17:12:41","date_gmt":"2023-08-14T15:12:41","guid":{"rendered":"https:\/\/oekotierzucht.de\/versandarten\/"},"modified":"2025-05-15T15:10:46","modified_gmt":"2025-05-15T13:10:46","slug":"versandkosten-versandarten","status":"publish","type":"page","link":"https:\/\/oekotierzucht.de\/de\/versandkosten-versandarten\/","title":{"rendered":"Versandkosten und Versandarten"},"content":{"rendered":"\t\t<div data-elementor-type=\"wp-page\" data-elementor-id=\"25\" class=\"elementor elementor-25\" data-elementor-post-type=\"page\">\n\t\t\t\t\t\t<section class=\"elementor-section elementor-top-section elementor-element elementor-element-878c32b elementor-section-boxed elementor-section-height-default elementor-section-height-default\" data-id=\"878c32b\" data-element_type=\"section\" data-e-type=\"section\">\n\t\t\t\t\t\t<div class=\"elementor-container elementor-column-gap-default\">\n\t\t\t\t\t<div class=\"elementor-column elementor-col-100 elementor-top-column elementor-element elementor-element-96d58b1\" data-id=\"96d58b1\" data-element_type=\"column\" data-e-type=\"column\">\n\t\t\t<div class=\"elementor-widget-wrap elementor-element-populated\">\n\t\t\t\t\t\t<div class=\"elementor-element elementor-element-a4e3c76 elementor-widget elementor-widget-heading\" data-id=\"a4e3c76\" data-element_type=\"widget\" data-e-type=\"widget\" data-widget_type=\"heading.default\">\n\t\t\t\t<div class=\"elementor-widget-container\">\n\t\t\t\t\t<h2 class=\"elementor-heading-title elementor-size-default\">Versand- und Verpackungskosten<\/h2>\t\t\t\t<\/div>\n\t\t\t\t<\/div>\n\t\t\t\t\t<\/div>\n\t\t<\/div>\n\t\t\t\t\t<\/div>\n\t\t<\/section>\n\t\t\t\t<section class=\"elementor-section elementor-top-section elementor-element elementor-element-c796248 elementor-section-boxed elementor-section-height-default elementor-section-height-default\" data-id=\"c796248\" data-element_type=\"section\" data-e-type=\"section\">\n\t\t\t\t\t\t<div class=\"elementor-container elementor-column-gap-default\">\n\t\t\t\t\t<div class=\"elementor-column elementor-col-100 elementor-top-column elementor-element elementor-element-a696ef3\" data-id=\"a696ef3\" data-element_type=\"column\" data-e-type=\"column\">\n\t\t\t<div class=\"elementor-widget-wrap elementor-element-populated\">\n\t\t\t\t\t\t<div class=\"elementor-element elementor-element-1d5d2c4 elementor-widget elementor-widget-text-editor\" data-id=\"1d5d2c4\" data-element_type=\"widget\" data-e-type=\"widget\" data-widget_type=\"text-editor.default\">\n\t\t\t\t<div class=\"elementor-widget-container\">\n\t\t\t\t\t\t\t\t\t<p>Versandkostenpauschale f\u00fcr Werbematerialien (\u00d6TZ-Produktsiegel) = 3,95 \u20ac netto<\/p>\t\t\t\t\t\t\t\t<\/div>\n\t\t\t\t<\/div>\n\t\t\t\t\t<\/div>\n\t\t<\/div>\n\t\t\t\t\t<\/div>\n\t\t<\/section>\n\t\t\t\t<section class=\"elementor-section elementor-top-section elementor-element elementor-element-a667646 elementor-section-boxed elementor-section-height-default elementor-section-height-default\" data-id=\"a667646\" data-element_type=\"section\" data-e-type=\"section\">\n\t\t\t\t\t\t<div class=\"elementor-container elementor-column-gap-default\">\n\t\t\t\t\t<div class=\"elementor-column elementor-col-100 elementor-top-column elementor-element elementor-element-ff3c53c\" data-id=\"ff3c53c\" data-element_type=\"column\" data-e-type=\"column\">\n\t\t\t<div class=\"elementor-widget-wrap elementor-element-populated\">\n\t\t\t\t\t\t<div class=\"elementor-element elementor-element-0a9718a elementor-widget elementor-widget-heading\" data-id=\"0a9718a\" data-element_type=\"widget\" data-e-type=\"widget\" data-widget_type=\"heading.default\">\n\t\t\t\t<div class=\"elementor-widget-container\">\n\t\t\t\t\t<h2 class=\"elementor-heading-title elementor-size-default\">Bruteier VOM HUHN<\/h2>\t\t\t\t<\/div>\n\t\t\t\t<\/div>\n\t\t\t\t\t<\/div>\n\t\t<\/div>\n\t\t\t\t\t<\/div>\n\t\t<\/section>\n\t\t\t\t<section class=\"elementor-section elementor-top-section elementor-element elementor-element-0f403dc elementor-section-boxed elementor-section-height-default elementor-section-height-default\" data-id=\"0f403dc\" data-element_type=\"section\" data-e-type=\"section\">\n\t\t\t\t\t\t<div class=\"elementor-container elementor-column-gap-extended\">\n\t\t\t\t\t<div class=\"elementor-column elementor-col-100 elementor-top-column elementor-element elementor-element-ffeeb37\" data-id=\"ffeeb37\" data-element_type=\"column\" data-e-type=\"column\">\n\t\t\t<div class=\"elementor-widget-wrap elementor-element-populated\">\n\t\t\t\t\t\t<div class=\"elementor-element elementor-element-c5f2b93 elementor-widget elementor-widget-heading\" data-id=\"c5f2b93\" data-element_type=\"widget\" data-e-type=\"widget\" data-widget_type=\"heading.default\">\n\t\t\t\t<div class=\"elementor-widget-container\">\n\t\t\t\t\t<h6 class=\"elementor-heading-title elementor-size-default\">Nationaler Versand<\/h6>\t\t\t\t<\/div>\n\t\t\t\t<\/div>\n\t\t\t\t<div class=\"elementor-element elementor-element-973435b elementor-widget elementor-widget-text-editor\" data-id=\"973435b\" data-element_type=\"widget\" data-e-type=\"widget\" data-widget_type=\"text-editor.default\">\n\t\t\t\t<div class=\"elementor-widget-container\">\n\t\t\t\t\t\t\t\t\t<p>Kosten f\u00fcr den Versand von Bruteiern innerhalb Deutschlands<\/p><ul><li>abh\u00e4ngig von der Anzahl<\/li><li>zzgl. MwSt<\/li><\/ul>\t\t\t\t\t\t\t\t<\/div>\n\t\t\t\t<\/div>\n\t\t\t\t<div class=\"elementor-element elementor-element-c80e17f elementor-widget elementor-widget-text-editor\" data-id=\"c80e17f\" data-element_type=\"widget\" data-e-type=\"widget\" data-widget_type=\"text-editor.default\">\n\t\t\t\t<div class=\"elementor-widget-container\">\n\t\t\t\t\t\t\t\t\t<p>\n<table id=\"tablepress-13\" class=\"tablepress tablepress-id-13\">\n<thead>\n<tr class=\"row-1\">\n\t<th class=\"column-1\">Verpackungseinheit<br \/>\n(Stk. Eier)<\/th><th class=\"column-2\">Verpackungskosten<\/th><th class=\"column-3\">Versandkosten<\/th><th class=\"column-4\">Gesamtkosten<\/th>\n<\/tr>\n<\/thead>\n<tbody class=\"row-striping row-hover\">\n<tr class=\"row-2\">\n\t<td class=\"column-1\">1-15<\/td><td class=\"column-2\">5,00 \u20ac<\/td><td class=\"column-3\">6,20 \u20ac<\/td><td class=\"column-4\">11,20 \u20ac<\/td>\n<\/tr>\n<tr class=\"row-3\">\n\t<td class=\"column-1\">16-35<\/td><td class=\"column-2\">7,50 \u20ac<\/td><td class=\"column-3\">7,70 \u20ac<\/td><td class=\"column-4\">15,20 \u20ac<\/td>\n<\/tr>\n<tr class=\"row-4\">\n\t<td class=\"column-1\">36-70<\/td><td class=\"column-2\">11,00 \u20ac<\/td><td class=\"column-3\">10,50 \u20ac<\/td><td class=\"column-4\">21,50 \u20ac<\/td>\n<\/tr>\n<tr class=\"row-5\">\n\t<td class=\"column-1\"><\/td><td class=\"column-2\"><\/td><td class=\"column-3\"><\/td><td class=\"column-4\"><\/td>\n<\/tr>\n<tr class=\"row-6\">\n\t<td class=\"column-1\">71-105<\/td><td class=\"column-2\">18,50 \u20ac<\/td><td class=\"column-3\">18,20 \u20ac<\/td><td class=\"column-4\">36,70 \u20ac<\/td>\n<\/tr>\n<tr class=\"row-7\">\n\t<td class=\"column-1\">106-140<\/td><td class=\"column-2\">22,00 \u20ac<\/td><td class=\"column-3\">21,00 \u20ac<\/td><td class=\"column-4\">43,00 \u20ac<\/td>\n<\/tr>\n<tr class=\"row-8\">\n\t<td class=\"column-1\">141-175<\/td><td class=\"column-2\">29,50 \u20ac<\/td><td class=\"column-3\">28,70 \u20ac<\/td><td class=\"column-4\">58,20 \u20ac<\/td>\n<\/tr>\n<tr class=\"row-9\">\n\t<td class=\"column-1\"><\/td><td class=\"column-2\"><\/td><td class=\"column-3\"><\/td><td class=\"column-4\"><\/td>\n<\/tr>\n<tr class=\"row-10\">\n\t<td class=\"column-1\">176-210<\/td><td class=\"column-2\">33,00 \u20ac<\/td><td class=\"column-3\">31,50 \u20ac<\/td><td class=\"column-4\">64,50 \u20ac<\/td>\n<\/tr>\n<tr class=\"row-11\">\n\t<td class=\"column-1\">211-280<\/td><td class=\"column-2\">12,00 \u20ac<\/td><td class=\"column-3\">65,00 \u20ac<\/td><td class=\"column-4\">77,00 \u20ac<\/td>\n<\/tr>\n<tr class=\"row-12\">\n\t<td class=\"column-1\"><\/td><td class=\"column-2\"><\/td><td class=\"column-3\"><\/td><td class=\"column-4\"><\/td>\n<\/tr>\n<tr class=\"row-13\">\n\t<td class=\"column-1\">Gr\u00f6\u00dfere Mengen, mit Spedition<\/td><td class=\"column-2\">20,00 \u20ac<\/td><td class=\"column-3\">150,00 \u20ac<\/td><td class=\"column-4\">170,00 \u20ac<\/td>\n<\/tr>\n<tr class=\"row-14\">\n\t<td class=\"column-1\"><\/td><td class=\"column-2\"><\/td><td class=\"column-3\"><\/td><td class=\"column-4\"><\/td>\n<\/tr>\n<\/tbody>\n<\/table>\n<!-- #tablepress-13 from cache --><\/p>\t\t\t\t\t\t\t\t<\/div>\n\t\t\t\t<\/div>\n\t\t\t\t\t<\/div>\n\t\t<\/div>\n\t\t\t\t\t<\/div>\n\t\t<\/section>\n\t\t\t\t<section class=\"elementor-section elementor-top-section elementor-element elementor-element-f0e8db2 elementor-section-boxed elementor-section-height-default elementor-section-height-default\" data-id=\"f0e8db2\" data-element_type=\"section\" data-e-type=\"section\">\n\t\t\t\t\t\t<div class=\"elementor-container elementor-column-gap-extended\">\n\t\t\t\t\t<div class=\"elementor-column elementor-col-100 elementor-top-column elementor-element elementor-element-136e1b0\" data-id=\"136e1b0\" data-element_type=\"column\" data-e-type=\"column\">\n\t\t\t<div class=\"elementor-widget-wrap elementor-element-populated\">\n\t\t\t\t\t\t<div class=\"elementor-element elementor-element-98769b9 elementor-widget elementor-widget-heading\" data-id=\"98769b9\" data-element_type=\"widget\" data-e-type=\"widget\" data-widget_type=\"heading.default\">\n\t\t\t\t<div class=\"elementor-widget-container\">\n\t\t\t\t\t<h6 class=\"elementor-heading-title elementor-size-default\">Versand innerhalb der EU<\/h6>\t\t\t\t<\/div>\n\t\t\t\t<\/div>\n\t\t\t\t<div class=\"elementor-element elementor-element-abbe2a4 elementor-widget elementor-widget-text-editor\" data-id=\"abbe2a4\" data-element_type=\"widget\" data-e-type=\"widget\" data-widget_type=\"text-editor.default\">\n\t\t\t\t<div class=\"elementor-widget-container\">\n\t\t\t\t\t\t\t\t\t<p>Kosten f\u00fcr den Versand von Bruteiern au\u00dferhalb Deutschlands, aber innerhalb der EU<\/p><ul><li>abh\u00e4ngig von der Anzahl<\/li><li>zzgl. MwSt<\/li><\/ul>\t\t\t\t\t\t\t\t<\/div>\n\t\t\t\t<\/div>\n\t\t\t\t<div class=\"elementor-element elementor-element-71f1ec8 elementor-widget elementor-widget-text-editor\" data-id=\"71f1ec8\" data-element_type=\"widget\" data-e-type=\"widget\" data-widget_type=\"text-editor.default\">\n\t\t\t\t<div class=\"elementor-widget-container\">\n\t\t\t\t\t\t\t\t\t\n<table id=\"tablepress-15\" class=\"tablepress tablepress-id-15\">\n<thead>\n<tr class=\"row-1\">\n\t<th class=\"column-1\">Verpackungseinheit<br \/>\n(Stk. Eier)<\/th><th class=\"column-2\">Verpackungskosten<\/th><th class=\"column-3\">Versandkosten<\/th><th class=\"column-4\">Gesamtkosten<\/th>\n<\/tr>\n<\/thead>\n<tbody class=\"row-striping row-hover\">\n<tr class=\"row-2\">\n\t<td class=\"column-1\">1-35<\/td><td class=\"column-2\">7,50 \u20ac<\/td><td class=\"column-3\">16,50 \u20ac<\/td><td class=\"column-4\">24,00 \u20ac<\/td>\n<\/tr>\n<tr class=\"row-3\">\n\t<td class=\"column-1\">36-70<\/td><td class=\"column-2\">11,00 \u20ac<\/td><td class=\"column-3\">21,50 \u20ac<\/td><td class=\"column-4\">32,50 \u20ac<\/td>\n<\/tr>\n<tr class=\"row-4\">\n\t<td class=\"column-1\">71-105<\/td><td class=\"column-2\">18,50 \u20ac<\/td><td class=\"column-3\">38,00 \u20ac<\/td><td class=\"column-4\">56,50 \u20ac<\/td>\n<\/tr>\n<tr class=\"row-5\">\n\t<td class=\"column-1\"><\/td><td class=\"column-2\"><\/td><td class=\"column-3\"><\/td><td class=\"column-4\"><\/td>\n<\/tr>\n<tr class=\"row-6\">\n\t<td class=\"column-1\">106-140<\/td><td class=\"column-2\">22,00 \u20ac<\/td><td class=\"column-3\">43,00 \u20ac<\/td><td class=\"column-4\">65,00 \u20ac<\/td>\n<\/tr>\n<tr class=\"row-7\">\n\t<td class=\"column-1\">141-175<\/td><td class=\"column-2\">29,50 \u20ac<\/td><td class=\"column-3\">59,50 \u20ac<\/td><td class=\"column-4\">89,00 \u20ac<\/td>\n<\/tr>\n<tr class=\"row-8\">\n\t<td class=\"column-1\">176-210<\/td><td class=\"column-2\">33,00 \u20ac<\/td><td class=\"column-3\">64,50 \u20ac<\/td><td class=\"column-4\">97,50 \u20ac<\/td>\n<\/tr>\n<tr class=\"row-9\">\n\t<td class=\"column-1\"><\/td><td class=\"column-2\"><\/td><td class=\"column-3\"><\/td><td class=\"column-4\"><\/td>\n<\/tr>\n<tr class=\"row-10\">\n\t<td class=\"column-1\">Gr\u00f6\u00dfere Mengen, mit Spedition<\/td><td class=\"column-2\"><\/td><td class=\"column-3\"><\/td><td class=\"column-4\">individuelle Absprache<\/td>\n<\/tr>\n<tr class=\"row-11\">\n\t<td class=\"column-1\"><\/td><td class=\"column-2\"><\/td><td class=\"column-3\"><\/td><td class=\"column-4\"><\/td>\n<\/tr>\n<\/tbody>\n<\/table>\n<!-- #tablepress-15 from cache -->\t\t\t\t\t\t\t\t<\/div>\n\t\t\t\t<\/div>\n\t\t\t\t<div class=\"elementor-element elementor-element-ca5dc22 elementor-widget elementor-widget-heading\" data-id=\"ca5dc22\" data-element_type=\"widget\" data-e-type=\"widget\" data-widget_type=\"heading.default\">\n\t\t\t\t<div class=\"elementor-widget-container\">\n\t\t\t\t\t<h6 class=\"elementor-heading-title elementor-size-default\">Versand in die Schweiz<\/h6>\t\t\t\t<\/div>\n\t\t\t\t<\/div>\n\t\t\t\t<div class=\"elementor-element elementor-element-8055367 elementor-widget elementor-widget-text-editor\" data-id=\"8055367\" data-element_type=\"widget\" data-e-type=\"widget\" data-widget_type=\"text-editor.default\">\n\t\t\t\t<div class=\"elementor-widget-container\">\n\t\t\t\t\t\t\t\t\t<p>Kosten f\u00fcr den Versand von Bruteiern in die Schweiz<\/p><ul><li>abh\u00e4ngig von der Anzahl<\/li><li>zzgl. MwSt<\/li><\/ul>\t\t\t\t\t\t\t\t<\/div>\n\t\t\t\t<\/div>\n\t\t\t\t<div class=\"elementor-element elementor-element-950b87b elementor-widget elementor-widget-text-editor\" data-id=\"950b87b\" data-element_type=\"widget\" data-e-type=\"widget\" data-widget_type=\"text-editor.default\">\n\t\t\t\t<div class=\"elementor-widget-container\">\n\t\t\t\t\t\t\t\t\t<p>\n<table id=\"tablepress-16\" class=\"tablepress tablepress-id-16\">\n<thead>\n<tr class=\"row-1\">\n\t<th class=\"column-1\">Verpackungseinheit<br \/>\n(Stk. Eier)<\/th><th class=\"column-2\">Verpackungskosten<\/th><th class=\"column-3\">Versandkosten<\/th><th class=\"column-4\">Gesamtkosten<\/th>\n<\/tr>\n<\/thead>\n<tbody class=\"row-striping row-hover\">\n<tr class=\"row-2\">\n\t<td class=\"column-1\">1-35<\/td><td class=\"column-2\">7,50 \u20ac<\/td><td class=\"column-3\">27,00 \u20ac<\/td><td class=\"column-4\">34,50 \u20ac<\/td>\n<\/tr>\n<tr class=\"row-3\">\n\t<td class=\"column-1\">36-70<\/td><td class=\"column-2\">11,00 \u20ac<\/td><td class=\"column-3\">35,00 \u20ac<\/td><td class=\"column-4\">46,00 \u20ac<\/td>\n<\/tr>\n<tr class=\"row-4\">\n\t<td class=\"column-1\">71-105<\/td><td class=\"column-2\">18,50 \u20ac<\/td><td class=\"column-3\">62,00 \u20ac<\/td><td class=\"column-4\">80,50 \u20ac<\/td>\n<\/tr>\n<tr class=\"row-5\">\n\t<td class=\"column-1\"><\/td><td class=\"column-2\"><\/td><td class=\"column-3\"><\/td><td class=\"column-4\"><\/td>\n<\/tr>\n<tr class=\"row-6\">\n\t<td class=\"column-1\">106-140<\/td><td class=\"column-2\">22,00 \u20ac<\/td><td class=\"column-3\">70,00 \u20ac<\/td><td class=\"column-4\">92,00 \u20ac<\/td>\n<\/tr>\n<tr class=\"row-7\">\n\t<td class=\"column-1\">141-175<\/td><td class=\"column-2\">29,50 \u20ac<\/td><td class=\"column-3\">97,00 \u20ac<\/td><td class=\"column-4\">126,50 \u20ac<\/td>\n<\/tr>\n<tr class=\"row-8\">\n\t<td class=\"column-1\">176-210<\/td><td class=\"column-2\">33,00 \u20ac<\/td><td class=\"column-3\">105,00 \u20ac<\/td><td class=\"column-4\">138,00 \u20ac<\/td>\n<\/tr>\n<tr class=\"row-9\">\n\t<td class=\"column-1\"><\/td><td class=\"column-2\"><\/td><td class=\"column-3\"><\/td><td class=\"column-4\"><\/td>\n<\/tr>\n<tr class=\"row-10\">\n\t<td class=\"column-1\">Gr\u00f6\u00dfere Mengen, mit Spedition<\/td><td class=\"column-2\"><\/td><td class=\"column-3\"><\/td><td class=\"column-4\">individuelle Absprache<\/td>\n<\/tr>\n<tr class=\"row-11\">\n\t<td class=\"column-1\"><\/td><td class=\"column-2\"><\/td><td class=\"column-3\"><\/td><td class=\"column-4\"><\/td>\n<\/tr>\n<\/tbody>\n<\/table>\n<!-- #tablepress-16 from cache --><\/p>\t\t\t\t\t\t\t\t<\/div>\n\t\t\t\t<\/div>\n\t\t\t\t\t<\/div>\n\t\t<\/div>\n\t\t\t\t\t<\/div>\n\t\t<\/section>\n\t\t\t\t<section class=\"elementor-section elementor-top-section elementor-element elementor-element-2408c38 elementor-section-boxed elementor-section-height-default elementor-section-height-default\" data-id=\"2408c38\" data-element_type=\"section\" data-e-type=\"section\">\n\t\t\t\t\t\t<div class=\"elementor-container elementor-column-gap-default\">\n\t\t\t\t\t<div class=\"elementor-column elementor-col-100 elementor-top-column elementor-element elementor-element-f44c5d3\" data-id=\"f44c5d3\" data-element_type=\"column\" data-e-type=\"column\">\n\t\t\t<div class=\"elementor-widget-wrap elementor-element-populated\">\n\t\t\t\t\t\t<div class=\"elementor-element elementor-element-194e2b9 elementor-widget elementor-widget-heading\" data-id=\"194e2b9\" data-element_type=\"widget\" data-e-type=\"widget\" data-widget_type=\"heading.default\">\n\t\t\t\t<div class=\"elementor-widget-container\">\n\t\t\t\t\t<h2 class=\"elementor-heading-title elementor-size-default\">Bruteier VON DER ENTE<\/h2>\t\t\t\t<\/div>\n\t\t\t\t<\/div>\n\t\t\t\t<div class=\"elementor-element elementor-element-39e0e86 elementor-widget elementor-widget-text-editor\" data-id=\"39e0e86\" data-element_type=\"widget\" data-e-type=\"widget\" data-widget_type=\"text-editor.default\">\n\t\t\t\t<div class=\"elementor-widget-container\">\n\t\t\t\t\t\t\t\t\t<p>Enten-Bruteier sind nur innerhalb Deutschlands erh\u00e4ltlich.<\/p>\t\t\t\t\t\t\t\t<\/div>\n\t\t\t\t<\/div>\n\t\t\t\t\t<\/div>\n\t\t<\/div>\n\t\t\t\t\t<\/div>\n\t\t<\/section>\n\t\t\t\t<section class=\"elementor-section elementor-top-section elementor-element elementor-element-5f8fee7 elementor-section-boxed elementor-section-height-default elementor-section-height-default\" data-id=\"5f8fee7\" data-element_type=\"section\" data-e-type=\"section\">\n\t\t\t\t\t\t<div class=\"elementor-container elementor-column-gap-extended\">\n\t\t\t\t\t<div class=\"elementor-column elementor-col-100 elementor-top-column elementor-element elementor-element-fd253d4\" data-id=\"fd253d4\" data-element_type=\"column\" data-e-type=\"column\">\n\t\t\t<div class=\"elementor-widget-wrap elementor-element-populated\">\n\t\t\t\t\t\t<div class=\"elementor-element elementor-element-90b0f86 elementor-widget elementor-widget-heading\" data-id=\"90b0f86\" data-element_type=\"widget\" data-e-type=\"widget\" data-widget_type=\"heading.default\">\n\t\t\t\t<div class=\"elementor-widget-container\">\n\t\t\t\t\t<h6 class=\"elementor-heading-title elementor-size-default\">Nationaler Versand<\/h6>\t\t\t\t<\/div>\n\t\t\t\t<\/div>\n\t\t\t\t<div class=\"elementor-element elementor-element-eca4b70 elementor-widget elementor-widget-text-editor\" data-id=\"eca4b70\" data-element_type=\"widget\" data-e-type=\"widget\" data-widget_type=\"text-editor.default\">\n\t\t\t\t<div class=\"elementor-widget-container\">\n\t\t\t\t\t\t\t\t\t<p>Kosten f\u00fcr den Versand von Enten Bruteiern innerhalb Deutschlands<\/p><ul><li>abh\u00e4ngig von der Anzahl<\/li><li>zzgl. MwSt<\/li><\/ul>\t\t\t\t\t\t\t\t<\/div>\n\t\t\t\t<\/div>\n\t\t\t\t<div class=\"elementor-element elementor-element-32528c9 elementor-widget elementor-widget-text-editor\" data-id=\"32528c9\" data-element_type=\"widget\" data-e-type=\"widget\" data-widget_type=\"text-editor.default\">\n\t\t\t\t<div class=\"elementor-widget-container\">\n\t\t\t\t\t\t\t\t\t<p>\n<table id=\"tablepress-17\" class=\"tablepress tablepress-id-17\">\n<thead>\n<tr class=\"row-1\">\n\t<th class=\"column-1\">Verpackungseinheit<br \/>\n(Stk. Eier)<\/th><th class=\"column-2\">Verpackungskosten<\/th><th class=\"column-3\">Versandkosten<\/th><th class=\"column-4\">Gesamtkosten<\/th>\n<\/tr>\n<\/thead>\n<tbody class=\"row-striping row-hover\">\n<tr class=\"row-2\">\n\t<td class=\"column-1\">bis 20 Eier<\/td><td class=\"column-2\">7,50 \u20ac<\/td><td class=\"column-3\">7,70 \u20ac<\/td><td class=\"column-4\">15,20 \u20ac<\/td>\n<\/tr>\n<tr class=\"row-3\">\n\t<td class=\"column-1\">bis 40 Eier<\/td><td class=\"column-2\">11,00 \u20ac<\/td><td class=\"column-3\">10,50 \u20ac<\/td><td class=\"column-4\">21,50 \u20ac<\/td>\n<\/tr>\n<tr class=\"row-4\">\n\t<td class=\"column-1\">Gr\u00f6\u00dfere Mengen<\/td><td class=\"column-2\"><\/td><td class=\"column-3\"><\/td><td class=\"column-4\">individuelle Absprache<\/td>\n<\/tr>\n<\/tbody>\n<\/table>\n<!-- #tablepress-17 from cache --><\/p>\t\t\t\t\t\t\t\t<\/div>\n\t\t\t\t<\/div>\n\t\t\t\t\t<\/div>\n\t\t<\/div>\n\t\t\t\t\t<\/div>\n\t\t<\/section>\n\t\t\t\t<\/div>\n\t\t","protected":false},"excerpt":{"rendered":"<p>Versand- und Verpackungskosten Versandkostenpauschale f\u00fcr Werbematerialien (\u00d6TZ-Produktsiegel) = 3,95 \u20ac netto Bruteier VOM HUHN Nationaler Versand Kosten f\u00fcr den Versand von Bruteiern innerhalb Deutschlands abh\u00e4ngig von der Anzahl zzgl. MwSt Versand innerhalb der EU Kosten f\u00fcr den Versand von Bruteiern au\u00dferhalb Deutschlands, aber innerhalb der EU abh\u00e4ngig von der Anzahl zzgl. MwSt Versand in die [&hellip;]<\/p>\n","protected":false},"author":1,"featured_media":0,"parent":0,"menu_order":0,"comment_status":"closed","ping_status":"closed","template":"","meta":{"footnotes":""},"class_list":["post-25","page","type-page","status-publish","hentry"],"_links":{"self":[{"href":"https:\/\/oekotierzucht.de\/de\/wp-json\/wp\/v2\/pages\/25","targetHints":{"allow":["GET"]}}],"collection":[{"href":"https:\/\/oekotierzucht.de\/de\/wp-json\/wp\/v2\/pages"}],"about":[{"href":"https:\/\/oekotierzucht.de\/de\/wp-json\/wp\/v2\/types\/page"}],"author":[{"embeddable":true,"href":"https:\/\/oekotierzucht.de\/de\/wp-json\/wp\/v2\/users\/1"}],"replies":[{"embeddable":true,"href":"https:\/\/oekotierzucht.de\/de\/wp-json\/wp\/v2\/comments?post=25"}],"version-history":[{"count":58,"href":"https:\/\/oekotierzucht.de\/de\/wp-json\/wp\/v2\/pages\/25\/revisions"}],"predecessor-version":[{"id":12660,"href":"https:\/\/oekotierzucht.de\/de\/wp-json\/wp\/v2\/pages\/25\/revisions\/12660"}],"wp:attachment":[{"href":"https:\/\/oekotierzucht.de\/de\/wp-json\/wp\/v2\/media?parent=25"}],"curies":[{"name":"wp","href":"https:\/\/api.w.org\/{rel}","templated":true}]}}