{"id":2714,"date":"2024-04-29T12:16:50","date_gmt":"2024-04-29T10:16:50","guid":{"rendered":"https:\/\/oekotierzucht.de\/?page_id=2714"},"modified":"2025-03-11T15:01:57","modified_gmt":"2025-03-11T14:01:57","slug":"gefluegel","status":"publish","type":"page","link":"https:\/\/oekotierzucht.de\/de\/gefluegel\/","title":{"rendered":"GEFL\u00dcGEL"},"content":{"rendered":"<h2>\u00d6kologische Gefl\u00fcgelzucht<\/h2>\n<p>Zur\u00fcck in die Zukunft: Aus alten Rassen z\u00fcchten wir moderne Zweinutzungsh\u00fchner.\u00a0<\/p>\n<p>weiter<\/p>\n<figure>\n\t\t\t\t\t\t\t\t\t\t<img fetchpriority=\"high\" decoding=\"async\" width=\"800\" height=\"533\" src=\"https:\/\/oekotierzucht.de\/wp-content\/uploads\/2024\/04\/OeTZ_ZweinutzungshuehnerGoch.jpg\" alt=\"\u00d6TZ-Zweinutzungsh\u00fchner\" srcset=\"https:\/\/oekotierzucht.de\/wp-content\/uploads\/2024\/04\/OeTZ_ZweinutzungshuehnerGoch.jpg 800w, https:\/\/oekotierzucht.de\/wp-content\/uploads\/2024\/04\/OeTZ_ZweinutzungshuehnerGoch-300x200.jpg 300w, https:\/\/oekotierzucht.de\/wp-content\/uploads\/2024\/04\/OeTZ_ZweinutzungshuehnerGoch-768x512.jpg 768w, https:\/\/oekotierzucht.de\/wp-content\/uploads\/2024\/04\/OeTZ_ZweinutzungshuehnerGoch-18x12.jpg 18w\" sizes=\"(max-width: 800px) 100vw, 800px\" title=\"\"><figcaption>Foto: Carsten Scheper<\/figcaption><\/figure>\n<h2>H\u00fchner f\u00fcr den \u00d6ko-Landbau <\/h2>\n<h1>Unser Fokus <\/h1>\n<p><!--ScriptorStartFragment--><\/p>\n<p>Die Themen und Ausrichtung im Rinderbereich sind von Beginn an sehr vielf\u00e4ltig, entsprechend der Vielfalt der Rassen und Betriebssystemen in der \u00f6kologischen Rinderhaltung. Neben der Entwicklung konkreter Praxisangebote (bspw.\u00a0<a href=\"https:\/\/www.oekotierzucht.de\/ueber-uns\/rinderzucht\/\" target=\"_blank\" rel=\"noopener\">Bullenempfehlungen<\/a>, Weiterentwicklungen \u00f6kologischer\u00a0<a href=\"https:\/\/www.oekotierzucht.de\/ueber-uns\/rinderzucht\/\" target=\"_blank\" rel=\"noopener\">Gesamtzuchtwerte<\/a>), steht vor allem die Arbeit an einem Leitbild, das in konkreten Zuchtzielen m\u00fcnden soll und auch schon gem\u00fcndet ist.\u00a0Der Rinderzuchtbereich entwickelt sich im ersten Schritt st\u00e4rker als Projektgesellschaft. Eine T\u00e4tigkeit als Zuchtunternehmen wie im Gefl\u00fcgelbereich ist kurz- bis mittelfristig nicht absehbar. Dabei steht die Projektentwicklung im Vordergrund. Neben der Zweinutzung stehen hier vor allem z\u00fcchterische Themen wie Grundfutterverwertung, Langlebigkeit, Gesundheit und Robustheit im Fokus.<\/p>\n<p><!--ScriptorEndFragment--><\/p>\n<p>\t\t\t<a href=\"#\"><br \/>\n\t\t\t\t\t\t\t\t\tContact us<br \/>\n\t\t\t\t\t<\/a><\/p>\n<figure>\n\t\t\t\t\t\t\t\t\t\t<img fetchpriority=\"high\" decoding=\"async\" width=\"800\" height=\"533\" src=\"https:\/\/oekotierzucht.de\/wp-content\/uploads\/2024\/04\/OeTZ_ZweinutzungshuehnerGoch.jpg\" alt=\"\u00d6TZ-Zweinutzungsh\u00fchner\" srcset=\"https:\/\/oekotierzucht.de\/wp-content\/uploads\/2024\/04\/OeTZ_ZweinutzungshuehnerGoch.jpg 800w, https:\/\/oekotierzucht.de\/wp-content\/uploads\/2024\/04\/OeTZ_ZweinutzungshuehnerGoch-300x200.jpg 300w, https:\/\/oekotierzucht.de\/wp-content\/uploads\/2024\/04\/OeTZ_ZweinutzungshuehnerGoch-768x512.jpg 768w, https:\/\/oekotierzucht.de\/wp-content\/uploads\/2024\/04\/OeTZ_ZweinutzungshuehnerGoch-18x12.jpg 18w\" sizes=\"(max-width: 800px) 100vw, 800px\" title=\"\">\t\t\t\t\t\t\t\t\t\t\t<\/p>\n<figcaption>Foto: Carsten Scheper<\/figcaption>\n<\/figure>\n<h2>Im Portr\u00e4t <\/h2>\n<h2>Unsere Kreuzungen &amp; rassen <\/h2>\n<h2>\n\t\t\t\t\t\t\u00d6TZ Coffee\t\t\t\t\t<\/h2>\n<p>\t\t\t\t\t\tLorem ipsum dolor sit amet consectetur adipiscing elit dolor<br \/>\n\t\t\t\t\t<a><br \/>\n\t\t\t\t\t\tZum Steckbrief\t\t\t\t\t<\/a><\/p>\n<h2>\n\t\t\t\t\t\t\u00d6TZ cream \t\t\t\t\t<\/h2>\n<p>\t\t\t\t\t\tLorem ipsum dolor sit amet consectetur adipiscing elit dolor<br \/>\n\t\t\t\t\t<a><br \/>\n\t\t\t\t\t\tZum Steckbrief\t\t\t\t\t<\/a><\/p>\n<h2>\n\t\t\t\t\t\t\u00d6TZ Caramel\t\t\t\t\t<\/h2>\n<p>\t\t\t\t\t\tLorem ipsum dolor sit amet consectetur adipiscing elit dolor<br \/>\n\t\t\t\t\t<a><br \/>\n\t\t\t\t\t\tzur Caramel\t\t\t\t\t<\/a><\/p>\n<h2>\n\t\t\t\t\t\t\u00d6TZ Bresse Gauloise\t\t\t\t\t<\/h2>\n<p>\t\t\t\t\t\tLorem ipsum dolor sit amet consectetur adipiscing elit dolor<br \/>\n\t\t\t\t\t<a><br \/>\n\t\t\t\t\t\tZur Bresse\t\t\t\t\t<\/a><\/p>\n<h2>Die Herausforderungen <\/h2>\n<h3>Unsere AufgabeN<\/h3>\n<p><!--ScriptorStartFragment--><\/p>\n<p>\u00d6kologische Rinderhalter:innen brauchen anpassungsf\u00e4hige Tiere, die sich an die Vielfalt der Standorte und die darauf wachsende nat\u00fcrliche Futtergrundlage anpassen k\u00f6nnen.\u00a0<\/p>\n<p><!--ScriptorEndFragment--><\/p>\n<h2>\n\t\t\t\t\t\tBezugsquellen\t\t\t\t\t<\/h2>\n<p>\t\t\t\t\t\tLorem ipsum dolor sit amet consectetur adipiscing elit dolor<br \/>\n\t\t\t\t\t<a><br \/>\n\t\t\t\t\t\tHintergr\u00fcnde\t\t\t\t\t<\/a><\/p>\n<h2>\n\t\t\t\t\t\tZuchtstandort\t\t\t\t\t<\/h2>\n<p>\t\t\t\t\t\tLorem ipsum dolor sit amet consectetur adipiscing elit dolor<br \/>\n\t\t\t\t\t<a><br \/>\n\t\t\t\t\t\tMehr Lesen\t\t\t\t\t<\/a><br \/>\n\t\t\t\t\t\t\t\t\t\t\t\t\t<img decoding=\"async\" src=\"https:\/\/oekotierzucht.de\/wp-content\/uploads\/2024\/02\/Image_Placeholder-about.jpeg\" title=\"\" alt=\"\" loading=\"lazy\">\t\t\t\t\t\t\t\t\t\t\t\t\t<\/p>\n<h2>\n\t\t\t\t\t\tFachforum\t\t\t\t\t<\/h2>\n<p>\t\t\t\t\t\tLorem ipsum dolor sit amet consectetur adipiscing elit dolor<br \/>\n\t\t\t\t\t<a><br \/>\n\t\t\t\t\t\tMehr Erfahen\t\t\t\t\t<\/a><\/p>\n<h2>\n\t\t\t\t\t\tTierwohl\t\t\t\t\t<\/h2>\n<p>\t\t\t\t\t\tLorem ipsum dolor sit amet consectetur adipiscing elit dolor<br \/>\n\t\t\t\t\t<a><br \/>\n\t\t\t\t\t\tTiefer Einsteigen\t\t\t\t\t<\/a><br \/>\n\t\t\t\t\t\t\t\t\t\t\t\t\t<img decoding=\"async\" src=\"https:\/\/oekotierzucht.de\/wp-content\/uploads\/2024\/02\/Image_Placeholder-about.jpeg\" title=\"\" alt=\"\" loading=\"lazy\"><br \/>\n\t\t\t\t\t\t\t\t\t\t\t\t\t<img decoding=\"async\" src=\"https:\/\/oekotierzucht.de\/wp-content\/uploads\/2024\/02\/Image_Placeholder-about.jpeg\" title=\"\" alt=\"\" loading=\"lazy\">\t\t\t\t\t\t\t\t\t\t\t\t\t<\/p>\n<h2>Die Herausforderungen <\/h2>\n<h3>Unsere AufgabeN<\/h3>\n<p><!--ScriptorStartFragment--><\/p>\n<p>\u00d6kologische Rinderhalter:innen brauchen anpassungsf\u00e4hige Tiere, die sich an die Vielfalt der Standorte und die darauf wachsende nat\u00fcrliche Futtergrundlage anpassen k\u00f6nnen.\u00a0\u00a0Die Verwertung von Futtergr\u00e4sern von Gr\u00fcnland und Acker, erg\u00e4nzt durch einen angepassten Einsatz von Kraftfutter zu den wertvollen Lebensmitteln Milch und Fleisch ist in unserer \u00dcberzeugung der richtige Weg zu einer nachhaltigen, klimavertr\u00e4glichen \u00f6kologischen Rinderhaltung ohne Nahrungskonkurrenz zum Menschen und eines der wichtigsten Elemente aller \u00f6kologischen Zuchtziele.\u00a0Die \u00d6TZ stellt sich der Herausforderung den vielf\u00e4ltigen praktischen und fachlichen Themen in der Rinderzucht gerecht zu werden mit dem Ziel nachhaltige Strukturen f\u00fcr die \u00f6kologischen Landwirt:innen zu schaffen.\u00a0\u00a0Beim Aufbau des Rinderzuchtbereiches stehen konkrete Praxisangebote (bspw. Bullenempfehlungen, Weiterentwicklungen \u00f6kologischer Gesamtzuchtwerte) stark im Vordergrund.\u00a0\u00a0Die wichtige Grundlagenarbeit an einem \u00fcbergreifenden und der Vielfalt gerecht werdenden Leitbild verfolgen wir in einem Beirat aus Praktiker:innen, Berater:innen und Wissenschaftler:innen.\u00a0\u00a0\u00a0\u00a0\u00a0\u00a0<\/p>\n<p><!--ScriptorEndFragment--><\/p>\n<h2>Gib hier deine \u00dcberschrift ein<\/h2>\n<h2>Gib hier deine \u00dcberschrift ein<\/h2>\n<p>Lorem ipsum dolor sit amet, consectetur adipiscing elit. Ut elit tellus, luctus nec ullamcorper mattis, pulvinar dapibus leo.<\/p>\n<\/p>\n<p>Lorem ipsum dolor sit amet, consectetur adipiscing elit. Ut elit tellus, luctus nec ullamcorper mattis, pulvinar dapibus leo.<\/p>\n<p> <div class=\"brlbs-cmpnt-container brlbs-cmpnt-content-blocker brlbs-cmpnt-with-individual-styles\" data-borlabs-cookie-content-blocker-id=\"youtube-content-blocker\" data-borlabs-cookie-content=\"PGlmcmFtZSB0aXRsZT0iw5ZUWiBEb2t1IFRlaWwgMSAmcXVvdDtNb3RpdmUgdW5kIEVpbmJsaWNrZSBpbiBkaWUgcHJha3Rpc2NoZSBadWNodGFyYmVpdCZxdW90OyIgd2lkdGg9IjgwMCIgaGVpZ2h0PSI0NTAiIHNyYz0iaHR0cHM6Ly93d3cueW91dHViZS1ub2Nvb2tpZS5jb20vZW1iZWQvNVk5SDFBYkhLSXc\/ZmVhdHVyZT1vZW1iZWQiIGZyYW1lYm9yZGVyPSIwIiBhbGxvdz0iYWNjZWxlcm9tZXRlcjsgYXV0b3BsYXk7IGNsaXBib2FyZC13cml0ZTsgZW5jcnlwdGVkLW1lZGlhOyBneXJvc2NvcGU7IHBpY3R1cmUtaW4tcGljdHVyZTsgd2ViLXNoYXJlIiByZWZlcnJlcnBvbGljeT0ic3RyaWN0LW9yaWdpbi13aGVuLWNyb3NzLW9yaWdpbiIgYWxsb3dmdWxsc2NyZWVuPjwvaWZyYW1lPg==\"><div class=\"brlbs-cmpnt-cb-preset-c brlbs-cmpnt-cb-youtube\"> <div class=\"brlbs-cmpnt-cb-thumbnail\" style=\"background-image: url('https:\/\/oekotierzucht.de\/wp-content\/uploads\/borlabs-cookie\/1\/yt_5Y9H1AbHKIw_hqdefault.jpg')\"><\/div> <div class=\"brlbs-cmpnt-cb-main\"> <div class=\"brlbs-cmpnt-cb-play-button\"><\/div> <div class=\"brlbs-cmpnt-cb-content\"> <p class=\"brlbs-cmpnt-cb-description\">Sie sehen gerade einen Platzhalterinhalt von <strong>YouTube<\/strong>. Um auf den eigentlichen Inhalt zuzugreifen, klicken Sie auf die Schaltfl\u00e4che unten. Bitte beachten Sie, dass dabei Daten an Drittanbieter weitergegeben werden.<\/p> <a class=\"brlbs-cmpnt-cb-provider-toggle\" href=\"#\" data-borlabs-cookie-show-provider-information role=\"button\">Mehr Informationen<\/a> <\/div> <div class=\"brlbs-cmpnt-cb-buttons\"> <a class=\"brlbs-cmpnt-cb-btn\" href=\"#\" data-borlabs-cookie-unblock role=\"button\">Inhalt entsperren<\/a> <a class=\"brlbs-cmpnt-cb-btn\" href=\"#\" data-borlabs-cookie-accept-service role=\"button\" style=\"display: inherit\">Erforderlichen Service akzeptieren und Inhalte entsperren<\/a> <\/div> <\/div> <\/div><\/div><\/p>\n<p>Lorem ipsum dolor sit amet, consectetur adipiscing elit. Ut elit tellus, luctus nec ullamcorper mattis, pulvinar dapibus leo.<\/p>\n<h2>Gib hier deine \u00dcberschrift ein<\/h2>\n<p>Lorem ipsum dolor sit amet, consectetur adipiscing elit. Ut elit tellus, luctus nec ullamcorper mattis, pulvinar dapibus leo.<\/p>\n<\/p>\n<p>Lorem ipsum dolor sit amet, consectetur adipiscing elit. Ut elit tellus, luctus nec ullamcorper mattis, pulvinar dapibus leo.<\/p>\n<p>\t\t\t\t\t\t\t\t\t\t\t\t\t<img decoding=\"async\" src=\"https:\/\/oekotierzucht.de\/wp-content\/plugins\/elementor\/assets\/images\/placeholder.png\" title=\"\" alt=\"\" loading=\"lazy\">\t\t\t\t\t\t\t\t\t\t\t\t\t<\/p>\n<p>Lorem ipsum dolor sit amet, consectetur adipiscing elit. Ut elit tellus, luctus nec ullamcorper mattis, pulvinar dapibus leo.<\/p>\n<p>\t\t\t\t\t\t\t\t\t\t\t\t\t<img decoding=\"async\" src=\"https:\/\/oekotierzucht.de\/wp-content\/plugins\/elementor\/assets\/images\/placeholder.png\" title=\"\" alt=\"\" loading=\"lazy\">\t\t\t\t\t\t\t\t\t\t\t\t\t<\/p>\n<p>Lorem ipsum dolor sit amet, consectetur adipiscing elit. Ut elit tellus, luctus nec ullamcorper mattis, pulvinar dapibus leo.<\/p>\n<h2>Gib hier deine \u00dcberschrift ein<\/h2>\n<h2>Gib hier deine \u00dcberschrift ein<\/h2>\n<p>Lorem ipsum dolor sit amet, consectetur adipiscing elit. Ut elit tellus, luctus nec ullamcorper mattis, pulvinar dapibus leo.<\/p>\n<\/p>\n<p>Lorem ipsum dolor sit amet, consectetur adipiscing elit. Ut elit tellus, luctus nec ullamcorper mattis, pulvinar dapibus leo.<\/p>\n<p>\t\t\t<a href=\"#\"><br \/>\n\t\t\t\t\t\t\t\t\tHier klicken<br \/>\n\t\t\t\t\t<\/a><\/p>\n\n\n<p><\/p>\n","protected":false},"excerpt":{"rendered":"<p>\u00d6kologische Gefl\u00fcgelzucht Zur\u00fcck in die Zukunft: Aus alten Rassen z\u00fcchten wir moderne Zweinutzungsh\u00fchner.\u00a0 weiter Foto: Carsten Scheper H\u00fchner f\u00fcr den \u00d6ko-Landbau Unser Fokus Die Themen und Ausrichtung im Rinderbereich sind von Beginn an sehr vielf\u00e4ltig, entsprechend der Vielfalt der Rassen und Betriebssystemen in der \u00f6kologischen Rinderhaltung. Neben der Entwicklung konkreter Praxisangebote (bspw.\u00a0Bullenempfehlungen, Weiterentwicklungen \u00f6kologischer\u00a0Gesamtzuchtwerte), steht [&hellip;]<\/p>\n","protected":false},"author":3,"featured_media":7705,"parent":0,"menu_order":0,"comment_status":"closed","ping_status":"closed","template":"","meta":{"footnotes":""},"class_list":["post-2714","page","type-page","status-publish","has-post-thumbnail","hentry"],"_links":{"self":[{"href":"https:\/\/oekotierzucht.de\/de\/wp-json\/wp\/v2\/pages\/2714","targetHints":{"allow":["GET"]}}],"collection":[{"href":"https:\/\/oekotierzucht.de\/de\/wp-json\/wp\/v2\/pages"}],"about":[{"href":"https:\/\/oekotierzucht.de\/de\/wp-json\/wp\/v2\/types\/page"}],"author":[{"embeddable":true,"href":"https:\/\/oekotierzucht.de\/de\/wp-json\/wp\/v2\/users\/3"}],"replies":[{"embeddable":true,"href":"https:\/\/oekotierzucht.de\/de\/wp-json\/wp\/v2\/comments?post=2714"}],"version-history":[{"count":9,"href":"https:\/\/oekotierzucht.de\/de\/wp-json\/wp\/v2\/pages\/2714\/revisions"}],"predecessor-version":[{"id":9751,"href":"https:\/\/oekotierzucht.de\/de\/wp-json\/wp\/v2\/pages\/2714\/revisions\/9751"}],"wp:featuredmedia":[{"embeddable":true,"href":"https:\/\/oekotierzucht.de\/de\/wp-json\/wp\/v2\/media\/7705"}],"wp:attachment":[{"href":"https:\/\/oekotierzucht.de\/de\/wp-json\/wp\/v2\/media?parent=2714"}],"curies":[{"name":"wp","href":"https:\/\/api.w.org\/{rel}","templated":true}]}}