{"id":1053,"date":"2025-01-17T12:00:05","date_gmt":"2025-01-17T11:00:05","guid":{"rendered":"https:\/\/oekotierzucht.de\/?post_type=product&#038;p=1053"},"modified":"2026-01-22T09:28:03","modified_gmt":"2026-01-22T08:28:03","slug":"brutei-bresse-gauloise","status":"publish","type":"product","link":"https:\/\/oekotierzucht.de\/de\/produkt\/brutei-bresse-gauloise\/","title":{"rendered":"Brutei \u00d6TZ Bresse Gauloise"},"content":{"rendered":"<h4><strong>\u00d6TZ Bresse Gauloise<\/strong><strong>*-<\/strong><strong>Bruteier<\/strong><\/h4>\n<p>Die Bruteier werden mit <span class=\"NormalTextRun SCXW217253806 BCX8\">gr\u00f6\u00dfter Sorgfalt ausgew\u00e4hlt, sicher verpackt und dann <\/span><span class=\"NormalTextRun SCXW217253806 BCX8\">direkt<\/span><span class=\"NormalTextRun SCXW217253806 BCX8\"> zu dir geliefert. So startest du mit <\/span><span class=\"NormalTextRun SCXW217253806 BCX8\">den <\/span><span class=\"NormalTextRun SCXW217253806 BCX8\">besten Voraussetzungen in die Brut.<\/span><\/p>\n<p>&nbsp;<\/p>\n<p><strong>Wichtige Hinweise:<\/strong><\/p>\n<ul>\n<li>Stelle sicher, dass die Lieferung der Bruteier am Zustelltag pers\u00f6nlich angenommen wird, um sie vor Hitze oder K\u00e4lte zu sch\u00fctzen. Die Eier sind \u00e4u\u00dferst empfindlich.<\/li>\n<li>Lade dir unbedingt das <a href=\"https:\/\/oekotierzucht.de\/wp-content\/uploads\/2024\/11\/20240716_OeTZ_Bruteijournal.pdf\"><strong>\u00d6TZ-Bruteijournal<\/strong><\/a> und den <a href=\"https:\/\/oekotierzucht.de\/produkt\/leitfaden-kuekenaufzucht\/\"><strong>\u00d6TZ-K\u00fckenleitfaden<\/strong><\/a> herunter. Diese Unterlagen bieten dir wertvolle Unterst\u00fctzung bei der Brut und der Aufzucht deiner K\u00fcken.<\/li>\n<\/ul>\n<p>&nbsp;<\/p>\n<p>Viel Erfolg und vor allem: jede Menge Freude mit deiner eleganten Bresse Gauloise*-Herde!<\/p>\n","protected":false},"excerpt":{"rendered":"<p>Ein reinrassiges, aus Frankreich stammendes, fleischbetontes Zweinutzungshuhn \u00a0\u2013 bekannt als \u201edie K\u00f6nigin des Gefl\u00fcgels\u201c. Das Poulet de Bresse begeistert weltweit mit seiner erstklassigen Fleischqualit\u00e4t.<\/p>\n<p>&nbsp;<\/p>\n<blockquote>\n<p style=\"text-align: right;\">*\u00d6TZ Bresse Gauloise von deutschen Elterntieren, geschl\u00fcpft und aufgezogen in Deutschland.<\/p>\n<\/blockquote>\n<p>&nbsp;<\/p>\n<p><strong>Das macht die Bresse Gauloise* besonders:\u00a0<\/strong><\/p>\n<ul>\n<li>Das Edelgefl\u00fcgel f\u00fcr Feinschmecker<\/li>\n<li>Schnellw\u00fcchsig<\/li>\n<li>Fleischbetont<\/li>\n<li>Charakterstark<\/li>\n<\/ul>\n<p><a href=\"https:\/\/oekotierzucht.de\/gefluegel\/bresse-gauloise\/\" target=\"_blank\" rel=\"noopener\">Ausf\u00fchrliche Tierbeschreibung und Leistungsdaten\u00a0<\/a><\/p>\n<p>&nbsp;<\/p>\n<p>Zertifizierung:<\/p>\n<div id=\"tablepress-28-scroll-wrapper\" class=\"tablepress-scroll-wrapper\">\n<table id=\"tablepress-28\" class=\"tablepress tablepress-id-28 tablepress-responsive\">\n<thead>\n<tr class=\"row-1\">\n<th class=\"column-1\">Logo <\/th>\n<th class=\"column-2\">Zertifizierung <\/th>\n<th class=\"column-3\">Beschreibung <\/th>\n<\/tr>\n<\/thead>\n<tbody class=\"row-striping row-hover\">\n<tr class=\"row-2\">\n<td class=\"column-1\"><img decoding=\"async\" src=\"https:\/\/oekotierzucht.de\/wp-content\/uploads\/2025\/08\/EU_Organic_Logo_Colour_rgb-300x200.jpg\" alt=\"EU-Bio\" width=\"50\" height=\"50\" class=\"alignnone size-medium wp-image-13553\" \/><\/td>\n<td class=\"column-2\"><a href=\"https:\/\/www.oekolandbau.de\/bio-zertifizierung\/richtlinien-der-oeko-anbauverbaende\/eu-oeko-verordnung\/\" target=\"_blank\">EU-Bio <\/a><\/td>\n<td class=\"column-3\">Diese Bruteier sind EU-Bio zertifiziert. <br \/>\nDE-\u00d6KO-006<\/td>\n<\/tr>\n<tr class=\"row-3\">\n<td class=\"column-1\"><img decoding=\"async\" src=\"https:\/\/oekotierzucht.de\/wp-content\/uploads\/2025\/08\/Bioland-Markenzeichen-296x300.png\" alt=\"Bioland-Markenzeichen\" width=\"50\" height=\"50\" class=\"alignnone size-medium wp-image-13555\" srcset=\"https:\/\/oekotierzucht.de\/wp-content\/uploads\/2025\/08\/Bioland-Markenzeichen-296x300.png 296w, https:\/\/oekotierzucht.de\/wp-content\/uploads\/2025\/08\/Bioland-Markenzeichen-150x150.png 150w, https:\/\/oekotierzucht.de\/wp-content\/uploads\/2025\/08\/Bioland-Markenzeichen-12x12.png 12w, https:\/\/oekotierzucht.de\/wp-content\/uploads\/2025\/08\/Bioland-Markenzeichen-400x400.png 400w, https:\/\/oekotierzucht.de\/wp-content\/uploads\/2025\/08\/Bioland-Markenzeichen-100x100.png 100w, https:\/\/oekotierzucht.de\/wp-content\/uploads\/2025\/08\/Bioland-Markenzeichen.png 501w\" sizes=\"(max-width: 50px) 100vw, 50px\" \/><\/td>\n<td class=\"column-2\"><a href=\"https:\/\/www.bioland.de\/richtlinien\" target=\"_blank\">Verbandszertifizierung Bioland<\/a><\/td>\n<td class=\"column-3\">Diese Bruteier sind zertifiziert durch Bioland.<\/td>\n<\/tr>\n<tr class=\"row-4\">\n<td class=\"column-1\"><img decoding=\"async\" src=\"https:\/\/oekotierzucht.de\/wp-content\/uploads\/2025\/08\/BmTierSSchV2-300x300.jpg\" alt=\"BmTierSSchV\" width=\"50\" height=\"50\" class=\"alignnone size-medium wp-image-13551\" srcset=\"https:\/\/oekotierzucht.de\/wp-content\/uploads\/2025\/08\/BmTierSSchV2-300x300.jpg 300w, https:\/\/oekotierzucht.de\/wp-content\/uploads\/2025\/08\/BmTierSSchV2-1024x1024.jpg 1024w, https:\/\/oekotierzucht.de\/wp-content\/uploads\/2025\/08\/BmTierSSchV2-150x150.jpg 150w, https:\/\/oekotierzucht.de\/wp-content\/uploads\/2025\/08\/BmTierSSchV2-768x768.jpg 768w, https:\/\/oekotierzucht.de\/wp-content\/uploads\/2025\/08\/BmTierSSchV2-1536x1536.jpg 1536w, https:\/\/oekotierzucht.de\/wp-content\/uploads\/2025\/08\/BmTierSSchV2-2048x2048.jpg 2048w, https:\/\/oekotierzucht.de\/wp-content\/uploads\/2025\/08\/BmTierSSchV2-12x12.jpg 12w, https:\/\/oekotierzucht.de\/wp-content\/uploads\/2025\/08\/BmTierSSchV2-400x400.jpg 400w, https:\/\/oekotierzucht.de\/wp-content\/uploads\/2025\/08\/BmTierSSchV2-900x900.jpg 900w, https:\/\/oekotierzucht.de\/wp-content\/uploads\/2025\/08\/BmTierSSchV2-100x100.jpg 100w\" sizes=\"(max-width: 50px) 100vw, 50px\" \/><\/td>\n<td class=\"column-2\"><a href=\"https:\/\/www.gesetze-im-internet.de\/tierseuchschbmv\/BmTierSSchV.pdf\" target=\"_blank\">BmTierSSchV<\/a><a href=\"https:\/\/www.gesetze-im-internet.de\/tierseuchschbmv\/BmTierSSchV.pdf\" target=\"_blank\"><\/a><\/td>\n<td class=\"column-3\">Diese Bruteier sind nach Binnenmarkt-Tierseuchenschutz-Verordnung (BmTierSSchV) zertifiziert und damit f\u00fcr den Handel in EU zertifizierte Br\u00fctereien und das Ausland zugelassen.<\/td>\n<\/tr>\n<tr class=\"row-5\">\n<td class=\"column-1\"><img loading=\"lazy\" decoding=\"async\" src=\"https:\/\/oekotierzucht.de\/wp-content\/uploads\/2024\/09\/OETZ_Logo_RGB-221x300.png\" alt=\"\u00d6TZ Logo \" width=\"40\" height=\"40\" class=\"alignnone size-medium wp-image-6200\" srcset=\"https:\/\/oekotierzucht.de\/wp-content\/uploads\/2024\/09\/OETZ_Logo_RGB-100x100.png 100w, https:\/\/oekotierzucht.de\/wp-content\/uploads\/2024\/09\/OETZ_Logo_RGB-150x150.png 150w\" sizes=\"(max-width: 40px) 100vw, 40px\" \/><\/td>\n<td class=\"column-2\"><a href=\"https:\/\/oekotierzucht.de\/de\/gefluegel\/\" target=\"_blank\">\u00d6TZ-Qualit\u00e4t<\/a><\/td>\n<td class=\"column-3\">Diese Bruteier stammen aus \u00d6TZ-Zucht.<\/td>\n<\/tr>\n<tr class=\"row-6\">\n<td class=\"column-1\"><img loading=\"lazy\" decoding=\"async\" src=\"https:\/\/oekotierzucht.de\/wp-content\/uploads\/2025\/09\/OETZ_Siegel_DT_RGB-300x294.png\" alt=\"\u00d6TZ Produktsiegel \" width=\"50\" height=\"50\" class=\"alignnone size-medium wp-image-13673\" srcset=\"https:\/\/oekotierzucht.de\/wp-content\/uploads\/2025\/09\/OETZ_Siegel_DT_RGB-300x294.png 300w, https:\/\/oekotierzucht.de\/wp-content\/uploads\/2025\/09\/OETZ_Siegel_DT_RGB-150x150.png 150w, https:\/\/oekotierzucht.de\/wp-content\/uploads\/2025\/09\/OETZ_Siegel_DT_RGB-768x753.png 768w, https:\/\/oekotierzucht.de\/wp-content\/uploads\/2025\/09\/OETZ_Siegel_DT_RGB-12x12.png 12w, https:\/\/oekotierzucht.de\/wp-content\/uploads\/2025\/09\/OETZ_Siegel_DT_RGB-400x400.png 400w, https:\/\/oekotierzucht.de\/wp-content\/uploads\/2025\/09\/OETZ_Siegel_DT_RGB-100x100.png 100w, https:\/\/oekotierzucht.de\/wp-content\/uploads\/2025\/09\/OETZ_Siegel_DT_RGB.png 853w\" sizes=\"(max-width: 50px) 100vw, 50px\" \/><\/td>\n<td class=\"column-2\"><a href=\"https:\/\/oekotierzucht.de\/de\/vermarkten\/\" target=\"_blank\">\u00d6TZ-Produktsiegel <\/a><\/td>\n<td class=\"column-3\">Du kannst das \u00d6TZ-Produktsiegel f\u00fcr deine Vermarktung nutzen. <\/td>\n<\/tr>\n<\/tbody>\n<\/table>\n<\/div>\n<p><!-- #tablepress-28 from cache --><\/p>\n<p>&nbsp;<\/p>\n<p>Rabattstaffel:<\/p>\n<table id=\"tablepress-27\" class=\"tablepress tablepress-id-27\">\n<thead>\n<tr class=\"row-1\">\n<th class=\"column-1\">Anzahl der Eier <\/th>\n<th class=\"column-2\">Preis (brutto) \/ St\u00fcck <\/th>\n<\/tr>\n<\/thead>\n<tbody class=\"row-striping row-hover\">\n<tr class=\"row-2\">\n<td class=\"column-1\">1 &#8211; 250<\/td>\n<td class=\"column-2\">3,21 \u20ac<\/td>\n<\/tr>\n<tr class=\"row-3\">\n<td class=\"column-1\">251 &#8211; 6.000<\/td>\n<td class=\"column-2\">2,68 \u20ac<\/td>\n<\/tr>\n<\/tbody>\n<\/table>\n<p><!-- #tablepress-27 from cache --><\/p>\n<p>&nbsp;<\/p>\n<p>Versandort: \u00d6TZ-Zuchtstandort, 47574 Goch-Hommersum<\/p>\n<p>Versand erfolgt idR. dienstags &amp; mittwochs<\/p>\n<p>Mindestbestellmenge: 20 St\u00fcck<\/p>\n","protected":false},"featured_media":13645,"template":"","meta":[],"product_brand":[],"product_cat":[94],"product_tag":[91,92,110],"class_list":{"0":"post-1053","1":"product","2":"type-product","3":"status-publish","4":"has-post-thumbnail","6":"product_cat-bruteier","7":"product_tag-brutei","8":"product_tag-zweinutzungshuhn","9":"product_tag-bresse-gauloise","10":"product_shipping_class-coffee-cream-und-bresse","11":"Bruteier","13":"first","14":"instock","15":"taxable","16":"shipping-taxable","17":"purchasable","18":"product-type-simple"},"_links":{"self":[{"href":"https:\/\/oekotierzucht.de\/de\/wp-json\/wp\/v2\/product\/1053","targetHints":{"allow":["GET"]}}],"collection":[{"href":"https:\/\/oekotierzucht.de\/de\/wp-json\/wp\/v2\/product"}],"about":[{"href":"https:\/\/oekotierzucht.de\/de\/wp-json\/wp\/v2\/types\/product"}],"wp:featuredmedia":[{"embeddable":true,"href":"https:\/\/oekotierzucht.de\/de\/wp-json\/wp\/v2\/media\/13645"}],"wp:attachment":[{"href":"https:\/\/oekotierzucht.de\/de\/wp-json\/wp\/v2\/media?parent=1053"}],"wp:term":[{"taxonomy":"product_brand","embeddable":true,"href":"https:\/\/oekotierzucht.de\/de\/wp-json\/wp\/v2\/product_brand?post=1053"},{"taxonomy":"product_cat","embeddable":true,"href":"https:\/\/oekotierzucht.de\/de\/wp-json\/wp\/v2\/product_cat?post=1053"},{"taxonomy":"product_tag","embeddable":true,"href":"https:\/\/oekotierzucht.de\/de\/wp-json\/wp\/v2\/product_tag?post=1053"}],"curies":[{"name":"wp","href":"https:\/\/api.w.org\/{rel}","templated":true}]}}