{"id":10686,"date":"2025-01-27T16:50:15","date_gmt":"2025-01-27T15:50:15","guid":{"rendered":"https:\/\/oekotierzucht.de\/?post_type=product&#038;p=10686"},"modified":"2025-10-27T14:15:45","modified_gmt":"2025-10-27T13:15:45","slug":"robustpute","status":"publish","type":"product","link":"https:\/\/oekotierzucht.de\/de\/produkt\/robustpute\/","title":{"rendered":"Brutei Robustpute (Bio-Pute)"},"content":{"rendered":"<h4>Brutei der Robustpute (Bio-Pute von Christine Bremer)<\/h4>\n<div>Die Robustputen sind kleine kr\u00e4ftige Tiere mit schwarz-wei\u00df gemustertem Gefieder. Auch ganz wei\u00dfe Tiere k\u00f6nnen auftreten.<\/div>\n<div>\n<p>Z\u00fcchterin der Robustputen ist die Demeter-Landwirtin\u00a0<a href=\"https:\/\/www.heide-gefluegel.de\/#shop\" target=\"_blank\" rel=\"noopener\">Christine Bremer<\/a>.<\/p>\n<p>Der Erhalt und die Z\u00fcchtung der Robustpute wird unterst\u00fctz durch den <a href=\"https:\/\/zukunftsstiftung-landwirtschaft.de\/wo-wir-aktiv-sind\/tierzuchtfonds\/\" target=\"_blank\" rel=\"noopener\">Tierzuchtfonds<\/a>.<\/p>\n<\/div>\n<div><\/div>\n<p><strong>Bio-Zertifizierungen der Robustputen-Bruteier\u00a0<\/strong><\/p>\n<ul>\n<li>EU-Bio<\/li>\n<li>Bioland<\/li>\n<li>Demeter<\/li>\n<\/ul>\n<p>&nbsp;<\/p>\n<div><strong>Standort und Versand:\u00a0<\/strong><\/div>\n<div>Heidegefl\u00fcgel, 29562 Suhlendorf<\/div>\n<div><\/div>\n<p><strong>Zuchtziele der Robustpute im \u00dcberblick\u00a0<\/strong><\/p>\n<ul>\n<li>Vitalit\u00e4t und Stressresistenz in der Freilandhaltung<\/li>\n<li>Umg\u00e4nglichkeit<\/li>\n<li>Gutes Futtersuchverhalten<\/li>\n<li>Gen\u00fcgsamkeit<\/li>\n<li>Fr\u00fchreife (Endgewicht nach 30 Wochen)<\/li>\n<li>Bis 6,5 Kilogramm Endgewicht der Henne<\/li>\n<li>7 bis 8,5 Kilogramm Endgewicht der H\u00e4hne<\/li>\n<li>Ausschlachtung mindestens 65 %<\/li>\n<li>Brustfleischanteil mindestens 25 %<\/li>\n<li>BmTierSSchV EU-Zertifizierung*: Nein<\/li>\n<\/ul>\n<div>*N<em><span class=\"cf0\">ach Binnenmarkt-Tierseuchenschutz Verordnung (<a href=\"https:\/\/www.gesetze-im-internet.de\/tierseuchschbmv\/BmTierSSchV.pdf\" target=\"_blank\" rel=\"noopener\">BmTierSSchV<\/a>) zertifiziert\u00a0<\/span>und damit f\u00fcr den Handel in EU zertifizierte Br\u00fctereien und das Ausland zugelassen.<\/em><\/div>\n<p><em>\u201eRobustpute \u2013 Entwicklung einer wirtschaftlichen \u00d6ko-Putenkreuzung f\u00fcr den direkt vermarktenden Landwirt\u201c war ein <a href=\"https:\/\/projekte.eip-nds.de\/tiergerechte-nutztierhaltung\/erzeugung-einer-robustpute-gebrauchskreuzung-fur-den-direktvermarkter\/\" target=\"_blank\" rel=\"noopener\">EIP-Projekt<\/a>, das 2019 &#8211; 2022 von der EU und dem Land Niedersachsen finanziert und vom Kompetenzzentrum \u00d6kolandbau Niedersachsen GmbH, Bahnhofstra\u00dfe 15 b in 27374 Visselh\u00f6vede, koordiniert wurde.<\/em><\/p>\n<p>&nbsp;<\/p>\n","protected":false},"excerpt":{"rendered":"<p>Gebrauchskreuzung | junge Z\u00fcchtung<\/p>\n<div>Die Robustputen sind kleine kr\u00e4ftige Tiere mit schwarz-wei\u00df gemustertem Gefieder. Auch ganz wei\u00dfe Tiere k\u00f6nnen auftreten.<\/div>\n<div>Z\u00fcchterin der Robustputen ist die Demeter-Landwirtin\u00a0<a href=\"https:\/\/www.heide-gefluegel.de\/#shop\" target=\"_blank\" rel=\"noopener\">Christine Bremer<\/a>.<\/div>\n<div><\/div>\n<div>Der Erhalt und die Z\u00fcchtung der Robustpute wird unterst\u00fctz durch den <a href=\"https:\/\/zukunftsstiftung-landwirtschaft.de\/wo-wir-aktiv-sind\/tierzuchtfonds\/\" target=\"_blank\" rel=\"noopener\">Tierzuchtfonds<\/a>.<\/p>\n<div><\/div>\n<\/div>\n<p>&nbsp;<\/p>\n<p>Zertifizierung:<\/p>\n<div id=\"tablepress-31-scroll-wrapper\" class=\"tablepress-scroll-wrapper\">\n<table id=\"tablepress-31\" class=\"tablepress tablepress-id-31 tablepress-responsive\">\n<thead>\n<tr class=\"row-1\">\n<th class=\"column-1\">Logo <\/th>\n<th class=\"column-2\">Zertifizierung <\/th>\n<th class=\"column-3\">Beschreibung <\/th>\n<\/tr>\n<\/thead>\n<tbody class=\"row-striping row-hover\">\n<tr class=\"row-2\">\n<td class=\"column-1\"><img decoding=\"async\" src=\"https:\/\/oekotierzucht.de\/wp-content\/uploads\/2025\/08\/EU_Organic_Logo_Colour_rgb-300x200.jpg\" alt=\"EU-Bio\" width=\"50\" height=\"50\" class=\"alignnone size-medium wp-image-13553\" \/><\/td>\n<td class=\"column-2\"><a href=\"https:\/\/www.oekolandbau.de\/bio-zertifizierung\/richtlinien-der-oeko-anbauverbaende\/eu-oeko-verordnung\/\" target=\"_blank\">EU-Bio <\/a><\/td>\n<td class=\"column-3\">Diese Bruteier sind EU-Bio zertifiziert. <br \/>\nDE-\u00d6KO-006<\/td>\n<\/tr>\n<tr class=\"row-3\">\n<td class=\"column-1\"><img decoding=\"async\" src=\"https:\/\/oekotierzucht.de\/wp-content\/uploads\/2025\/08\/Bioland-Markenzeichen-296x300.png\" alt=\"Bioland-Markenzeichen\" width=\"50\" height=\"50\" class=\"alignnone size-medium wp-image-13555\" srcset=\"https:\/\/oekotierzucht.de\/wp-content\/uploads\/2025\/08\/Bioland-Markenzeichen-296x300.png 296w, https:\/\/oekotierzucht.de\/wp-content\/uploads\/2025\/08\/Bioland-Markenzeichen-150x150.png 150w, https:\/\/oekotierzucht.de\/wp-content\/uploads\/2025\/08\/Bioland-Markenzeichen-12x12.png 12w, https:\/\/oekotierzucht.de\/wp-content\/uploads\/2025\/08\/Bioland-Markenzeichen-400x400.png 400w, https:\/\/oekotierzucht.de\/wp-content\/uploads\/2025\/08\/Bioland-Markenzeichen-100x100.png 100w, https:\/\/oekotierzucht.de\/wp-content\/uploads\/2025\/08\/Bioland-Markenzeichen.png 501w\" sizes=\"(max-width: 50px) 100vw, 50px\" \/><\/td>\n<td class=\"column-2\"><a href=\"https:\/\/www.bioland.de\/richtlinien\" target=\"_blank\">Verbandszertifizierung Bioland<\/a><\/td>\n<td class=\"column-3\">Diese Bruteier sind zertifiziert durch Bioland.<\/td>\n<\/tr>\n<tr class=\"row-4\">\n<td class=\"column-1\"><img decoding=\"async\" src=\"https:\/\/oekotierzucht.de\/wp-content\/uploads\/2025\/08\/logo_demeter_rgb-300x138.jpg\" alt=\"Demeter-Logo \" width=\"50\" height=\"50\" class=\"alignnone size-medium wp-image-13556\" srcset=\"https:\/\/oekotierzucht.de\/wp-content\/uploads\/2025\/08\/logo_demeter_rgb-150x150.jpg 150w, https:\/\/oekotierzucht.de\/wp-content\/uploads\/2025\/08\/logo_demeter_rgb-100x100.jpg 100w\" sizes=\"(max-width: 50px) 100vw, 50px\" \/><\/td>\n<td class=\"column-2\"><a href=\"https:\/\/www.demeter.de\/richtlinien-zertifizierung\" target=\"_blank\">Verbandszertifizierung Demeter<\/a><\/td>\n<td class=\"column-3\">Diese Bruteier sind zertifiziert durch Demeter.<\/td>\n<\/tr>\n<\/tbody>\n<\/table>\n<\/div>\n<p><!-- #tablepress-31 from cache --><\/p>\n<p>&nbsp;<\/p>\n<p>Versandort: Hof Heidegefl\u00fcgel |\u00a0<a href=\"https:\/\/www.heide-gefluegel.de\/#shop\" target=\"_blank\" rel=\"noopener\">Christine Bremer<\/a> | 29562 Suhlendorf<\/p>\n","protected":false},"featured_media":10687,"template":"","meta":[],"product_brand":[],"product_cat":[94],"product_tag":[91,106,195,196],"class_list":{"0":"post-10686","1":"product","2":"type-product","3":"status-publish","4":"has-post-thumbnail","6":"product_cat-bruteier","7":"product_tag-brutei","8":"product_tag-wilde-enten","9":"product_tag-enten","10":"product_tag-bio","11":"product_shipping_class-enten","12":"Bruteier","14":"first","15":"instock","16":"taxable","17":"shipping-taxable","18":"product-type-external"},"_links":{"self":[{"href":"https:\/\/oekotierzucht.de\/de\/wp-json\/wp\/v2\/product\/10686","targetHints":{"allow":["GET"]}}],"collection":[{"href":"https:\/\/oekotierzucht.de\/de\/wp-json\/wp\/v2\/product"}],"about":[{"href":"https:\/\/oekotierzucht.de\/de\/wp-json\/wp\/v2\/types\/product"}],"wp:featuredmedia":[{"embeddable":true,"href":"https:\/\/oekotierzucht.de\/de\/wp-json\/wp\/v2\/media\/10687"}],"wp:attachment":[{"href":"https:\/\/oekotierzucht.de\/de\/wp-json\/wp\/v2\/media?parent=10686"}],"wp:term":[{"taxonomy":"product_brand","embeddable":true,"href":"https:\/\/oekotierzucht.de\/de\/wp-json\/wp\/v2\/product_brand?post=10686"},{"taxonomy":"product_cat","embeddable":true,"href":"https:\/\/oekotierzucht.de\/de\/wp-json\/wp\/v2\/product_cat?post=10686"},{"taxonomy":"product_tag","embeddable":true,"href":"https:\/\/oekotierzucht.de\/de\/wp-json\/wp\/v2\/product_tag?post=10686"}],"curies":[{"name":"wp","href":"https:\/\/api.w.org\/{rel}","templated":true}]}}