{"id":10696,"date":"2025-01-27T22:29:58","date_gmt":"2025-01-27T21:29:58","guid":{"rendered":"https:\/\/oekotierzucht.de\/?post_type=product&#038;p=10696"},"modified":"2026-03-17T14:31:21","modified_gmt":"2026-03-17T13:31:21","slug":"brutei-bunte-huehner","status":"publish","type":"product","link":"https:\/\/oekotierzucht.de\/de\/produkt\/brutei-bunte-huehner\/","title":{"rendered":"Brutei &#8220;Bunte H\u00fchner&#8221;"},"content":{"rendered":"<h4>Bunte H\u00fchner-Bruteier<\/h4>\n<p>Die Bruteier werden\u00a0mit gr\u00f6\u00dfter Sorgfalt ausgew\u00e4hlt, sicher verpackt und dann direkt zu dir geliefert. So startest du mit den besten Voraussetzungen in die Brut.<\/p>\n<p>&nbsp;<\/p>\n<p><strong>Wichtige Hinweise:<\/strong><\/p>\n<ul>\n<li><strong>Pers\u00f6nliche Annahme:<\/strong> Stelle sicher, dass die Lieferung der Bruteier am Zustelltag pers\u00f6nlich angenommen wird, um sie vor Hitze oder K\u00e4lte zu sch\u00fctzen. Die Bruteier sind \u00e4u\u00dferst empfindlich.<\/li>\n<li><strong>Gut vorbereitet:<\/strong> Lade dir unbedingt das <a href=\"https:\/\/oekotierzucht.de\/wp-content\/uploads\/2024\/11\/20240716_OeTZ_Bruteijournal.pdf\"><strong>\u00d6TZ-Bruteijournal<\/strong><\/a> und den <a href=\"https:\/\/oekotierzucht.de\/produkt\/leitfaden-kuekenaufzucht\/\"><strong>\u00d6TZ-K\u00fckenleitfaden<\/strong><\/a> herunter. Diese Unterlagen bieten dir wertvolle Unterst\u00fctzung bei der Brut und der Aufzucht deiner K\u00fcken.<\/li>\n<\/ul>\n<p>&nbsp;<\/p>\n<p>Viel Erfolg und vor allem: jede Menge Freude mit deiner einzigartigen Bunte-H\u00fchner-Herde!<\/p>\n","protected":false},"excerpt":{"rendered":"<p>Gebrauchskreuzung |<a href=\"https:\/\/www.biokueken.de\/produkte\/\" target=\"_blank\" rel=\"noopener\"> junge Z\u00fcchtung<\/a> | Ursprungsrassen \u00d6TZ-Genetik und Triesdorfer Landh\u00fchner<\/p>\n<p>&nbsp;<\/p>\n<p>Das macht die Bunten H\u00fchner besonders:<\/p>\n<ul>\n<li>Einzigartiges Aussehen<\/li>\n<li>Ausgefallenen Frisuren<\/li>\n<li>Hennen legen sp\u00e4ter einmal Eier in verschiedenen hellbraun-T\u00f6nen<\/li>\n<li>H\u00e4hne haben einen guten Fleischansatz<\/li>\n<\/ul>\n<p>&nbsp;<\/p>\n<p>Zertifizierung:<\/p>\n<div id=\"tablepress-30-scroll-wrapper\" class=\"tablepress-scroll-wrapper\">\n<table id=\"tablepress-30\" class=\"tablepress tablepress-id-30 tablepress-responsive\">\n<thead>\n<tr class=\"row-1\">\n<th class=\"column-1\">Logo <\/th>\n<th class=\"column-2\">Zertifizierung <\/th>\n<th class=\"column-3\">Beschreibung <\/th>\n<\/tr>\n<\/thead>\n<tbody class=\"row-striping row-hover\">\n<tr class=\"row-2\">\n<td class=\"column-1\"><img decoding=\"async\" src=\"https:\/\/oekotierzucht.de\/wp-content\/uploads\/2025\/08\/EU_Organic_Logo_Colour_rgb-300x200.jpg\" alt=\"EU-Bio\" width=\"50\" height=\"50\" class=\"alignnone size-medium wp-image-13553\" \/><\/td>\n<td class=\"column-2\"><a href=\"https:\/\/www.oekolandbau.de\/bio-zertifizierung\/richtlinien-der-oeko-anbauverbaende\/eu-oeko-verordnung\/\" target=\"_blank\">EU-Bio <\/a><\/td>\n<td class=\"column-3\">Diese Bruteier sind EU-Bio zertifiziert. <br \/>\nDE-\u00d6KO-006<\/td>\n<\/tr>\n<tr class=\"row-3\">\n<td class=\"column-1\"><img decoding=\"async\" src=\"https:\/\/oekotierzucht.de\/wp-content\/uploads\/2025\/08\/Bioland-Markenzeichen-296x300.png\" alt=\"Bioland-Markenzeichen\" width=\"50\" height=\"50\" class=\"alignnone size-medium wp-image-13555\" srcset=\"https:\/\/oekotierzucht.de\/wp-content\/uploads\/2025\/08\/Bioland-Markenzeichen-296x300.png 296w, https:\/\/oekotierzucht.de\/wp-content\/uploads\/2025\/08\/Bioland-Markenzeichen-150x150.png 150w, https:\/\/oekotierzucht.de\/wp-content\/uploads\/2025\/08\/Bioland-Markenzeichen-12x12.png 12w, https:\/\/oekotierzucht.de\/wp-content\/uploads\/2025\/08\/Bioland-Markenzeichen-400x400.png 400w, https:\/\/oekotierzucht.de\/wp-content\/uploads\/2025\/08\/Bioland-Markenzeichen-100x100.png 100w, https:\/\/oekotierzucht.de\/wp-content\/uploads\/2025\/08\/Bioland-Markenzeichen.png 501w\" sizes=\"(max-width: 50px) 100vw, 50px\" \/><\/td>\n<td class=\"column-2\"><a href=\"https:\/\/www.bioland.de\/richtlinien\" target=\"_blank\">Verbandszertifizierung Bioland<\/a><\/td>\n<td class=\"column-3\">Diese Bruteier sind zertifiziert durch Bioland.<\/td>\n<\/tr>\n<\/tbody>\n<\/table>\n<\/div>\n<p><!-- #tablepress-30 from cache --><\/p>\n<p>&nbsp;<\/p>\n<p>Versandort: <a href=\"https:\/\/www.biokueken.de\/\">Dorn &amp; Schmidt GbR <\/a>| 37214 Witzenhausen<\/p>\n<p>Versand erfolgt idR. mittwochs<\/p>\n<p>Mindestbestellmenge: 15 St\u00fcck<\/p>\n","protected":false},"featured_media":10698,"template":"","meta":[],"product_brand":[],"product_cat":[94],"product_tag":[91,92,109],"class_list":{"0":"post-10696","1":"product","2":"type-product","3":"status-publish","4":"has-post-thumbnail","6":"product_cat-bruteier","7":"product_tag-brutei","8":"product_tag-zweinutzungshuhn","9":"product_tag-triesdorfer-landhuhn","10":"product_shipping_class-bunte-huehner","11":"Bruteier","13":"first","14":"outofstock","15":"taxable","16":"shipping-taxable","17":"product-type-simple"},"_links":{"self":[{"href":"https:\/\/oekotierzucht.de\/de\/wp-json\/wp\/v2\/product\/10696","targetHints":{"allow":["GET"]}}],"collection":[{"href":"https:\/\/oekotierzucht.de\/de\/wp-json\/wp\/v2\/product"}],"about":[{"href":"https:\/\/oekotierzucht.de\/de\/wp-json\/wp\/v2\/types\/product"}],"wp:featuredmedia":[{"embeddable":true,"href":"https:\/\/oekotierzucht.de\/de\/wp-json\/wp\/v2\/media\/10698"}],"wp:attachment":[{"href":"https:\/\/oekotierzucht.de\/de\/wp-json\/wp\/v2\/media?parent=10696"}],"wp:term":[{"taxonomy":"product_brand","embeddable":true,"href":"https:\/\/oekotierzucht.de\/de\/wp-json\/wp\/v2\/product_brand?post=10696"},{"taxonomy":"product_cat","embeddable":true,"href":"https:\/\/oekotierzucht.de\/de\/wp-json\/wp\/v2\/product_cat?post=10696"},{"taxonomy":"product_tag","embeddable":true,"href":"https:\/\/oekotierzucht.de\/de\/wp-json\/wp\/v2\/product_tag?post=10696"}],"curies":[{"name":"wp","href":"https:\/\/api.w.org\/{rel}","templated":true}]}}