{"id":10849,"date":"2025-02-04T10:30:13","date_gmt":"2025-02-04T09:30:13","guid":{"rendered":"https:\/\/oekotierzucht.de\/?post_type=product&#038;p=10849"},"modified":"2026-02-17T08:10:56","modified_gmt":"2026-02-17T07:10:56","slug":"gesamtbetriebliches-haltungskonzept","status":"publish","type":"product","link":"https:\/\/oekotierzucht.de\/de\/produkt\/gesamtbetriebliches-haltungskonzept\/","title":{"rendered":"Gesamtbetriebliches Haltungskonzept"},"content":{"rendered":"<h4>Gesamtbetriebliches Haltungskonzept<\/h4>\n<p>Herausgeber: <a href=\"https:\/\/www.ble-medienservice.de\/\" target=\"_blank\" rel=\"noopener\">BLE<\/a><\/p>\n<p>&nbsp;<\/p>\n<p>Eine Brosch\u00fcre, die \u00fcber moderne Methoden einer zukunftsorientierten Junghennenaufzucht informiert.<br \/>\nUnter anderem werden Haltungsbedingungen und Managementfaktoren vorgestellt, die das arteigene Verhalten von K\u00fcken und Junghennen ber\u00fccksichtigen und das Wohlbefinden sowie die Tiergesundheit, bei gleichzeitig optimalen biologischen Leistungen, f\u00f6rdern k\u00f6nnen.<\/p>\n<p>&nbsp;<\/p>\n<p>Produktinformationen<br \/>\nDie Landwirtschaft arbeitet intensiv daran, die Haltungsbedingungen f\u00fcr Nutztiere kontinuierlich zu verbessern. Auch im Gefl\u00fcgelbereich wird intensiv der Frage nachgegangen, wie das arteigene Verhalten der Tiere in der Haltung st\u00e4rker ber\u00fccksichtigt werden kann. Dabei m\u00fcssen neben den aus tierschutzrechtlichen Belangen folgenden Konsequenzen auch die Forderungen aus dem Umwelt- und Ressourcenschutz sinnvoll in zukunftsf\u00e4hige Haltungssysteme integriert werden.<\/p>\n<p>Die Junghennenaufzucht nimmt in der Gefl\u00fcgelwirtschaft, als Zwischenstufe im Produktionsprozess der Konsumeigewinnung, eine gewisse Sonderstellung ein. Die Anforderungen an die Legehennenhaltung nehmen stetig zu. Entsprechend muss auch die Haltungsumwelt der Junghennen weiterentwickelt werden, die nach einer etwa 17-w\u00f6chigen Aufzucht in Legehennenst\u00e4lle eingestallt werden.<\/p>\n<p>Diese Brosch\u00fcre richtet sich an Interessierte aus Praxis, Beratung, Wirtschaft, Wissenschaft und Politik, die sich n\u00e4her mit modernen Methoden einer zukunftsorientierten Junghennenaufzucht besch\u00e4ftigen m\u00f6chten. Sie zeigt auf, unter welchen Haltungsbedingungen und Managementfaktoren K\u00fcken und Junghennen ihre arteigenen Verhaltensweisen aus\u00fcben und gleichzeitig mit optimalen biologischen Leistungen aufgezogen werden k\u00f6nnen. Ausgehend von den Bed\u00fcrfnissen der Tiere wurden Stallmodelle erarbeitet, die das Wohlbefinden sowie die Gesundheit der Tiere gew\u00e4hrleisten und gleichzeitig die biologischen Leistungen der Tiere optimieren.<\/p>\n<p>&nbsp;<\/p>\n<p>Die Brosch\u00fcre wurde von der Arbeitsgruppe \u201eGesamtbetriebliches Haltungskonzept Gefl\u00fcgel\u201c erstellt. Das interdisziplin\u00e4re Team besteht aus bundesweit agierenden Fachleuten auf dem Gebiet der Junghennenaufzucht der Landwirtschaftskammern, Landesanstalten und Landes\u00e4mter, Versuchsanstalten sowie des Kuratoriums f\u00fcr Technik und Bauwesen in der Landwirtschaft e.V. (KTBL), der Deutschen Landwirtschafts-Gesellschaft e.V. (DLG), der Hochschule f\u00fcr Technik und Wirtschaft Dresden, der Stiftung Tier\u00e4rztliche Hochschule Hannover, der Hochschule f\u00fcr Wirtschaft und Umwelt N\u00fcrtingen-Geislingen und der Th\u00fcringer Tierseuchenkasse.<\/p>\n<p>Bestell-Nr. 0341<br \/>\nMedium: Brosch\u00fcre<br \/>\nFormat: DIN A4 (21\u00d729,7cm)<br \/>\nUmfang: 92 Seiten<br \/>\nAuflage: Erstauflage<br \/>\nErscheinungsjahr: 2021<\/p>\n<p>&nbsp;<\/p>\n<p>Redakteur\/in: Babette Breuer, Elisabeth Roesicke<\/p>\n<p>Autor\/in: Christine Ahlers, Neele Ahlers, J\u00f6rg B\u00f6hmfeld, Klaus Damme, Christina Gaio, Peter Hiller, Bernd K\u00e4stner, Christiane Keppler, J\u00f6rn Menning, Antonia Nette, Silke Schierhold, Ruben Schreiter, Sophia Schulze-Geisth\u00f6vel, Svea Sievers, Birgit Spindler, Gertrud Werner<\/p>\n","protected":false},"excerpt":{"rendered":"<p>Gesamtbetriebliches Haltungskonzept<br \/>\nHerausgeber: <a href=\"https:\/\/www.ble-medienservice.de\/\" target=\"_blank\" rel=\"noopener\">BLE<\/a><br \/>\nHilfreicher Leitfaden<br \/>\nGr\u00f6\u00dfe A4 | 92 Seiten<br \/>\nErscheinungsjahr 2021<\/p>\n","protected":false},"featured_media":10850,"template":"","meta":[],"product_brand":[],"product_cat":[96],"product_tag":[139,136,137,138],"class_list":{"0":"post-10849","1":"product","2":"type-product","3":"status-publish","4":"has-post-thumbnail","6":"product_cat-managementtools","7":"product_tag-kuekenaufzucht","8":"product_tag-leitfaden","9":"product_tag-managementhilfen","10":"product_tag-huehnerhaltung","11":"product_shipping_class-managementtools","12":"Managementtools","14":"first","15":"instock","16":"sold-individually","17":"taxable","18":"shipping-taxable","19":"purchasable","20":"product-type-simple"},"_links":{"self":[{"href":"https:\/\/oekotierzucht.de\/de\/wp-json\/wp\/v2\/product\/10849","targetHints":{"allow":["GET"]}}],"collection":[{"href":"https:\/\/oekotierzucht.de\/de\/wp-json\/wp\/v2\/product"}],"about":[{"href":"https:\/\/oekotierzucht.de\/de\/wp-json\/wp\/v2\/types\/product"}],"wp:featuredmedia":[{"embeddable":true,"href":"https:\/\/oekotierzucht.de\/de\/wp-json\/wp\/v2\/media\/10850"}],"wp:attachment":[{"href":"https:\/\/oekotierzucht.de\/de\/wp-json\/wp\/v2\/media?parent=10849"}],"wp:term":[{"taxonomy":"product_brand","embeddable":true,"href":"https:\/\/oekotierzucht.de\/de\/wp-json\/wp\/v2\/product_brand?post=10849"},{"taxonomy":"product_cat","embeddable":true,"href":"https:\/\/oekotierzucht.de\/de\/wp-json\/wp\/v2\/product_cat?post=10849"},{"taxonomy":"product_tag","embeddable":true,"href":"https:\/\/oekotierzucht.de\/de\/wp-json\/wp\/v2\/product_tag?post=10849"}],"curies":[{"name":"wp","href":"https:\/\/api.w.org\/{rel}","templated":true}]}}