{"id":11214,"date":"2025-02-26T13:44:18","date_gmt":"2025-02-26T12:44:18","guid":{"rendered":"https:\/\/oekotierzucht.de\/?post_type=product&#038;p=11214"},"modified":"2025-04-03T10:35:59","modified_gmt":"2025-04-03T08:35:59","slug":"flyer-das-gelbe-vom-ei","status":"publish","type":"product","link":"https:\/\/oekotierzucht.de\/de\/produkt\/flyer-das-gelbe-vom-ei\/","title":{"rendered":"Flyer &#8220;Das Gelbe vom Ei&#8221;"},"content":{"rendered":"<h4>Flyer &#8220;Das Gelbe vom Ei&#8221; &#8211; Wissen &amp; Genuss rund um Zweinutzungsh\u00fchner<\/h4>\n<p data-start=\"154\" data-end=\"356\">Dieser Flyer\u00a0mit dem \u00d6TZ-Produktsiegel informiert Kund:innen \u00fcber die Besonderheiten von Zweinutzungsh\u00fchnern<\/p>\n<ul>\n<li data-start=\"358\" data-end=\"1092\">Anschauliche Information: Im Innenteil zeigt das Schaubild \u201eDie goldene Mitte\u201c das Konzept der Zweinutzungsh\u00fchner und wird durch einen Begleittext erg\u00e4nzt<\/li>\n<li data-start=\"358\" data-end=\"1092\">Genussvolle Inspiration: Eine einfache Zubereitungsempfehlung macht Lust, das Fleisch des Zweinutzungshuhns zu probieren<\/li>\n<li data-start=\"358\" data-end=\"1092\">Mitmachspa\u00df f\u00fcr die Kleinen: Leicht zug\u00e4ngliche Infos \u00fcber H\u00fchner, ein R\u00e4tsel und ein Ausmalbild wecken spielerisch das Interesse an H\u00fchnern<\/li>\n<li data-start=\"358\" data-end=\"1092\">Kurz &amp; Knapp: Die \u201eShort Story\u201c auf der R\u00fcckseite fasst die wichtigsten Aspekte kompakt zusammen<\/li>\n<li>Pers\u00f6nliche Note: Auf dem Titelbild ist Platz f\u00fcr deinen Hof- oder Ladenstempel<\/li>\n<\/ul>\n<p>&nbsp;<\/p>\n<p>Nur mit g\u00fcltigem Produktsiegel-Nutzungsvertrag erh\u00e4ltlich<\/p>\n<p style=\"text-align: right;\">\n","protected":false},"excerpt":{"rendered":"<p>Flyer zur Kundenkommunikation &#8220;Das Gelbe vom Ei&#8221;<\/p>\n<p>Gr\u00f6\u00dfe A5\u00a0 | Kreuzbruchfalz | 4-farbig | Papier 135g Recycling-Premiumwei\u00df<\/p>\n<p>&nbsp;<\/p>\n<p><strong>Nur mit g\u00fcltigem Produktsiegel-Nutzungsvertrag erh\u00e4ltlich<\/strong><\/p>\n","protected":false},"featured_media":11218,"template":"","meta":[],"product_brand":[],"product_cat":[97],"product_tag":[144,145,140,141,142,143],"class_list":{"0":"post-11214","1":"product","2":"type-product","3":"status-publish","4":"has-post-thumbnail","6":"product_cat-werbematerialien","7":"product_tag-aufkleber","8":"product_tag-produktsiegel","9":"product_tag-werbung","10":"product_tag-vermarktung","11":"product_tag-produkte-vom-zweinutzungshuhn","12":"product_tag-marketing","13":"product_shipping_class-werbematerial","14":"Werbematerialien","16":"first","17":"instock","18":"sold-individually","19":"taxable","20":"shipping-taxable","21":"product-type-variable"},"_links":{"self":[{"href":"https:\/\/oekotierzucht.de\/de\/wp-json\/wp\/v2\/product\/11214","targetHints":{"allow":["GET"]}}],"collection":[{"href":"https:\/\/oekotierzucht.de\/de\/wp-json\/wp\/v2\/product"}],"about":[{"href":"https:\/\/oekotierzucht.de\/de\/wp-json\/wp\/v2\/types\/product"}],"wp:featuredmedia":[{"embeddable":true,"href":"https:\/\/oekotierzucht.de\/de\/wp-json\/wp\/v2\/media\/11218"}],"wp:attachment":[{"href":"https:\/\/oekotierzucht.de\/de\/wp-json\/wp\/v2\/media?parent=11214"}],"wp:term":[{"taxonomy":"product_brand","embeddable":true,"href":"https:\/\/oekotierzucht.de\/de\/wp-json\/wp\/v2\/product_brand?post=11214"},{"taxonomy":"product_cat","embeddable":true,"href":"https:\/\/oekotierzucht.de\/de\/wp-json\/wp\/v2\/product_cat?post=11214"},{"taxonomy":"product_tag","embeddable":true,"href":"https:\/\/oekotierzucht.de\/de\/wp-json\/wp\/v2\/product_tag?post=11214"}],"curies":[{"name":"wp","href":"https:\/\/api.w.org\/{rel}","templated":true}]}}