{"id":11238,"date":"2025-02-27T11:48:01","date_gmt":"2025-02-27T10:48:01","guid":{"rendered":"https:\/\/oekotierzucht.de\/?post_type=product&#038;p=11238"},"modified":"2025-12-17T08:53:21","modified_gmt":"2025-12-17T07:53:21","slug":"plakat-das-gelbe-vom-ei","status":"publish","type":"product","link":"https:\/\/oekotierzucht.de\/de\/produkt\/plakat-das-gelbe-vom-ei\/","title":{"rendered":"Plakatset &#8220;Das Gelbe vom Ei&#8221;"},"content":{"rendered":"<h4>Plakatset &#8220;Das Gelbe vom Ei&#8221;<\/h4>\n<p data-start=\"128\" data-end=\"267\">Unter der \u00dcberschrift &#8220;Das Gelbe vom Ei&#8221; werden die Vorz\u00fcge der Zweinutzungsh\u00fchner und ihrer Produkte kundenfreundlich erkl\u00e4rt. Das Set enth\u00e4lt:<\/p>\n<ul>\n<li data-start=\"269\" data-end=\"323\">2 Plakate in A1 mit Stempeloptik<\/li>\n<li data-start=\"324\" data-end=\"401\">2 Plakate in A3 mit \u00d6TZ-Zweinutzungsh\u00fchner auf der Weide im Hintergrund<\/li>\n<\/ul>\n<p>Die Plakate k\u00f6nnen ideal erg\u00e4nzt werden durch:<\/p>\n<ul>\n<li data-start=\"555\" data-end=\"750\">Den <a href=\"https:\/\/oekotierzucht.de\/produkt\/flyer-das-gelbe-vom-ei\/\" target=\"_blank\" rel=\"noopener\">Flyer <\/a>\u201eDas Gelbe vom Ei\u201c<\/li>\n<li data-start=\"555\" data-end=\"750\">Das <a href=\"https:\/\/oekotierzucht.de\/produkt\/aufkleber-oetz-produktsiegel\/\" target=\"_blank\" rel=\"noopener\">\u00d6TZ-Produktsiegel als Aufkleber<\/a> f\u00fcr Produkte<\/li>\n<li data-start=\"555\" data-end=\"750\">Das Bekenner-Hoftorschild \u201eWir halten Zweinutzungsh\u00fchner\u201c<\/li>\n<\/ul>\n<p>&nbsp;<\/p>\n<p>Die Plakate sind nur mit g\u00fcltigem Produktsiegel-Nutzungsvertrag erh\u00e4ltlich.<\/p>\n<p>&nbsp;<\/p>\n<p style=\"text-align: right;\">\n","protected":false},"excerpt":{"rendered":"<p>Plakatset &#8220;Das Gelbe vom Ei&#8221;<\/p>\n<p>2x A1 und 2x A3 | 4x farbig | Recycling-Premiumwei\u00df 100 g\/m\u00b2<\/p>\n<p>&nbsp;<\/p>\n<p><strong>Nur mit g\u00fcltigem Produktsiegel-Nutzungsvertrag erh\u00e4ltlich!<\/strong><\/p>\n<p>&nbsp;<\/p>\n<h4><\/h4>\n","protected":false},"featured_media":11239,"template":"","meta":[],"product_brand":[],"product_cat":[97],"product_tag":[140,141,142,143,144,145],"class_list":{"0":"post-11238","1":"product","2":"type-product","3":"status-publish","4":"has-post-thumbnail","6":"product_cat-werbematerialien","7":"product_tag-werbung","8":"product_tag-vermarktung","9":"product_tag-produkte-vom-zweinutzungshuhn","10":"product_tag-marketing","11":"product_tag-aufkleber","12":"product_tag-produktsiegel","13":"product_shipping_class-werbematerial","14":"Werbematerialien","16":"first","17":"instock","18":"taxable","19":"shipping-taxable","20":"product-type-simple"},"_links":{"self":[{"href":"https:\/\/oekotierzucht.de\/de\/wp-json\/wp\/v2\/product\/11238","targetHints":{"allow":["GET"]}}],"collection":[{"href":"https:\/\/oekotierzucht.de\/de\/wp-json\/wp\/v2\/product"}],"about":[{"href":"https:\/\/oekotierzucht.de\/de\/wp-json\/wp\/v2\/types\/product"}],"wp:featuredmedia":[{"embeddable":true,"href":"https:\/\/oekotierzucht.de\/de\/wp-json\/wp\/v2\/media\/11239"}],"wp:attachment":[{"href":"https:\/\/oekotierzucht.de\/de\/wp-json\/wp\/v2\/media?parent=11238"}],"wp:term":[{"taxonomy":"product_brand","embeddable":true,"href":"https:\/\/oekotierzucht.de\/de\/wp-json\/wp\/v2\/product_brand?post=11238"},{"taxonomy":"product_cat","embeddable":true,"href":"https:\/\/oekotierzucht.de\/de\/wp-json\/wp\/v2\/product_cat?post=11238"},{"taxonomy":"product_tag","embeddable":true,"href":"https:\/\/oekotierzucht.de\/de\/wp-json\/wp\/v2\/product_tag?post=11238"}],"curies":[{"name":"wp","href":"https:\/\/api.w.org\/{rel}","templated":true}]}}