{"id":11241,"date":"2025-02-27T13:06:54","date_gmt":"2025-02-27T12:06:54","guid":{"rendered":"https:\/\/oekotierzucht.de\/?post_type=product&#038;p=11241"},"modified":"2025-05-15T15:21:39","modified_gmt":"2025-05-15T13:21:39","slug":"bekennerschild-zweinutzungshuehner","status":"publish","type":"product","link":"https:\/\/oekotierzucht.de\/de\/produkt\/bekennerschild-zweinutzungshuehner\/","title":{"rendered":"Bekennerschild &#8220;Wir halten Zweinutzungsh\u00fchner&#8221;"},"content":{"rendered":"<h4>Bekennerschild &#8220;Wir halten Zweinutzungsh\u00fchner&#8221;<\/h4>\n<p data-start=\"128\" data-end=\"267\">Mit diesem wetterfesten <strong data-start=\"192\" data-end=\"223\">Schild (30 x 30 cm)<\/strong> zeigst du direkt am Hoftor, im Hofladen oder am H\u00fchnerstall, dass du auf eine verantwortungsvolle Haltung von Zweinutzungsh\u00fchnern setzt. So erfahren Besucher auf den ersten Blick, was deine H\u00fchnerhaltung und deren Produkte besonders macht.<\/p>\n<p data-start=\"128\" data-end=\"267\">Das Schild ist aus langlebigen und robusten Alu-Dibond Material und kann durch seine 4 Lochbohrungen in den Ecken ganz einfach befestigt werden.<\/p>\n<p>Das Bekennerschild kann ideal erg\u00e4nzt werden durch:<\/p>\n<ul>\n<li data-start=\"555\" data-end=\"750\">Den <a href=\"https:\/\/oekotierzucht.de\/produkt\/flyer-das-gelbe-vom-ei\/\" target=\"_blank\" rel=\"nofollow noopener\">Flyer <\/a>\u201eDas Gelbe vom Ei\u201c<\/li>\n<li data-start=\"555\" data-end=\"750\">Das <a href=\"https:\/\/oekotierzucht.de\/produkt\/aufkleber-oetz-produktsiegel\/\" target=\"_blank\" rel=\"noopener\">\u00d6TZ-Produktsiegel als Aufkleber<\/a> f\u00fcr Produkte<\/li>\n<li data-start=\"555\" data-end=\"750\">Das <a href=\"https:\/\/oekotierzucht.de\/produkt\/plakat-das-gelbe-vom-ei\/\" target=\"_blank\" rel=\"noopener\">Plakatset \u201eDas Gelbe vom Ei\u201c<\/a><\/li>\n<\/ul>\n<p>&nbsp;<\/p>\n<p>Das Bekenner-Schild ist nur mit g\u00fcltigem Produktsiegel-Nutzungsvertrag erh\u00e4ltlich.<\/p>\n<p>&nbsp;<\/p>\n<p style=\"text-align: right;\">\n","protected":false},"excerpt":{"rendered":"<p>Bekennerschild &#8220;Wir halten Zweinutzungsh\u00fchner&#8221;<\/p>\n<p data-start=\"128\" data-end=\"267\">Wetterfestes Alu-Dibond-Schild (30 x 30 cm) mit 4 Lochbohrungen in den Ecken<\/p>\n<p>&nbsp;<\/p>\n<p>Nur mit g\u00fcltigem Produktsiegel-Nutzungsvertrag erh\u00e4ltlich<\/p>\n<p>&nbsp;<\/p>\n<h4><\/h4>\n","protected":false},"featured_media":11242,"template":"","meta":[],"product_brand":[],"product_cat":[97],"product_tag":[140,141,142,143,144,145],"class_list":{"0":"post-11241","1":"product","2":"type-product","3":"status-publish","4":"has-post-thumbnail","6":"product_cat-werbematerialien","7":"product_tag-werbung","8":"product_tag-vermarktung","9":"product_tag-produkte-vom-zweinutzungshuhn","10":"product_tag-marketing","11":"product_tag-aufkleber","12":"product_tag-produktsiegel","13":"product_shipping_class-werbematerial","14":"Werbematerialien","16":"first","17":"instock","18":"taxable","19":"shipping-taxable","20":"product-type-simple"},"_links":{"self":[{"href":"https:\/\/oekotierzucht.de\/de\/wp-json\/wp\/v2\/product\/11241","targetHints":{"allow":["GET"]}}],"collection":[{"href":"https:\/\/oekotierzucht.de\/de\/wp-json\/wp\/v2\/product"}],"about":[{"href":"https:\/\/oekotierzucht.de\/de\/wp-json\/wp\/v2\/types\/product"}],"wp:featuredmedia":[{"embeddable":true,"href":"https:\/\/oekotierzucht.de\/de\/wp-json\/wp\/v2\/media\/11242"}],"wp:attachment":[{"href":"https:\/\/oekotierzucht.de\/de\/wp-json\/wp\/v2\/media?parent=11241"}],"wp:term":[{"taxonomy":"product_brand","embeddable":true,"href":"https:\/\/oekotierzucht.de\/de\/wp-json\/wp\/v2\/product_brand?post=11241"},{"taxonomy":"product_cat","embeddable":true,"href":"https:\/\/oekotierzucht.de\/de\/wp-json\/wp\/v2\/product_cat?post=11241"},{"taxonomy":"product_tag","embeddable":true,"href":"https:\/\/oekotierzucht.de\/de\/wp-json\/wp\/v2\/product_tag?post=11241"}],"curies":[{"name":"wp","href":"https:\/\/api.w.org\/{rel}","templated":true}]}}