{"id":13592,"date":"2025-08-28T14:04:51","date_gmt":"2025-08-28T12:04:51","guid":{"rendered":"https:\/\/oekotierzucht.de\/?post_type=product&#038;p=13592"},"modified":"2026-04-09T11:44:20","modified_gmt":"2026-04-09T09:44:20","slug":"regiohuhn-steireregg","status":"publish","type":"product","link":"https:\/\/oekotierzucht.de\/de\/produkt\/regiohuhn-steireregg\/","title":{"rendered":"Brutei RegioHuhn SteirerEgg"},"content":{"rendered":"<h3 class=\"el-title uk-margin-top uk-margin-remove-bottom\"><strong>RegioHuhn SteirerEgg &#8211; Bruteier aus dem RegioHuhn Projekt<\/strong><\/h3>\n<p>Unsere RegioHuhn SteirerEgg-Bruteier werden mit gr\u00f6\u00dfter Sorgfalt ausgew\u00e4hlt, sicher verpackt und dann\u00a0direkt\u00a0zu dir geliefert. So startest du mit\u00a0den\u00a0besten Voraussetzungen in die Brut.<\/p>\n<p>&nbsp;<\/p>\n<p><strong>Wichtige Hinweise:<\/strong><\/p>\n<ul>\n<li>Stelle sicher, dass die Lieferung der Bruteier am Zustelltag pers\u00f6nlich angenommen wird, um sie vor Hitze oder K\u00e4lte zu sch\u00fctzen. Die Eier sind \u00e4u\u00dferst empfindlich.<\/li>\n<li>Lade dir unbedingt das <a href=\"https:\/\/oekotierzucht.de\/wp-content\/uploads\/2024\/11\/20240716_OeTZ_Bruteijournal.pdf\" target=\"_blank\" rel=\"noopener\"><strong>\u00d6TZ-Bruteijournal<\/strong><\/a> und den <a href=\"https:\/\/oekotierzucht.de\/produkt\/leitfaden-kuekenaufzucht\/\" target=\"_blank\" rel=\"noopener\"><strong>\u00d6TZ-K\u00fckenleitfaden<\/strong><\/a> herunter. Diese Unterlagen bieten dir wertvolle Unterst\u00fctzung bei der Brut und der Aufzucht deiner K\u00fcken.<\/li>\n<\/ul>\n<p>&nbsp;<\/p>\n<p>Viel Erfolg bei der Brut und vor allem: Viel Freude mit deiner RegioHuhn SteirerEgg-Herde aus dem <a href=\"https:\/\/www.naturland.de\/de\/erzeuger\/praxisforschung\/regiohuhn.html\" target=\"_blank\" rel=\"noopener\">RegioHuhn-Projekt<\/a>.<\/p>\n<p>&nbsp;<\/p>\n<p>Die \u00d6TZ kooperiert mit dem Projekt RegioHuhn und bietet ab 03|2026 Bruteier aus diesem Projekt an. Diese Zusammenarbeit beschr\u00e4nkt sich ausschlie\u00dflich auf den Vertrieb der Bruteier &#8211; nicht jedoch die Z\u00fcchtung oder Zuchtstrategie.<\/p>\n<p>&nbsp;<\/p>\n<p>Das vom Bundesprogramm \u00d6kologischer Landbau (B\u00d6L) gef\u00f6rderte Projekt \u201eRegioHuhn\u201c verfolgt das Ziel, regionale Rassen mit modernen Wirtschaftsh\u00fchnern zu kreuzen. So sollen die Robustheit und regionale Anpassung alter Rassen mit der Leistungsf\u00e4higkeit moderner Zuchtlinien kombiniert werden. <a href=\"https:\/\/www.naturland.de\/de\/erzeuger\/praxisforschung\/regiohuhn.html\" target=\"_blank\" rel=\"noopener\">Mehr zum RegioHuhn Projekt erf\u00e4hrst du hier.\u00a0<\/a><\/p>\n","protected":false},"excerpt":{"rendered":"<p>Das RegioHuhn SteirerEgg ist ein legebetontes Zweinutzungshuhn, das aus der Kreuzung von Altsteirer und einer Legelinie entsteht.<\/p>\n<p><strong>Das macht die SteirerEgg besonders:\u00a0<\/strong><\/p>\n<ul>\n<li>Erhaltung regionale Rasse<\/li>\n<li>Aktivit\u00e4t der Altsteirer<\/li>\n<li>Legebetont<\/li>\n<li>Hohe Bewegungsfreude<\/li>\n<\/ul>\n<p><a href=\"https:\/\/www.naturland.de\/images\/02_erzeuger\/documents\/RegioHuhn_Steckbrief_ALTxWR.pdf\" target=\"_blank\" rel=\"noopener\">Ausf\u00fchrliche Tierbeschreibung und Leistungsdaten<\/a><\/p>\n<p>&nbsp;<\/p>\n<p>&nbsp;<\/p>\n<div id=\"tablepress-35-scroll-wrapper\" class=\"tablepress-scroll-wrapper\">\n<table id=\"tablepress-35\" class=\"tablepress tablepress-id-35 tablepress-responsive\">\n<thead>\n<tr class=\"row-1\">\n<th class=\"column-1\">Logo <\/th>\n<th class=\"column-2\">Zertifizierung <\/th>\n<th class=\"column-3\">Beschreibung <\/th>\n<\/tr>\n<\/thead>\n<tbody class=\"row-striping row-hover\">\n<tr class=\"row-2\">\n<td class=\"column-1\"><img decoding=\"async\" src=\"https:\/\/oekotierzucht.de\/wp-content\/uploads\/2025\/08\/Logo_Regio_Huhn_Gruen.jpg\"alt=\"Logo_Regio_Huhn_Gruen\" width=\"50\" height=\"50\" class=\"alignnone size-medium wp-image-13555\" \/><\/td>\n<td class=\"column-2\"><a href=\"https:\/\/www.naturland.de\/de\/erzeuger\/praxisforschung\/regiohuhn.html?highlight=WyJyZWdpb2h1aG4iLCJyZWdpb2hcdTAwZmNobmVybiIsInJlZ2lvaFx1MDBmY2huZXIiXQ==\" target=\"_blank\">RegioHuhn <\/a><\/td>\n<td class=\"column-3\">Diese Bruteier stammen aus dem RegioHuhn Projekt <\/td>\n<\/tr>\n<\/tbody>\n<\/table>\n<\/div>\n<p><!-- #tablepress-35 from cache --><\/p>\n<p>&nbsp;<\/p>\n<p>&nbsp;<\/p>\n<p>Versandort: <a href=\"https:\/\/www.hs-osnabrueck.de\/forschung\/recherche\/laboreinrichtungen-und-versuchsbetriebe\/landwirtschaftliche-versuchsbetriebe\/#c12434\" target=\"_blank\" rel=\"noopener\">Waldhof | 49134 Wallenhorst<\/a><\/p>\n<p>Mindestbestellmenge: 20<\/p>\n","protected":false},"featured_media":14975,"template":"","meta":[],"product_brand":[],"product_cat":[94],"product_tag":[217],"class_list":{"0":"post-13592","1":"product","2":"type-product","3":"status-publish","4":"has-post-thumbnail","6":"product_cat-bruteier","7":"product_tag-regiohuhn-projekt","8":"product_shipping_class-regiohuehner-ab-uni","9":"Bruteier","11":"first","12":"instock","13":"taxable","14":"shipping-taxable","15":"product-type-simple"},"_links":{"self":[{"href":"https:\/\/oekotierzucht.de\/de\/wp-json\/wp\/v2\/product\/13592","targetHints":{"allow":["GET"]}}],"collection":[{"href":"https:\/\/oekotierzucht.de\/de\/wp-json\/wp\/v2\/product"}],"about":[{"href":"https:\/\/oekotierzucht.de\/de\/wp-json\/wp\/v2\/types\/product"}],"wp:featuredmedia":[{"embeddable":true,"href":"https:\/\/oekotierzucht.de\/de\/wp-json\/wp\/v2\/media\/14975"}],"wp:attachment":[{"href":"https:\/\/oekotierzucht.de\/de\/wp-json\/wp\/v2\/media?parent=13592"}],"wp:term":[{"taxonomy":"product_brand","embeddable":true,"href":"https:\/\/oekotierzucht.de\/de\/wp-json\/wp\/v2\/product_brand?post=13592"},{"taxonomy":"product_cat","embeddable":true,"href":"https:\/\/oekotierzucht.de\/de\/wp-json\/wp\/v2\/product_cat?post=13592"},{"taxonomy":"product_tag","embeddable":true,"href":"https:\/\/oekotierzucht.de\/de\/wp-json\/wp\/v2\/product_tag?post=13592"}],"curies":[{"name":"wp","href":"https:\/\/api.w.org\/{rel}","templated":true}]}}