{"id":13707,"date":"2025-09-04T13:17:29","date_gmt":"2025-09-04T11:17:29","guid":{"rendered":"https:\/\/oekotierzucht.de\/?post_type=product&#038;p=13707"},"modified":"2025-09-04T14:02:55","modified_gmt":"2025-09-04T12:02:55","slug":"rollup-das-gelbe-vom-ei","status":"publish","type":"product","link":"https:\/\/oekotierzucht.de\/de\/produkt\/rollup-das-gelbe-vom-ei\/","title":{"rendered":"RollUp &#8221; Das Gelbe vom Ei&#8221;"},"content":{"rendered":"<h4>RollUp &#8220;Das Gelbe vom Ei&#8221;<\/h4>\n<p>&nbsp;<\/p>\n<p data-start=\"128\" data-end=\"267\">Mit diesem <strong data-start=\"192\" data-end=\"223\">RollUp\u00a0 (85 x 200 cm)<\/strong> hast du einen richtigen Hingucker, im Hofladen oder am Marktstand, der auf deine verantwortungsvolle Haltung von Zweinutzungsh\u00fchnern hinweist und erkl\u00e4rt, was das tolle an den Zweinutzungshuhn-Eiern ist. So erfahren deine Kunden auf den ersten Blick, was deine H\u00fchnerhaltung und deren Produkte besonders macht.<\/p>\n<p data-start=\"128\" data-end=\"267\">Das RollUp hat eine silberne Kassette und wird ein einer Tragetasche geliefert. Der Druck ist PVC frei.<\/p>\n<p data-start=\"128\" data-end=\"267\">Das RollUp kann ideal erg\u00e4nzt werden durch:<\/p>\n<ul>\n<li data-start=\"555\" data-end=\"750\">Den <a href=\"https:\/\/oekotierzucht.de\/produkt\/flyer-das-gelbe-vom-ei\/\" target=\"_blank\" rel=\"nofollow noopener\">Flyer <\/a>\u201eDas Gelbe vom Ei\u201c<\/li>\n<li data-start=\"555\" data-end=\"750\">Das <a href=\"https:\/\/oekotierzucht.de\/produkt\/aufkleber-oetz-produktsiegel\/\" target=\"_blank\" rel=\"noopener\">\u00d6TZ-Produktsiegel als Aufkleber<\/a> f\u00fcr Produkte<\/li>\n<li data-start=\"555\" data-end=\"750\">Das <a href=\"https:\/\/oekotierzucht.de\/produkt\/plakat-das-gelbe-vom-ei\/\" target=\"_blank\" rel=\"noopener\">Plakatset \u201eDas Gelbe vom Ei\u201c<\/a><\/li>\n<\/ul>\n<p>&nbsp;<\/p>\n<p>&nbsp;<\/p>\n<p>Das RollUp ist nur mit g\u00fcltigem Produktsiegel-Nutzungsvertrag erh\u00e4ltlich.<\/p>\n<p>&nbsp;<\/p>\n<p style=\"text-align: right;\">\n","protected":false},"excerpt":{"rendered":"<p>RollUp &#8220;Das Gelbe vom Ei&#8221;<\/p>\n<p>&nbsp;<\/p>\n<p data-start=\"128\" data-end=\"267\">PVC-freier Druck, 85&#215;200 cm, Kassette silber, Tragetasche<\/p>\n<p>&nbsp;<\/p>\n<p>Nur mit g\u00fcltigem Produktsiegel-Nutzungsvertrag erh\u00e4ltlich<\/p>\n<p>&nbsp;<\/p>\n<h4><\/h4>\n","protected":false},"featured_media":13710,"template":"","meta":[],"product_brand":[],"product_cat":[97],"product_tag":[140,141,142,143,144,145],"class_list":{"0":"post-13707","1":"product","2":"type-product","3":"status-publish","4":"has-post-thumbnail","6":"product_cat-werbematerialien","7":"product_tag-werbung","8":"product_tag-vermarktung","9":"product_tag-produkte-vom-zweinutzungshuhn","10":"product_tag-marketing","11":"product_tag-aufkleber","12":"product_tag-produktsiegel","13":"product_shipping_class-werbematerial","14":"Werbematerialien","16":"first","17":"instock","18":"taxable","19":"shipping-taxable","20":"product-type-simple"},"_links":{"self":[{"href":"https:\/\/oekotierzucht.de\/de\/wp-json\/wp\/v2\/product\/13707","targetHints":{"allow":["GET"]}}],"collection":[{"href":"https:\/\/oekotierzucht.de\/de\/wp-json\/wp\/v2\/product"}],"about":[{"href":"https:\/\/oekotierzucht.de\/de\/wp-json\/wp\/v2\/types\/product"}],"wp:featuredmedia":[{"embeddable":true,"href":"https:\/\/oekotierzucht.de\/de\/wp-json\/wp\/v2\/media\/13710"}],"wp:attachment":[{"href":"https:\/\/oekotierzucht.de\/de\/wp-json\/wp\/v2\/media?parent=13707"}],"wp:term":[{"taxonomy":"product_brand","embeddable":true,"href":"https:\/\/oekotierzucht.de\/de\/wp-json\/wp\/v2\/product_brand?post=13707"},{"taxonomy":"product_cat","embeddable":true,"href":"https:\/\/oekotierzucht.de\/de\/wp-json\/wp\/v2\/product_cat?post=13707"},{"taxonomy":"product_tag","embeddable":true,"href":"https:\/\/oekotierzucht.de\/de\/wp-json\/wp\/v2\/product_tag?post=13707"}],"curies":[{"name":"wp","href":"https:\/\/api.w.org\/{rel}","templated":true}]}}