{"id":15209,"date":"2026-03-05T13:03:50","date_gmt":"2026-03-05T12:03:50","guid":{"rendered":"https:\/\/oekotierzucht.de\/?post_type=product&#038;p=15209"},"modified":"2026-03-05T13:18:11","modified_gmt":"2026-03-05T12:18:11","slug":"bruteijournal","status":"publish","type":"product","link":"https:\/\/oekotierzucht.de\/de\/produkt\/bruteijournal\/","title":{"rendered":"\u00d6TZ-Bruteijournal"},"content":{"rendered":"<h4>\u00d6TZ-Bruteijournal Download<\/h4>\n<p>&nbsp;<\/p>\n<p data-start=\"67\" data-end=\"376\">Dein Begleiter durch die gesamte Brutzeit<\/p>\n<p data-start=\"67\" data-end=\"376\">Das <a href=\"https:\/\/oekotierzucht.de\/wp-content\/uploads\/2024\/11\/20240716_OeTZ_Bruteijournal.pdf\" target=\"_blank\" rel=\"noopener\">\u00d6TZ-Bruteijournal<\/a> begleitet Dich w\u00e4hrend der gesamten Brutdauer von 21\u201322 Tagen und hilft Dir, den Brutprozess \u00fcbersichtlich zu dokumentieren. Es erinnert Dich an die t\u00e4gliche Kontrolle des Ist-Zustands und bietet Platz, um wichtige Werte wie Temperatur und Luftfeuchtigkeit im Brutautomaten festzuhalten.<\/p>\n<p data-start=\"378\" data-end=\"622\">Au\u00dferdem zeigt Dir das Journal die wichtigen Zeitpunkte der <strong data-start=\"438\" data-end=\"449\">Vorbrut<\/strong> sowie das <strong data-start=\"460\" data-end=\"502\">Umlagern der Eier in die Schlupfschale<\/strong>. So beh\u00e4ltst Du jederzeit den \u00dcberblick \u00fcber den gesamten Brutverlauf.<\/p>\n<p data-start=\"624\" data-end=\"900\" data-is-last-node=\"\" data-is-only-node=\"\">Gleichzeitig dient das vollst\u00e4ndig ausgef\u00fcllte \u00d6TZ-Bruteijournal als <strong data-start=\"693\" data-end=\"725\">Nachweis im Reklamationsfall<\/strong> \u2013 eine Reklamation ist nur mit einem vollst\u00e4ndig dokumentierten Journal m\u00f6glich. Dadurch wird eine transparente und nachvollziehbare Dokumentation Deiner Brut sichergestellt.<\/p>\n<p>&nbsp;<\/p>\n","protected":false},"excerpt":{"rendered":"<div>\n<p data-start=\"0\" data-end=\"40\"><strong data-start=\"0\" data-end=\"40\">Das <a href=\"https:\/\/oekotierzucht.de\/wp-content\/uploads\/2024\/11\/20240716_OeTZ_Bruteijournal.pdf\" target=\"_blank\" rel=\"noopener\">\u00d6TZ-Bruteijournal<\/a>\u00a0<\/strong>begleitet Dich w\u00e4hrend der gesamten Brutzeit von 21\u201322 Tagen und hilft Dir, Temperatur, Luftfeuchtigkeit und den t\u00e4glichen Ist-Zustand im Brutautomaten zu dokumentieren. Es markiert wichtige Zeitpunkte wie Vorbrut und das Umlagern der Eier in die Schlupfschale. Ein vollst\u00e4ndig ausgef\u00fclltes \u00d6TZ-Bruteijournal ist au\u00dferdem Voraussetzung f\u00fcr eine m\u00f6gliche Reklamation.<\/p>\n<\/div>\n<p>&nbsp;<\/p>\n<p>Gr\u00f6\u00dfe A4<\/p>\n<h4><\/h4>\n<h4>Kostenfrei zum Download<\/h4>\n","protected":false},"featured_media":15210,"template":"","meta":[],"product_brand":[],"product_cat":[96],"product_tag":[136,137,138],"class_list":{"0":"post-15209","1":"product","2":"type-product","3":"status-publish","4":"has-post-thumbnail","6":"product_cat-managementtools","7":"product_tag-leitfaden","8":"product_tag-managementhilfen","9":"product_tag-huehnerhaltung","10":"Managementtools","12":"first","13":"instock","14":"sold-individually","15":"taxable","16":"shipping-taxable","17":"product-type-external"},"_links":{"self":[{"href":"https:\/\/oekotierzucht.de\/de\/wp-json\/wp\/v2\/product\/15209","targetHints":{"allow":["GET"]}}],"collection":[{"href":"https:\/\/oekotierzucht.de\/de\/wp-json\/wp\/v2\/product"}],"about":[{"href":"https:\/\/oekotierzucht.de\/de\/wp-json\/wp\/v2\/types\/product"}],"wp:featuredmedia":[{"embeddable":true,"href":"https:\/\/oekotierzucht.de\/de\/wp-json\/wp\/v2\/media\/15210"}],"wp:attachment":[{"href":"https:\/\/oekotierzucht.de\/de\/wp-json\/wp\/v2\/media?parent=15209"}],"wp:term":[{"taxonomy":"product_brand","embeddable":true,"href":"https:\/\/oekotierzucht.de\/de\/wp-json\/wp\/v2\/product_brand?post=15209"},{"taxonomy":"product_cat","embeddable":true,"href":"https:\/\/oekotierzucht.de\/de\/wp-json\/wp\/v2\/product_cat?post=15209"},{"taxonomy":"product_tag","embeddable":true,"href":"https:\/\/oekotierzucht.de\/de\/wp-json\/wp\/v2\/product_tag?post=15209"}],"curies":[{"name":"wp","href":"https:\/\/api.w.org\/{rel}","templated":true}]}}