{"id":3777,"date":"2024-05-21T10:39:38","date_gmt":"2024-05-21T08:39:38","guid":{"rendered":"https:\/\/oekotierzucht.de\/?post_type=product&#038;p=3777"},"modified":"2026-03-31T08:55:31","modified_gmt":"2026-03-31T06:55:31","slug":"leitfaden-kuekenaufzucht","status":"publish","type":"product","link":"https:\/\/oekotierzucht.de\/de\/produkt\/leitfaden-kuekenaufzucht\/","title":{"rendered":"Leitfaden K\u00fckenaufzucht"},"content":{"rendered":"<h4>Leitfaden K\u00fckenaufzucht<\/h4>\n<p>Der K\u00fckenleitfaden ist ein Guide f\u00fcr die Aufzucht von K\u00fcken ab dem ersten Tag. Er gibt Hinweise f\u00fcr die Stalleinrichtung, F\u00fctterung und Betreuung der Tiere. Au\u00dferdem werden die Themen Krankheiten und Impfungen behandelt.<\/p>\n<p>Dieser Leitfaden f\u00fcr die K\u00fckenaufzucht ist eine Zusammenfassung der wichtigsten Informationen f\u00fcr die Praxis &#8211; er ersetzt nicht die intensive Besch\u00e4ftigung mit der Thematik der K\u00fckenaufzucht.<\/p>\n","protected":false},"excerpt":{"rendered":"<p>Der Leitfaden zur Aufzucht von \u00d6TZ-Zweinutzungshuhn-K\u00fcken stellt die wichtigsten Informationen zusammengefasst zur Verf\u00fcgung.<\/p>\n<p>Gr\u00f6\u00dfe A4<\/p>\n<h4>Kostenfrei f\u00fcr \u00d6TZ-Tierhalter:innen<\/h4>\n","protected":false},"featured_media":7739,"template":"","meta":[],"product_brand":[],"product_cat":[96],"product_tag":[136,137,138,139],"class_list":{"0":"post-3777","1":"product","2":"type-product","3":"status-publish","4":"has-post-thumbnail","6":"product_cat-managementtools","7":"product_tag-leitfaden","8":"product_tag-managementhilfen","9":"product_tag-huehnerhaltung","10":"product_tag-kuekenaufzucht","11":"product_shipping_class-managementtools","12":"Managementtools","14":"first","15":"outofstock","16":"sold-individually","17":"taxable","18":"shipping-taxable","19":"purchasable","20":"product-type-simple"},"_links":{"self":[{"href":"https:\/\/oekotierzucht.de\/de\/wp-json\/wp\/v2\/product\/3777","targetHints":{"allow":["GET"]}}],"collection":[{"href":"https:\/\/oekotierzucht.de\/de\/wp-json\/wp\/v2\/product"}],"about":[{"href":"https:\/\/oekotierzucht.de\/de\/wp-json\/wp\/v2\/types\/product"}],"wp:featuredmedia":[{"embeddable":true,"href":"https:\/\/oekotierzucht.de\/de\/wp-json\/wp\/v2\/media\/7739"}],"wp:attachment":[{"href":"https:\/\/oekotierzucht.de\/de\/wp-json\/wp\/v2\/media?parent=3777"}],"wp:term":[{"taxonomy":"product_brand","embeddable":true,"href":"https:\/\/oekotierzucht.de\/de\/wp-json\/wp\/v2\/product_brand?post=3777"},{"taxonomy":"product_cat","embeddable":true,"href":"https:\/\/oekotierzucht.de\/de\/wp-json\/wp\/v2\/product_cat?post=3777"},{"taxonomy":"product_tag","embeddable":true,"href":"https:\/\/oekotierzucht.de\/de\/wp-json\/wp\/v2\/product_tag?post=3777"}],"curies":[{"name":"wp","href":"https:\/\/api.w.org\/{rel}","templated":true}]}}