{"id":3788,"date":"2024-05-21T11:34:04","date_gmt":"2024-05-21T09:34:04","guid":{"rendered":"https:\/\/oekotierzucht.de\/?post_type=product&#038;p=3788"},"modified":"2025-04-03T09:18:37","modified_gmt":"2025-04-03T07:18:37","slug":"rezeptkarte-zweinutzungshahn","status":"publish","type":"product","link":"https:\/\/oekotierzucht.de\/de\/produkt\/rezeptkarte-zweinutzungshahn\/","title":{"rendered":"Rezeptkarte &#8220;Zweinutzungshahn&#8221;"},"content":{"rendered":"<h4>Die Rezeptkarte &#8220;So gelingt der Zweinutzungshahn&#8221;<\/h4>\n<p>zeigt eine sehr simple und rasche Art der Zubereitung eines ganzen Zweinutzungshahnes auf.<\/p>\n<p>Viel Freude beim Zubereiten dieser Gaumenfreude.<\/p>\n<p>&nbsp;<\/p>\n<p>Weitere hilfreiche Tipps und wunderbare Zubereitungsempfehlungen findest du auf der Seite <a href=\"https:\/\/www.huhnundhahn.ch\/\" target=\"_blank\" rel=\"noopener\">huhn+hahn.ch von Anna Pearson<\/a><\/p>\n<p>&nbsp;<\/p>\n","protected":false},"excerpt":{"rendered":"<p>Rezeptkarte f\u00fcr die Kundenkommunikation<br \/>\nMit dem Produktsiegel &#8220;Zweinutzungshuhn&#8221;<\/p>\n<p><strong>Nur mit g\u00fcltigem Produktsiegel-Nutzungsvertrag erh\u00e4ltlich<\/strong><br \/>\nGr\u00f6\u00dfe A5 | Papier 170g Recyclingpapier wei\u00df matt<\/p>\n","protected":false},"featured_media":10845,"template":"","meta":[],"product_brand":[],"product_cat":[97],"product_tag":[144,145,140,141,142,143],"class_list":{"0":"post-3788","1":"product","2":"type-product","3":"status-publish","4":"has-post-thumbnail","6":"product_cat-werbematerialien","7":"product_tag-aufkleber","8":"product_tag-produktsiegel","9":"product_tag-werbung","10":"product_tag-vermarktung","11":"product_tag-produkte-vom-zweinutzungshuhn","12":"product_tag-marketing","13":"product_shipping_class-werbematerial","14":"Werbematerialien","16":"first","17":"instock","18":"sold-individually","19":"taxable","20":"shipping-taxable","21":"product-type-variable"},"_links":{"self":[{"href":"https:\/\/oekotierzucht.de\/de\/wp-json\/wp\/v2\/product\/3788","targetHints":{"allow":["GET"]}}],"collection":[{"href":"https:\/\/oekotierzucht.de\/de\/wp-json\/wp\/v2\/product"}],"about":[{"href":"https:\/\/oekotierzucht.de\/de\/wp-json\/wp\/v2\/types\/product"}],"wp:featuredmedia":[{"embeddable":true,"href":"https:\/\/oekotierzucht.de\/de\/wp-json\/wp\/v2\/media\/10845"}],"wp:attachment":[{"href":"https:\/\/oekotierzucht.de\/de\/wp-json\/wp\/v2\/media?parent=3788"}],"wp:term":[{"taxonomy":"product_brand","embeddable":true,"href":"https:\/\/oekotierzucht.de\/de\/wp-json\/wp\/v2\/product_brand?post=3788"},{"taxonomy":"product_cat","embeddable":true,"href":"https:\/\/oekotierzucht.de\/de\/wp-json\/wp\/v2\/product_cat?post=3788"},{"taxonomy":"product_tag","embeddable":true,"href":"https:\/\/oekotierzucht.de\/de\/wp-json\/wp\/v2\/product_tag?post=3788"}],"curies":[{"name":"wp","href":"https:\/\/api.w.org\/{rel}","templated":true}]}}