{"id":3791,"date":"2024-05-21T11:52:15","date_gmt":"2024-05-21T09:52:15","guid":{"rendered":"https:\/\/oekotierzucht.de\/?post_type=product&#038;p=3791"},"modified":"2025-04-09T11:58:43","modified_gmt":"2025-04-09T09:58:43","slug":"flyer-zweinutzungshuhn-personalisiert","status":"publish","type":"product","link":"https:\/\/oekotierzucht.de\/de\/produkt\/flyer-zweinutzungshuhn-personalisiert\/","title":{"rendered":"Flyer personalisiert &#8220;Zweinutzungshuhn&#8221;"},"content":{"rendered":"<h4>Flyer &#8220;Zweinutzungshuhn&#8221; oder &#8220;Wenn weniger mehr ist&#8221; personalisiert<\/h4>\n<p>Wir erstellen dir gerne einen personalisierten Flyer, in dem du deinen Hof auf der R\u00fcckseite vorstellen kannst. Bei Bestellung ben\u00f6tigen wir dazu nur dein Firmenlogo, Fotos und den gew\u00fcnschten Text per Mail an: <a href=\"mailto:marketing@oekotzericht.de\" target=\"_blank\" rel=\"noopener\">marketing@oekotzericht.de.<\/a><\/p>\n<p>&nbsp;<\/p>\n<p>Auf dem Flyer ist Platz f\u00fcr 2 eigene Fotos, einen kurzen Text f\u00fcr eine allgemeine Hofbeschreibung sowie deine Adresse und dein Logo.<\/p>\n<p>Am besten besprechen wir das einmal kurz. Sobald du deine Bestellung im Onlineshop abgeschlossen hast, melden wir uns bei dir.<\/p>\n<p>&nbsp;<\/p>\n<p>Dein personalisierter Zweinutzungshuhn-Flyer hat insgesamt 6 Seiten, ist zweimal gefalzt und wird auf 135 g Recyclingpapier gedruckt.<\/p>\n<p>&nbsp;<\/p>\n<p style=\"text-align: right;\">\n","protected":false},"excerpt":{"rendered":"<p>Flyer &#8220;Zweinutzungshuhn &#8211; Wenn weniger mehr ist&#8221;<\/p>\n<p>Personalisierter Falzflyer<\/p>\n<p>Gr\u00f6\u00dfe A5\u00a0 | 2x falzen | 4-farbig | Papier 135g Recycling-Premiumwei\u00df<\/p>\n","protected":false},"featured_media":7726,"template":"","meta":[],"product_brand":[],"product_cat":[97],"product_tag":[140,141,142,143,144,145],"class_list":{"0":"post-3791","1":"product","2":"type-product","3":"status-publish","4":"has-post-thumbnail","6":"product_cat-werbematerialien","7":"product_tag-werbung","8":"product_tag-vermarktung","9":"product_tag-produkte-vom-zweinutzungshuhn","10":"product_tag-marketing","11":"product_tag-aufkleber","12":"product_tag-produktsiegel","13":"product_shipping_class-werbematerial","14":"Werbematerialien","16":"first","17":"instock","18":"sold-individually","19":"taxable","20":"shipping-taxable","21":"purchasable","22":"product-type-variable"},"_links":{"self":[{"href":"https:\/\/oekotierzucht.de\/de\/wp-json\/wp\/v2\/product\/3791","targetHints":{"allow":["GET"]}}],"collection":[{"href":"https:\/\/oekotierzucht.de\/de\/wp-json\/wp\/v2\/product"}],"about":[{"href":"https:\/\/oekotierzucht.de\/de\/wp-json\/wp\/v2\/types\/product"}],"wp:featuredmedia":[{"embeddable":true,"href":"https:\/\/oekotierzucht.de\/de\/wp-json\/wp\/v2\/media\/7726"}],"wp:attachment":[{"href":"https:\/\/oekotierzucht.de\/de\/wp-json\/wp\/v2\/media?parent=3791"}],"wp:term":[{"taxonomy":"product_brand","embeddable":true,"href":"https:\/\/oekotierzucht.de\/de\/wp-json\/wp\/v2\/product_brand?post=3791"},{"taxonomy":"product_cat","embeddable":true,"href":"https:\/\/oekotierzucht.de\/de\/wp-json\/wp\/v2\/product_cat?post=3791"},{"taxonomy":"product_tag","embeddable":true,"href":"https:\/\/oekotierzucht.de\/de\/wp-json\/wp\/v2\/product_tag?post=3791"}],"curies":[{"name":"wp","href":"https:\/\/api.w.org\/{rel}","templated":true}]}}