{"id":3793,"date":"2024-05-21T12:12:19","date_gmt":"2024-05-21T10:12:19","guid":{"rendered":"https:\/\/oekotierzucht.de\/?post_type=product&#038;p=3793"},"modified":"2025-04-03T09:18:10","modified_gmt":"2025-04-03T07:18:10","slug":"legeliste-download","status":"publish","type":"product","link":"https:\/\/oekotierzucht.de\/de\/produkt\/legeliste-download\/","title":{"rendered":"Legeliste Download"},"content":{"rendered":"<h4>\u00d6TZ-Legeliste<\/h4>\n<p>Die Legeliste ist eine wunderbare Unterst\u00fctzung zur Dokumentation der Legeleistung. Eine gef\u00fchrte Legeliste gibt einen sehr guten \u00dcberblick \u00fcber die Herde und unterst\u00fctzt bei der Haltung von \u00d6TZ-Tieren.<\/p>\n","protected":false},"excerpt":{"rendered":"<p>Die \u00d6TZ-Legeliste zur Dokumentation der Legeleistung f\u00fcr 16 Monate<\/p>\n<p>&nbsp;<\/p>\n<p>Kostenlos zum downloaden.<\/p>\n","protected":false},"featured_media":7748,"template":"","meta":[],"product_brand":[],"product_cat":[96],"product_tag":[136,137,138],"class_list":{"0":"post-3793","1":"product","2":"type-product","3":"status-publish","4":"has-post-thumbnail","6":"product_cat-managementtools","7":"product_tag-leitfaden","8":"product_tag-managementhilfen","9":"product_tag-huehnerhaltung","10":"Managementtools","12":"first","13":"instock","14":"sold-individually","15":"taxable","16":"shipping-taxable","17":"product-type-external"},"_links":{"self":[{"href":"https:\/\/oekotierzucht.de\/de\/wp-json\/wp\/v2\/product\/3793","targetHints":{"allow":["GET"]}}],"collection":[{"href":"https:\/\/oekotierzucht.de\/de\/wp-json\/wp\/v2\/product"}],"about":[{"href":"https:\/\/oekotierzucht.de\/de\/wp-json\/wp\/v2\/types\/product"}],"wp:featuredmedia":[{"embeddable":true,"href":"https:\/\/oekotierzucht.de\/de\/wp-json\/wp\/v2\/media\/7748"}],"wp:attachment":[{"href":"https:\/\/oekotierzucht.de\/de\/wp-json\/wp\/v2\/media?parent=3793"}],"wp:term":[{"taxonomy":"product_brand","embeddable":true,"href":"https:\/\/oekotierzucht.de\/de\/wp-json\/wp\/v2\/product_brand?post=3793"},{"taxonomy":"product_cat","embeddable":true,"href":"https:\/\/oekotierzucht.de\/de\/wp-json\/wp\/v2\/product_cat?post=3793"},{"taxonomy":"product_tag","embeddable":true,"href":"https:\/\/oekotierzucht.de\/de\/wp-json\/wp\/v2\/product_tag?post=3793"}],"curies":[{"name":"wp","href":"https:\/\/api.w.org\/{rel}","templated":true}]}}