{"id":708,"date":"2025-01-17T12:03:10","date_gmt":"2025-01-17T11:03:10","guid":{"rendered":"https:\/\/oekotierzucht.de\/?post_type=product&#038;p=708"},"modified":"2026-02-01T18:24:27","modified_gmt":"2026-02-01T17:24:27","slug":"brutei-caramel","status":"publish","type":"product","link":"https:\/\/oekotierzucht.de\/de\/produkt\/brutei-caramel\/","title":{"rendered":"Brutei \u00d6TZ Caramel"},"content":{"rendered":"<h4>\u00d6TZ Caramel-Bruteier<\/h4>\n<p>Unsere Bruteier werden mit <span class=\"NormalTextRun SCXW217253806 BCX8\">gr\u00f6\u00dfter Sorgfalt ausgew\u00e4hlt, sicher verpackt und dann <\/span><span class=\"NormalTextRun SCXW217253806 BCX8\">direkt<\/span><span class=\"NormalTextRun SCXW217253806 BCX8\"> zu dir geliefert. So startest du mit <\/span><span class=\"NormalTextRun SCXW217253806 BCX8\">den <\/span><span class=\"NormalTextRun SCXW217253806 BCX8\">besten Voraussetzungen in die Brut.<\/span><\/p>\n<p>&nbsp;<\/p>\n<p><strong>Wichtige Hinweise:<\/strong><\/p>\n<ul>\n<li><strong>Pers\u00f6nliche Annahme:<\/strong> Stelle sicher, dass die Lieferung der Bruteier am Zustelltag pers\u00f6nlich angenommen wird, um sie vor Hitze oder K\u00e4lte zu sch\u00fctzen. Die Bruteier sind \u00e4u\u00dferst empfindlich.<\/li>\n<li><strong>Gut vorbereitet:<\/strong> Lade dir unbedingt das <a href=\"https:\/\/oekotierzucht.de\/wp-content\/uploads\/2024\/11\/20240716_OeTZ_Bruteijournal.pdf\"><strong>\u00d6TZ-Bruteijournal<\/strong><\/a> und den <a href=\"https:\/\/oekotierzucht.de\/produkt\/leitfaden-kuekenaufzucht\/\"><strong>\u00d6TZ-K\u00fckenleitfaden<\/strong><\/a> herunter. Diese Unterlagen bieten dir wertvolle Unterst\u00fctzung bei der Brut und der Aufzucht deiner K\u00fcken.<\/li>\n<\/ul>\n<p>&nbsp;<\/p>\n<p>Viel Erfolg und vor allem: jede Menge Freude mit deiner einzigartigen \u00d6TZ Caramel-Herde!<\/p>\n","protected":false},"excerpt":{"rendered":"<p>Klassische Zweinutzung | Erhaltungszucht | Kreuzung Deutschem Lachshahn und White Rock-Henne<\/p>\n<p>&nbsp;<\/p>\n<p><strong>Das macht die \u00d6TZ Caramel besonders:\u00a0<\/strong><\/p>\n<ul>\n<li>Erhaltung regionaler Zuchtlinie (Niedersachsen)<\/li>\n<li>Leistungsstark bei Ei und Fleisch<\/li>\n<li>Au\u00dfergew\u00f6hnlich sch\u00f6n<\/li>\n<li>Zutrauliches Wesen<\/li>\n<\/ul>\n<p><strong><a href=\"https:\/\/oekotierzucht.de\/de\/gefluegel\/caramel\/\" target=\"_blank\" rel=\"noopener\">Ausf\u00fchrliche Tierbeschreibung und Leistungsdaten<\/a><\/strong><\/p>\n<p>&nbsp;<\/p>\n<p>Zertifizierung:<\/p>\n<div id=\"tablepress-29-scroll-wrapper\" class=\"tablepress-scroll-wrapper\">\n<table id=\"tablepress-29\" class=\"tablepress tablepress-id-29 tablepress-responsive\">\n<thead>\n<tr class=\"row-1\">\n<th class=\"column-1\">Logo <\/th>\n<th class=\"column-2\">Zertifizierung <\/th>\n<th class=\"column-3\">Beschreibung <\/th>\n<\/tr>\n<\/thead>\n<tbody class=\"row-striping row-hover\">\n<tr class=\"row-2\">\n<td class=\"column-1\"><img decoding=\"async\" src=\"https:\/\/oekotierzucht.de\/wp-content\/uploads\/2025\/08\/EU_Organic_Logo_Colour_rgb-300x200.jpg\" alt=\"EU-Bio\" width=\"50\" height=\"50\" class=\"alignnone size-medium wp-image-13553\" \/><\/td>\n<td class=\"column-2\"><a href=\"https:\/\/www.oekolandbau.de\/bio-zertifizierung\/richtlinien-der-oeko-anbauverbaende\/eu-oeko-verordnung\/\" target=\"_blank\">EU-Bio <\/a><\/td>\n<td class=\"column-3\">Diese Bruteier sind EU-Bio zertifiziert. <br \/>\nDE-\u00d6KO-006<\/td>\n<\/tr>\n<tr class=\"row-3\">\n<td class=\"column-1\"><img decoding=\"async\" src=\"https:\/\/oekotierzucht.de\/wp-content\/uploads\/2024\/09\/OETZ_Logo_RGB-221x300.png\" alt=\"\u00d6TZ Logo \" width=\"40\" height=\"40\" class=\"alignnone size-medium wp-image-6200\" srcset=\"https:\/\/oekotierzucht.de\/wp-content\/uploads\/2024\/09\/OETZ_Logo_RGB-100x100.png 100w, https:\/\/oekotierzucht.de\/wp-content\/uploads\/2024\/09\/OETZ_Logo_RGB-150x150.png 150w\" sizes=\"(max-width: 40px) 100vw, 40px\" \/><\/td>\n<td class=\"column-2\"><a href=\"https:\/\/oekotierzucht.de\/de\/gefluegel\/\" target=\"_blank\">\u00d6TZ-Qualit\u00e4t<\/a><\/td>\n<td class=\"column-3\">Diese Bruteier stammen aus \u00d6TZ-Zucht.<\/td>\n<\/tr>\n<tr class=\"row-4\">\n<td class=\"column-1\"><img decoding=\"async\" src=\"https:\/\/oekotierzucht.de\/wp-content\/uploads\/2025\/09\/OETZ_Siegel_DT_RGB-300x294.png\" alt=\"\u00d6TZ Produktsiegel \" width=\"50\" height=\"50\" class=\"alignnone size-medium wp-image-13673\" srcset=\"https:\/\/oekotierzucht.de\/wp-content\/uploads\/2025\/09\/OETZ_Siegel_DT_RGB-300x294.png 300w, https:\/\/oekotierzucht.de\/wp-content\/uploads\/2025\/09\/OETZ_Siegel_DT_RGB-150x150.png 150w, https:\/\/oekotierzucht.de\/wp-content\/uploads\/2025\/09\/OETZ_Siegel_DT_RGB-768x753.png 768w, https:\/\/oekotierzucht.de\/wp-content\/uploads\/2025\/09\/OETZ_Siegel_DT_RGB-12x12.png 12w, https:\/\/oekotierzucht.de\/wp-content\/uploads\/2025\/09\/OETZ_Siegel_DT_RGB-400x400.png 400w, https:\/\/oekotierzucht.de\/wp-content\/uploads\/2025\/09\/OETZ_Siegel_DT_RGB-100x100.png 100w, https:\/\/oekotierzucht.de\/wp-content\/uploads\/2025\/09\/OETZ_Siegel_DT_RGB.png 853w\" sizes=\"(max-width: 50px) 100vw, 50px\" \/><\/td>\n<td class=\"column-2\"><a href=\"https:\/\/oekotierzucht.de\/de\/vermarkten\/\" target=\"_blank\">\u00d6TZ-Produktsiegel <\/a><\/td>\n<td class=\"column-3\">Du kannst das \u00d6TZ-Produktsiegel f\u00fcr deine Vermarktung nutzen. <\/td>\n<\/tr>\n<\/tbody>\n<\/table>\n<\/div>\n<p><!-- #tablepress-29 from cache --><\/p>\n<p>&nbsp;<\/p>\n<p>Versandort: Sebastian Seelig | <a href=\"http:\/\/xn--wendland-geflgel-vzb.de\/\" target=\"_blank\" rel=\"noopener\">Wendland Gefl\u00fcgel<\/a>| Diahren Nr. 3 | 29496 Waddeweitz<\/p>\n<p>Mindestbestellmenge: 10 St\u00fcck<\/p>\n","protected":false},"featured_media":13681,"template":"","meta":[],"product_brand":[],"product_cat":[94],"product_tag":[112,91,92],"class_list":{"0":"post-708","1":"product","2":"type-product","3":"status-publish","4":"has-post-thumbnail","6":"product_cat-bruteier","7":"product_tag-oetz-caramel","8":"product_tag-brutei","9":"product_tag-zweinutzungshuhn","10":"product_shipping_class-caramel","11":"Bruteier","13":"first","14":"instock","15":"taxable","16":"shipping-taxable","17":"product-type-simple"},"_links":{"self":[{"href":"https:\/\/oekotierzucht.de\/de\/wp-json\/wp\/v2\/product\/708","targetHints":{"allow":["GET"]}}],"collection":[{"href":"https:\/\/oekotierzucht.de\/de\/wp-json\/wp\/v2\/product"}],"about":[{"href":"https:\/\/oekotierzucht.de\/de\/wp-json\/wp\/v2\/types\/product"}],"wp:featuredmedia":[{"embeddable":true,"href":"https:\/\/oekotierzucht.de\/de\/wp-json\/wp\/v2\/media\/13681"}],"wp:attachment":[{"href":"https:\/\/oekotierzucht.de\/de\/wp-json\/wp\/v2\/media?parent=708"}],"wp:term":[{"taxonomy":"product_brand","embeddable":true,"href":"https:\/\/oekotierzucht.de\/de\/wp-json\/wp\/v2\/product_brand?post=708"},{"taxonomy":"product_cat","embeddable":true,"href":"https:\/\/oekotierzucht.de\/de\/wp-json\/wp\/v2\/product_cat?post=708"},{"taxonomy":"product_tag","embeddable":true,"href":"https:\/\/oekotierzucht.de\/de\/wp-json\/wp\/v2\/product_tag?post=708"}],"curies":[{"name":"wp","href":"https:\/\/api.w.org\/{rel}","templated":true}]}}