{"id":7710,"date":"2024-11-20T09:19:53","date_gmt":"2024-11-20T08:19:53","guid":{"rendered":"https:\/\/oekotierzucht.de\/?post_type=product&#038;p=7710"},"modified":"2025-05-15T14:54:29","modified_gmt":"2025-05-15T12:54:29","slug":"1-cent-siegel","status":"publish","type":"product","link":"https:\/\/oekotierzucht.de\/de\/produkt\/1-cent-siegel\/","title":{"rendered":"1-Cent-Siegel Erstinformation"},"content":{"rendered":"<h4>1-Cent-Siegel<\/h4>\n<p>Das \u00d6TZ-<strong>1-Cent-Siegel<\/strong> ist ein F\u00f6rdersiegel, das auf die Initiative einiger engagierter Unternehmer aus dem <a href=\"https:\/\/n-bnn.de\/\" target=\"_blank\" rel=\"noopener\">Bund f\u00fcr Naturkost und Naturwaren e.V. (BNN)<\/a> zur\u00fcckgeht, die die \u00d6TZ von Anfang an unterst\u00fctzt haben.<\/p>\n<p>&nbsp;<\/p>\n<p><strong>Das Konzept:<\/strong> Pro verkauftem Ei flie\u00dft 1 Cent an die \u00d6TZ \u2013 ein kleiner Beitrag, der in der Summe jedoch viel bewirken kann. Die Abrechnung erfolgt flexibel: je nach Vereinbarung monatlich oder j\u00e4hrlich, basierend auf der Anzahl der tats\u00e4chlich gehandelten Eier.<\/p>\n<p>&nbsp;<\/p>\n<p><strong>NEU:<\/strong> Urspr\u00fcnglich war das Siegel f\u00fcr Kampagnenmaterial wie Poster und Flyer gedacht. Ab jetzt kann es auch direkt auf Eierpackungen gedruckt werden \u2013 so wird das Engagement des Naturkosthandels noch sichtbarer und wir k\u00f6nnen diese Unterst\u00fctzung noch klarer hervorheben und w\u00fcrdigen.<\/p>\n<p>&nbsp;<\/p>\n<p><strong>Wer das 1-Cent-Siegel nutzen kann: <\/strong><br \/>\nAlle H\u00e4ndler und Verarbeiter welche die \u00d6TZ im Rahmen der 1-Cent-Kampagne unterst\u00fctzen und ihre Produkte innerhalb des Naturkostfachhandels anbieten.<\/p>\n","protected":false},"excerpt":{"rendered":"<p><!--StartFragment --><\/p>\n<p class=\"pf0\"><span class=\"cf0\">An der 1-Cent-Kampagne k\u00f6nnen alle Mitglieder des Bund f\u00fcr <a href=\"https:\/\/n-bnn.de\/\" target=\"_blank\" rel=\"noopener\">Naturkost und Naturwaren (BNN) e.V.<\/a> teilnehmen.\u00a0<\/span>Das <strong>1-Cent-Siegel<\/strong> steht somit exklusiv den Partnern der <strong>1-Cent-Kampagne<\/strong> zur Verf\u00fcgung. Es signalisiert, dass du die \u00d6kologische Tierzucht (\u00d6TZ) durch einen Beitrag von <strong>1 Cent pro verkauftem Bio-Ei<\/strong> unterst\u00fctzt.<\/p>\n<p>&nbsp;<\/p>\n<p>Dieses Siegel kann auf <strong>Eierschachteln<\/strong> sowie deinen Kampagnenmaterialien (bspw. in Form von <strong>Flyer, Anzeigen, Aufsteller <\/strong>sowie <strong>Social Media Posts<\/strong> etc.) verwendet werden. Damit erh\u00e4ltst du die M\u00f6glichkeit, dein Engagement sichtbar zu machen und deine Kunden \u00fcber deine Unterst\u00fctzung f\u00fcr eine nachhaltigere Landwirtschaft zu informieren.<\/p>\n<p>&nbsp;<\/p>\n<p>Wir stellen das <strong>1-Cent-Siegel<\/strong> in <strong>zwei Farbvarianten<\/strong> zur Verf\u00fcgung, sodass du es flexibel in deine Marketingmaterialien integrieren kannst, um eine maximale Wirkung zu erzielen.<\/p>\n<p>&nbsp;<\/p>\n<p>Du hast Lust auch bei der Kampagne dabei zu sein? Sehr gerne! Mit der Bestellung dieses Produktes senden wir dir umfassende Infos per Mail und melden uns telefonisch bei dir, um die Details pers\u00f6nlich zu besprechen. Mit der Bestellung schlie\u00dft du noch keinen Vertrag ab.<\/p>\n","protected":false},"featured_media":7735,"template":"","meta":[],"product_brand":[],"product_cat":[15],"product_tag":[137,145],"class_list":{"0":"post-7710","1":"product","2":"type-product","3":"status-publish","4":"has-post-thumbnail","6":"product_cat-produkt-1-cent-siegel","7":"product_tag-managementhilfen","8":"product_tag-produktsiegel","9":"product_shipping_class-managementtools","10":"Produkt- &amp; 1-Cent-Siegel","12":"first","13":"instock","14":"downloadable","15":"sold-individually","16":"taxable","17":"shipping-taxable","18":"purchasable","19":"product-type-simple"},"_links":{"self":[{"href":"https:\/\/oekotierzucht.de\/de\/wp-json\/wp\/v2\/product\/7710","targetHints":{"allow":["GET"]}}],"collection":[{"href":"https:\/\/oekotierzucht.de\/de\/wp-json\/wp\/v2\/product"}],"about":[{"href":"https:\/\/oekotierzucht.de\/de\/wp-json\/wp\/v2\/types\/product"}],"wp:featuredmedia":[{"embeddable":true,"href":"https:\/\/oekotierzucht.de\/de\/wp-json\/wp\/v2\/media\/7735"}],"wp:attachment":[{"href":"https:\/\/oekotierzucht.de\/de\/wp-json\/wp\/v2\/media?parent=7710"}],"wp:term":[{"taxonomy":"product_brand","embeddable":true,"href":"https:\/\/oekotierzucht.de\/de\/wp-json\/wp\/v2\/product_brand?post=7710"},{"taxonomy":"product_cat","embeddable":true,"href":"https:\/\/oekotierzucht.de\/de\/wp-json\/wp\/v2\/product_cat?post=7710"},{"taxonomy":"product_tag","embeddable":true,"href":"https:\/\/oekotierzucht.de\/de\/wp-json\/wp\/v2\/product_tag?post=7710"}],"curies":[{"name":"wp","href":"https:\/\/api.w.org\/{rel}","templated":true}]}}