{"id":7715,"date":"2024-11-20T10:54:49","date_gmt":"2024-11-20T09:54:49","guid":{"rendered":"https:\/\/oekotierzucht.de\/?post_type=product&#038;p=7715"},"modified":"2025-05-23T08:06:11","modified_gmt":"2025-05-23T06:06:11","slug":"oetz-produktsiegel","status":"publish","type":"product","link":"https:\/\/oekotierzucht.de\/de\/produkt\/oetz-produktsiegel\/","title":{"rendered":"\u00d6TZ-Produktsiegel Erstinformation"},"content":{"rendered":"<h4>\u00d6TZ-Produktsiegel &#8220;Zweinutzungshuhn&#8221;<\/h4>\n<p>&nbsp;<\/p>\n<p>Das <strong>\u00d6TZ-Produktsiegel<\/strong> ist exklusiv f\u00fcr dich als <strong>Landwirt <\/strong>reserviert und steht f\u00fcr einzigartige \u00d6TZ-Qualit\u00e4t. Es macht die besonderen Standards und Werte \u00fcberall sichtbar und erkennbar.<\/p>\n<p>&nbsp;<\/p>\n<p>Das Produktsiegel darf <strong>ausschlie\u00dflich<\/strong> zur Kennzeichnung von Produkten verwendet werden, die direkt oder indirekt aus <strong>Gebrauchskreuzungen oder reinrassigen Zuchtherden der \u00d6TZ<\/strong> stammen. Die Nutzung ist nur f\u00fcr Vertragspartner mit einem g\u00fcltigen <strong>\u00d6TZ-Siegelnutzungsvertrag<\/strong> m\u00f6glich.<\/p>\n<p>&nbsp;<\/p>\n<p>In deinem <strong>Starter-Paket<\/strong> senden wir dir folgende Werbematerialien zu:<\/p>\n<ul>\n<li>Eine Rolle Produktsiegel-Aufkleber (ca. 1.000 St\u00fcck)<\/li>\n<li>Je ein Poster A1 und A3 &#8220;Das Gelbe vom Ei&#8221;<\/li>\n<li>50 St\u00fcck Falz-Flyer &#8220;Das Gelbe vom Ei&#8221;<\/li>\n<li>5 St\u00fcck Schaufensteraufkleber Produktsiegel<\/li>\n<li>1 St\u00fcck Bekennerschild &#8220;Wir halten Zweinutzungsh\u00fchner&#8221;<\/li>\n<\/ul>\n<p>&nbsp;<\/p>\n<p><strong>Weitere Informationen<\/strong> zur Vermarktungsunterst\u00fctzung der \u00d6TZ findest du hier: <a href=\"https:\/\/oekotierzucht.de\/de\/vermarkten\/\" target=\"_blank\" rel=\"noopener\">Vermarkten &#8211; \u00d6kologische Tierzucht gGmbH<\/a><\/p>\n<p>Hinweise zur Siegelnutzung bzgl. Zertifizierungsanforderungen<\/p>\n<p><strong>Voraussetzungen f\u00fcr die Siegelnutzung sind:<\/strong><\/p>\n<ul>\n<li>Verbandsbiozertifizierung (Ausnahme: EU-Bio bei Best\u00e4nden unter 500 Tieren)<\/li>\n<li>Haltung von Tieren aus \u00d6TZ-Genetik<\/li>\n<\/ul>\n<p>&nbsp;<\/p>\n<p>Du m\u00f6chtest <strong>Referenzen<\/strong>? Neben vielen anderen, verwenden die folgenden Betriebe das Siegel bereits erfolgreich:<\/p>\n<ul>\n<li><a href=\"https:\/\/hofladen-alte-schaeferei.de\/\" target=\"_blank\" rel=\"noopener\">Die Alte Sch\u00e4ferei &#8211; Biolandhof F\u00f6rg<\/a><\/li>\n<li><a href=\"https:\/\/linden-gut.eu\/de\/bio-eier-in-demeter-qualitaet\/\" target=\"_blank\" rel=\"noopener\">Lindengut Dipperz\u00a0<\/a><\/li>\n<li><a href=\"https:\/\/linden-gut.eu\/de\/bio-eier-in-demeter-qualitaet\/\" target=\"_blank\" rel=\"noopener\">Landwirtschaft D\u00f6rte Lorenzen\u00a0<\/a><\/li>\n<\/ul>\n","protected":false},"excerpt":{"rendered":"<p>Das <strong>\u00d6TZ-Produktsiegel<\/strong> steht f\u00fcr die tats\u00e4chliche \u00d6TZ-Qualit\u00e4t bei Fleisch und Eiern. Mit einem j\u00e4hrlichen Beitrag von 150 \u20ac netto oder monatlich 12,50 \u20ac kann das \u00d6TZ-Produktsiegel auf allen origin\u00e4ren \u00d6TZ-Produkten verwendet werden. Au\u00dferdem unterst\u00fctzen wir dich bei der Bewerbung deiner Produkte. Mit Abschluss des <strong>Siegelnutzungsvertrages<\/strong> erh\u00e4ltst du von uns ein <strong>Starterpaket<\/strong> im Wert von 55\u20ac (mit diversen Werbematerialien f\u00fcr den Point of Sale), das dich optimal f\u00fcr den Einsatz des Siegels ausstattet. Au\u00dferdem bieten wir unseren Siegelnutzern Schulungen und individuelle Gestaltungsunterst\u00fctzung an.<\/p>\n<p>&nbsp;<\/p>\n<p><strong>NEU: <\/strong>Ab 2025 ist das Produktsiegel exklusiv f\u00fcr Landwirte reserviert. Damit bestimmst du selbst, wohin deine \u00d6TZ-Produkte gehen \u2013 ob in den Hofladen, die Abokiste, zu Edeka, Rewe, in die SoLaWi oder den Bioladen. Das \u00d6TZ-Siegel steht f\u00fcr einzigartige \u00d6TZ-Qualit\u00e4t und macht sie \u00fcberall sichtbar.<\/p>\n<p>&nbsp;<\/p>\n<p>Auch du m\u00f6chtest deine Zweinutzungshuhn-Produkte mit dem \u00d6TZ-Produktsiegel kennzeichnen? Sehr gerne! Lege das Siegel in deinen Warenkorb und du erh\u00e4ltst alle Details sowie ein pers\u00f6nliches Beratungsgespr\u00e4ch. Keine Sorge, mit diesem Vorgang schlie\u00dft du noch keinen Vertrag ab \ud83d\ude42<\/p>\n","protected":false},"featured_media":7734,"template":"","meta":[],"product_brand":[],"product_cat":[15,97],"product_tag":[137,145],"class_list":{"0":"post-7715","1":"product","2":"type-product","3":"status-publish","4":"has-post-thumbnail","6":"product_cat-produkt-1-cent-siegel","7":"product_cat-werbematerialien","8":"product_tag-managementhilfen","9":"product_tag-produktsiegel","10":"product_shipping_class-managementtools","11":"Produkt- &amp; 1-Cent-Siegel","12":"Werbematerialien","14":"first","15":"instock","16":"downloadable","17":"sold-individually","18":"taxable","19":"shipping-taxable","20":"purchasable","21":"product-type-simple"},"_links":{"self":[{"href":"https:\/\/oekotierzucht.de\/de\/wp-json\/wp\/v2\/product\/7715","targetHints":{"allow":["GET"]}}],"collection":[{"href":"https:\/\/oekotierzucht.de\/de\/wp-json\/wp\/v2\/product"}],"about":[{"href":"https:\/\/oekotierzucht.de\/de\/wp-json\/wp\/v2\/types\/product"}],"wp:featuredmedia":[{"embeddable":true,"href":"https:\/\/oekotierzucht.de\/de\/wp-json\/wp\/v2\/media\/7734"}],"wp:attachment":[{"href":"https:\/\/oekotierzucht.de\/de\/wp-json\/wp\/v2\/media?parent=7715"}],"wp:term":[{"taxonomy":"product_brand","embeddable":true,"href":"https:\/\/oekotierzucht.de\/de\/wp-json\/wp\/v2\/product_brand?post=7715"},{"taxonomy":"product_cat","embeddable":true,"href":"https:\/\/oekotierzucht.de\/de\/wp-json\/wp\/v2\/product_cat?post=7715"},{"taxonomy":"product_tag","embeddable":true,"href":"https:\/\/oekotierzucht.de\/de\/wp-json\/wp\/v2\/product_tag?post=7715"}],"curies":[{"name":"wp","href":"https:\/\/api.w.org\/{rel}","templated":true}]}}