{"id":7766,"date":"2024-11-20T22:58:12","date_gmt":"2024-11-20T21:58:12","guid":{"rendered":"https:\/\/oekotierzucht.de\/?post_type=product&#038;p=7766"},"modified":"2025-04-03T09:17:52","modified_gmt":"2025-04-03T07:17:52","slug":"postkarte-huehneraugen","status":"publish","type":"product","link":"https:\/\/oekotierzucht.de\/de\/produkt\/postkarte-huehneraugen\/","title":{"rendered":"Postkarte &#8220;Du hast die sch\u00f6nsten H\u00fchneraugen&#8221;"},"content":{"rendered":"<h4>Postkarte &#8220;Du hast die sch\u00f6nsten H\u00fchneraugen&#8221;<\/h4>\n<p>Die Karte k\u00f6nnte sich sowohl als liebevolle Neckerei als auch f\u00fcr Liebeserkl\u00e4rungen mit Augenzwinkern eignen \u2013 typisch f\u00fcr die witzigen und charmanten Edgar-Gru\u00dfkarten.<\/p>\n<p>&nbsp;<\/p>\n<p><em>\u00a0<\/em><\/p>\n<p style=\"text-align: right;\">\n","protected":false},"excerpt":{"rendered":"<p><strong>Postkarte \u201eDu hast die sch\u00f6nsten H\u00fchneraugen\u201c<\/strong><br \/>\nEin echter Hingucker! Diese humorvolle Postkarte zaubert garantiert ein L\u00e4cheln ins Gesicht \u2013 ob als liebevolle Neckerei, charmantes Kompliment oder einfach f\u00fcr zwischendurch. Perfekt, um jemandem zu sagen: \u201eIch seh dich gern \u2013 mit oder ohne H\u00fchner!\u201c<\/p>\n<p><strong>Details:<\/strong><\/p>\n<ul>\n<li>Format: 175 x 120 mm (klassische Postkartengr\u00f6\u00dfe)<\/li>\n<li>Material: 350g Bilderdruckpapier (zertifiziert mit FSC-Siegel)<\/li>\n<li>R\u00fcckseite: Platz f\u00fcr pers\u00f6nliche Worte und Adressfeld<\/li>\n<\/ul>\n<p><strong>Ideal f\u00fcr:<\/strong> Geburtstage, Flirts, kleine Alltags\u00fcberraschungen oder einfach als Gru\u00df mit Augenzwinkern.<\/p>\n<p><em>&#8220;Bring deine Botschaft mit Humor auf den Weg!&#8221;<\/em><\/p>\n","protected":false},"featured_media":7729,"template":"","meta":[],"product_brand":[],"product_cat":[97],"product_tag":[141,142,143,144,145,140],"class_list":{"0":"post-7766","1":"product","2":"type-product","3":"status-publish","4":"has-post-thumbnail","6":"product_cat-werbematerialien","7":"product_tag-vermarktung","8":"product_tag-produkte-vom-zweinutzungshuhn","9":"product_tag-marketing","10":"product_tag-aufkleber","11":"product_tag-produktsiegel","12":"product_tag-werbung","13":"product_shipping_class-werbematerial","14":"Werbematerialien","16":"first","17":"instock","18":"sold-individually","19":"taxable","20":"shipping-taxable","21":"purchasable","22":"product-type-variable","23":"has-default-attributes"},"_links":{"self":[{"href":"https:\/\/oekotierzucht.de\/de\/wp-json\/wp\/v2\/product\/7766","targetHints":{"allow":["GET"]}}],"collection":[{"href":"https:\/\/oekotierzucht.de\/de\/wp-json\/wp\/v2\/product"}],"about":[{"href":"https:\/\/oekotierzucht.de\/de\/wp-json\/wp\/v2\/types\/product"}],"wp:featuredmedia":[{"embeddable":true,"href":"https:\/\/oekotierzucht.de\/de\/wp-json\/wp\/v2\/media\/7729"}],"wp:attachment":[{"href":"https:\/\/oekotierzucht.de\/de\/wp-json\/wp\/v2\/media?parent=7766"}],"wp:term":[{"taxonomy":"product_brand","embeddable":true,"href":"https:\/\/oekotierzucht.de\/de\/wp-json\/wp\/v2\/product_brand?post=7766"},{"taxonomy":"product_cat","embeddable":true,"href":"https:\/\/oekotierzucht.de\/de\/wp-json\/wp\/v2\/product_cat?post=7766"},{"taxonomy":"product_tag","embeddable":true,"href":"https:\/\/oekotierzucht.de\/de\/wp-json\/wp\/v2\/product_tag?post=7766"}],"curies":[{"name":"wp","href":"https:\/\/api.w.org\/{rel}","templated":true}]}}