{"id":8473,"date":"2024-12-12T08:49:35","date_gmt":"2024-12-12T07:49:35","guid":{"rendered":"https:\/\/oekotierzucht.de\/?post_type=product&#038;p=8473"},"modified":"2026-03-31T08:56:24","modified_gmt":"2026-03-31T06:56:24","slug":"oetz-management-guide","status":"publish","type":"product","link":"https:\/\/oekotierzucht.de\/de\/produkt\/oetz-management-guide\/","title":{"rendered":"\u00d6TZ-Management Guide"},"content":{"rendered":"<h4>\u00d6TZ-Management Guide<\/h4>\n<p>Dieser umfassende Leitfaden bietet dir praxisorientiertes Wissen und detaillierte Informationen zu den Leistungsdaten der \u00d6TZ-Genetiken \u2013 abgestimmt auf die Bed\u00fcrfnisse von H\u00fchnerhaltern und interessierten Fachleuten wie dir.<\/p>\n<p>&nbsp;<\/p>\n<p><a href=\"https:\/\/oekotierzucht.de\/wp-content\/uploads\/2025\/06\/OeTZ_Managementguide_2025_Web.pdf\" target=\"_blank\" rel=\"noopener\">Auch als Download verf\u00fcgbar\u00a0<\/a><\/p>\n","protected":false},"excerpt":{"rendered":"<div>Der \u00d6TZ-Management Guide enth\u00e4lt umfangreiche Informationen inkl. aller Leistungsdaten der \u00d6TZ-Genetiken.<\/div>\n<div>F\u00fcr H\u00fchnerhalter und interessierte Fachleute.<\/div>\n<p>Gr\u00f6\u00dfe A4<\/p>\n<p><strong>Kostenfrei<\/strong><\/p>\n","protected":false},"featured_media":13499,"template":"","meta":[],"product_brand":[],"product_cat":[96],"product_tag":[136,137,138,139],"class_list":{"0":"post-8473","1":"product","2":"type-product","3":"status-publish","4":"has-post-thumbnail","6":"product_cat-managementtools","7":"product_tag-leitfaden","8":"product_tag-managementhilfen","9":"product_tag-huehnerhaltung","10":"product_tag-kuekenaufzucht","11":"product_shipping_class-managementtools","12":"Managementtools","14":"first","15":"instock","16":"sold-individually","17":"taxable","18":"shipping-taxable","19":"purchasable","20":"product-type-simple"},"_links":{"self":[{"href":"https:\/\/oekotierzucht.de\/de\/wp-json\/wp\/v2\/product\/8473","targetHints":{"allow":["GET"]}}],"collection":[{"href":"https:\/\/oekotierzucht.de\/de\/wp-json\/wp\/v2\/product"}],"about":[{"href":"https:\/\/oekotierzucht.de\/de\/wp-json\/wp\/v2\/types\/product"}],"wp:featuredmedia":[{"embeddable":true,"href":"https:\/\/oekotierzucht.de\/de\/wp-json\/wp\/v2\/media\/13499"}],"wp:attachment":[{"href":"https:\/\/oekotierzucht.de\/de\/wp-json\/wp\/v2\/media?parent=8473"}],"wp:term":[{"taxonomy":"product_brand","embeddable":true,"href":"https:\/\/oekotierzucht.de\/de\/wp-json\/wp\/v2\/product_brand?post=8473"},{"taxonomy":"product_cat","embeddable":true,"href":"https:\/\/oekotierzucht.de\/de\/wp-json\/wp\/v2\/product_cat?post=8473"},{"taxonomy":"product_tag","embeddable":true,"href":"https:\/\/oekotierzucht.de\/de\/wp-json\/wp\/v2\/product_tag?post=8473"}],"curies":[{"name":"wp","href":"https:\/\/api.w.org\/{rel}","templated":true}]}}