{"id":9238,"date":"2025-01-17T12:05:41","date_gmt":"2025-01-17T11:05:41","guid":{"rendered":"https:\/\/oekotierzucht.de\/?post_type=product&#038;p=9238"},"modified":"2026-04-01T07:26:37","modified_gmt":"2026-04-01T05:26:37","slug":"wilde-enten","status":"publish","type":"product","link":"https:\/\/oekotierzucht.de\/de\/produkt\/wilde-enten\/","title":{"rendered":"Brutei Wilde Ente"},"content":{"rendered":"<h4>Wilde Ente-Brutei<\/h4>\n<p>Die Bruteier werden\u00a0mit gr\u00f6\u00dfter Sorgfalt ausgew\u00e4hlt, sicher verpackt und dann direkt zu dir geliefert. So startest du mit den besten Voraussetzungen in die Brut.<\/p>\n<p>&nbsp;<\/p>\n<p><strong>Wichtige Hinweise:<\/strong><\/p>\n<ul>\n<li><strong>Pers\u00f6nliche Annahme:<\/strong> Stelle sicher, dass die Lieferung der Bruteier am Zustelltag pers\u00f6nlich angenommen wird, um sie vor Hitze oder K\u00e4lte zu sch\u00fctzen. Die Bruteier sind \u00e4u\u00dferst empfindlich.<\/li>\n<li><strong>Gut vorbereitet:<\/strong> Lade dir unbedingt das <a href=\"https:\/\/oekotierzucht.de\/wp-content\/uploads\/2024\/11\/20240716_OeTZ_Bruteijournal.pdf\"><strong>\u00d6TZ-Bruteijournal<\/strong><\/a> und den <a href=\"https:\/\/oekotierzucht.de\/produkt\/leitfaden-kuekenaufzucht\/\"><strong>\u00d6TZ-K\u00fckenleitfaden<\/strong><\/a> herunter. Diese Unterlagen bieten dir wertvolle Unterst\u00fctzung bei der Brut und der Aufzucht deiner K\u00fcken.<\/li>\n<\/ul>\n<p>&nbsp;<\/p>\n<p><strong>Tipp zur Schlachtung<\/strong>:<\/p>\n<p>Enten in der Mauser (Federwechsel) sind sehr aufw\u00e4ndig zu rupfen, hier empfiehlt es sich genau hin zu sehen. 3 Wochen nach dem Mauser Startpunkt (erkennt man an den vielen Flaumfedern die dann auf einmal im Stall\/Auslauf liegen) noch 4 Wochen warten dann sind die kleinen neuen Federn gro\u00df genug, dass man sie gut rupfen kann! Die 1. Mauser findet zwischen der 8. und 11. Woche statt (je nach Wetter und Futter).<\/p>\n<p>&nbsp;<\/p>\n<p>Viel Erfolg und vor allem: jede Menge Freude mit deinen Wilden Enten!<\/p>\n","protected":false},"excerpt":{"rendered":"<p>Gebrauchskreuzung |<a href=\"https:\/\/www.biokueken.de\/produkte\/\" target=\"_blank\" rel=\"noopener\"> junge Z\u00fcchtung<\/a> | Ursprungsrassen Sachsenente und wei\u00dfe Pekingente<\/p>\n<p>&nbsp;<\/p>\n<p>Das macht das Wilde Ente besonders:<\/p>\n<ul>\n<li>Einzigartiges Aussehen<\/li>\n<li>Frohw\u00fcchsig<\/li>\n<\/ul>\n<p>&nbsp;<\/p>\n<p>Daten aus der Praxis:<\/p>\n<ul>\n<li>Die Enten sind robust, vital<\/li>\n<li>Schlachtreife nach 16-20 Wochen<\/li>\n<li>Enten nach 16. Woche: ca. 3-3,5 kg LG (1,8-2,5 kg Schlachtgewicht)<\/li>\n<li>Erpel nach der 16. Woche zwischen 3,5 und 4,5 kg Lebendgewicht\u00a0 (2,5-3 kg Schlachtgewicht)<\/li>\n<li>Hinweis: je nach Futterintensit\u00e4t werden die Gewichte erst mit 20 Wochen erreicht<\/li>\n<li>BmTierSSchV EU-Zertifizierung*: Nein<\/li>\n<li>Verf\u00fcgbarkeit: auf Nachfrage ab etwa M\u00e4rz des Jahres<\/li>\n<\/ul>\n<p>&nbsp;<\/p>\n<p>Zertifizierung:<\/p>\n<div id=\"tablepress-30-scroll-wrapper\" class=\"tablepress-scroll-wrapper\">\n<table id=\"tablepress-30\" class=\"tablepress tablepress-id-30 tablepress-responsive\">\n<thead>\n<tr class=\"row-1\">\n<th class=\"column-1\">Logo <\/th>\n<th class=\"column-2\">Zertifizierung <\/th>\n<th class=\"column-3\">Beschreibung <\/th>\n<\/tr>\n<\/thead>\n<tbody class=\"row-striping row-hover\">\n<tr class=\"row-2\">\n<td class=\"column-1\"><img decoding=\"async\" src=\"https:\/\/oekotierzucht.de\/wp-content\/uploads\/2025\/08\/EU_Organic_Logo_Colour_rgb-300x200.jpg\" alt=\"EU-Bio\" width=\"50\" height=\"50\" class=\"alignnone size-medium wp-image-13553\" \/><\/td>\n<td class=\"column-2\"><a href=\"https:\/\/www.oekolandbau.de\/bio-zertifizierung\/richtlinien-der-oeko-anbauverbaende\/eu-oeko-verordnung\/\" target=\"_blank\">EU-Bio <\/a><\/td>\n<td class=\"column-3\">Diese Bruteier sind EU-Bio zertifiziert. <br \/>\nDE-\u00d6KO-006<\/td>\n<\/tr>\n<tr class=\"row-3\">\n<td class=\"column-1\"><img decoding=\"async\" src=\"https:\/\/oekotierzucht.de\/wp-content\/uploads\/2025\/08\/Bioland-Markenzeichen-296x300.png\" alt=\"Bioland-Markenzeichen\" width=\"50\" height=\"50\" class=\"alignnone size-medium wp-image-13555\" srcset=\"https:\/\/oekotierzucht.de\/wp-content\/uploads\/2025\/08\/Bioland-Markenzeichen-296x300.png 296w, https:\/\/oekotierzucht.de\/wp-content\/uploads\/2025\/08\/Bioland-Markenzeichen-150x150.png 150w, https:\/\/oekotierzucht.de\/wp-content\/uploads\/2025\/08\/Bioland-Markenzeichen-12x12.png 12w, https:\/\/oekotierzucht.de\/wp-content\/uploads\/2025\/08\/Bioland-Markenzeichen-400x400.png 400w, https:\/\/oekotierzucht.de\/wp-content\/uploads\/2025\/08\/Bioland-Markenzeichen-100x100.png 100w, https:\/\/oekotierzucht.de\/wp-content\/uploads\/2025\/08\/Bioland-Markenzeichen.png 501w\" sizes=\"(max-width: 50px) 100vw, 50px\" \/><\/td>\n<td class=\"column-2\"><a href=\"https:\/\/www.bioland.de\/richtlinien\" target=\"_blank\">Verbandszertifizierung Bioland<\/a><\/td>\n<td class=\"column-3\">Diese Bruteier sind zertifiziert durch Bioland.<\/td>\n<\/tr>\n<\/tbody>\n<\/table>\n<\/div>\n<p><!-- #tablepress-30 from cache --><\/p>\n<p>&nbsp;<\/p>\n<p>Versandort: <a href=\"https:\/\/www.biokueken.de\/\">Dorn &amp; Schmidt GbR <\/a>| 37214 Witzenhausen<\/p>\n<p>Versand erfolgt idR. mittwochs<\/p>\n<p>Mindestbestellmenge: 15 St\u00fcck<\/p>\n<p>voraussichtlich ab M\u00e4rz 2026 wieder lieferbar<\/p>\n","protected":false},"featured_media":9240,"template":"","meta":[],"product_brand":[],"product_cat":[94],"product_tag":[91,106,195,196],"class_list":{"0":"post-9238","1":"product","2":"type-product","3":"status-publish","4":"has-post-thumbnail","6":"product_cat-bruteier","7":"product_tag-brutei","8":"product_tag-wilde-enten","9":"product_tag-enten","10":"product_tag-bio","11":"product_shipping_class-enten","12":"Bruteier","14":"first","15":"instock","16":"taxable","17":"shipping-taxable","18":"product-type-simple"},"_links":{"self":[{"href":"https:\/\/oekotierzucht.de\/de\/wp-json\/wp\/v2\/product\/9238","targetHints":{"allow":["GET"]}}],"collection":[{"href":"https:\/\/oekotierzucht.de\/de\/wp-json\/wp\/v2\/product"}],"about":[{"href":"https:\/\/oekotierzucht.de\/de\/wp-json\/wp\/v2\/types\/product"}],"wp:featuredmedia":[{"embeddable":true,"href":"https:\/\/oekotierzucht.de\/de\/wp-json\/wp\/v2\/media\/9240"}],"wp:attachment":[{"href":"https:\/\/oekotierzucht.de\/de\/wp-json\/wp\/v2\/media?parent=9238"}],"wp:term":[{"taxonomy":"product_brand","embeddable":true,"href":"https:\/\/oekotierzucht.de\/de\/wp-json\/wp\/v2\/product_brand?post=9238"},{"taxonomy":"product_cat","embeddable":true,"href":"https:\/\/oekotierzucht.de\/de\/wp-json\/wp\/v2\/product_cat?post=9238"},{"taxonomy":"product_tag","embeddable":true,"href":"https:\/\/oekotierzucht.de\/de\/wp-json\/wp\/v2\/product_tag?post=9238"}],"curies":[{"name":"wp","href":"https:\/\/api.w.org\/{rel}","templated":true}]}}