{"id":13740,"date":"2025-09-10T09:25:23","date_gmt":"2025-09-10T07:25:23","guid":{"rendered":"https:\/\/oekotierzucht.de\/?page_id=13740"},"modified":"2026-03-20T09:53:36","modified_gmt":"2026-03-20T08:53:36","slug":"hornkuh-de","status":"publish","type":"page","link":"https:\/\/oekotierzucht.de\/en\/hornkuh-de\/","title":{"rendered":"Hornkuh.de"},"content":{"rendered":"\t\t<div data-elementor-type=\"wp-page\" data-elementor-id=\"13740\" class=\"elementor elementor-13740\" data-elementor-post-type=\"page\">\n\t\t\t\t\t\t<section class=\"elementor-section elementor-top-section elementor-element elementor-element-2c74049 elementor-section-boxed elementor-section-height-default elementor-section-height-default\" data-id=\"2c74049\" data-element_type=\"section\" data-e-type=\"section\" data-settings=\"{&quot;background_background&quot;:&quot;classic&quot;}\">\n\t\t\t\t\t\t<div class=\"elementor-container elementor-column-gap-no\">\n\t\t\t\t\t<div class=\"elementor-column elementor-col-50 elementor-top-column elementor-element elementor-element-ec9c418\" data-id=\"ec9c418\" data-element_type=\"column\" data-e-type=\"column\" data-settings=\"{&quot;background_background&quot;:&quot;classic&quot;}\">\n\t\t\t<div class=\"elementor-widget-wrap elementor-element-populated\">\n\t\t\t\t\t\t<div class=\"elementor-element elementor-element-b358fc6 elementor-widget elementor-widget-heading\" data-id=\"b358fc6\" data-element_type=\"widget\" data-e-type=\"widget\" data-widget_type=\"heading.default\">\n\t\t\t\t<div class=\"elementor-widget-container\">\n\t\t\t\t\t<h2 class=\"elementor-heading-title elementor-size-default\">Projekt Hornkuh<\/h2>\t\t\t\t<\/div>\n\t\t\t\t<\/div>\n\t\t\t\t<div class=\"elementor-element elementor-element-85657df elementor-widget elementor-widget-heading\" data-id=\"85657df\" data-element_type=\"widget\" data-e-type=\"widget\" data-widget_type=\"heading.default\">\n\t\t\t\t<div class=\"elementor-widget-container\">\n\t\t\t\t\t<h4 class=\"elementor-heading-title elementor-size-default\">Erhalt horntragender Rassen<\/h4>\t\t\t\t<\/div>\n\t\t\t\t<\/div>\n\t\t\t\t<div class=\"elementor-element elementor-element-2f7cca8 elementor-widget__width-inherit elementor-widget elementor-widget-image\" data-id=\"2f7cca8\" data-element_type=\"widget\" data-e-type=\"widget\" data-widget_type=\"image.default\">\n\t\t\t\t<div class=\"elementor-widget-container\">\n\t\t\t\t\t\t\t\t\t\t\t\t<figure class=\"wp-caption\">\n\t\t\t\t\t\t\t\t\t\t<img fetchpriority=\"high\" decoding=\"async\" width=\"620\" height=\"362\" src=\"https:\/\/oekotierzucht.de\/wp-content\/uploads\/2025\/09\/hoerner_kuh-auf-weide_brankajukic.jpg\" class=\"attachment-large size-large wp-image-13769\" alt=\"\" srcset=\"https:\/\/oekotierzucht.de\/wp-content\/uploads\/2025\/09\/hoerner_kuh-auf-weide_brankajukic.jpg 620w, https:\/\/oekotierzucht.de\/wp-content\/uploads\/2025\/09\/hoerner_kuh-auf-weide_brankajukic-300x175.jpg 300w, https:\/\/oekotierzucht.de\/wp-content\/uploads\/2025\/09\/hoerner_kuh-auf-weide_brankajukic-18x12.jpg 18w\" sizes=\"(max-width: 620px) 100vw, 620px\" title=\"\">\t\t\t\t\t\t\t\t\t\t\t<figcaption class=\"widget-image-caption wp-caption-text\">Foto: Branka Jukic<\/figcaption>\n\t\t\t\t\t\t\t\t\t\t<\/figure>\n\t\t\t\t\t\t\t\t\t<\/div>\n\t\t\t\t<\/div>\n\t\t\t\t<div class=\"elementor-element elementor-element-99c5d5d elementor-widget elementor-widget-text-editor\" data-id=\"99c5d5d\" data-element_type=\"widget\" data-e-type=\"widget\" data-widget_type=\"text-editor.default\">\n\t\t\t\t<div class=\"elementor-widget-container\">\n\t\t\t\t\t\t\t\t\t<p>Ein Auftrag der \u00d6kologischen Tierzucht f\u00fcr die Rinderzucht, lautet, die horntragenden Rassen zu erhalten und Betriebe in dieser Zucht bestm\u00f6glich zu unterst\u00fctzen.<br \/>Die ersten horntragenden Rassen k\u00f6nnten bald zu 100 Prozent genetisch hornlos sein.<br \/>Um weiterhin in allen Rassen eine gute horntragende Genetik zu erhalten, braucht es unser alle Zusammenarbeit und den Aufbau eines guten Netzwerkes. Ob ein Betriebsleiter horntragende K\u00fche halten will oder sich f\u00fcr eine hornlosen Zucht oder auch f\u00fcr eine hornlose Rasse entscheidet, hat ganz unterschiedliche Gr\u00fcnde und ist eine pers\u00f6nliche Entscheidung.<br \/>Uns ist es wichtig das jeder Betrieb in seiner pers\u00f6nlichen Betriebsindividuellen Vorliebe die Unterst\u00fctzung erh\u00e4lt die es bedarf, um z\u00fcchterisch die Erfolge zu erzielen die er sich w\u00fcnscht.<br \/>Betriebe mit horntragenden Rindern in der Zucht zu unterst\u00fctzen, hei\u00dft f\u00fcr uns auch, Unterst\u00fctzung rund um das Management in der Haltung von horntragenden Tieren.<br \/>Ein weiteres Anliegen ist es: auf dieser Seite ein Forum zu gestalten in dem sich Betriebsleiter:innen austauschen k\u00f6nnen.<\/p>\t\t\t\t\t\t\t\t<\/div>\n\t\t\t\t<\/div>\n\t\t\t\t<div class=\"elementor-element elementor-element-421b7d9 elementor-widget-divider--view-line elementor-widget elementor-widget-divider\" data-id=\"421b7d9\" data-element_type=\"widget\" data-e-type=\"widget\" data-widget_type=\"divider.default\">\n\t\t\t\t<div class=\"elementor-widget-container\">\n\t\t\t\t\t\t\t<div class=\"elementor-divider\">\n\t\t\t<span class=\"elementor-divider-separator\">\n\t\t\t\t\t\t<\/span>\n\t\t<\/div>\n\t\t\t\t\t\t<\/div>\n\t\t\t\t<\/div>\n\t\t\t\t<div class=\"elementor-element elementor-element-7a62332 elementor-widget elementor-widget-image\" data-id=\"7a62332\" data-element_type=\"widget\" data-e-type=\"widget\" data-widget_type=\"image.default\">\n\t\t\t\t<div class=\"elementor-widget-container\">\n\t\t\t\t\t\t\t\t\t\t\t\t\t\t\t<img decoding=\"async\" src=\"https:\/\/oekotierzucht.de\/wp-content\/uploads\/elementor\/thumbs\/logo_demeter_rgb-rawuxqmzzeb3m60sre38sjumx76d6fea1y2j9h2g24.jpg\" title=\"Demeter\" alt=\"Demeter-Logo\" loading=\"lazy\" \/>\t\t\t\t\t\t\t\t\t\t\t\t\t\t\t<\/div>\n\t\t\t\t<\/div>\n\t\t\t\t<div class=\"elementor-element elementor-element-86f976a elementor-widget elementor-widget-text-editor\" data-id=\"86f976a\" data-element_type=\"widget\" data-e-type=\"widget\" data-widget_type=\"text-editor.default\">\n\t\t\t\t<div class=\"elementor-widget-container\">\n\t\t\t\t\t\t\t\t\t<p><a href=\"https:\/\/www.demeter.de\/kuehe-haben-hoerner\" target=\"_blank\" rel=\"noopener\">K\u00fche haben H\u00f6rner -&gt; weitere Infos unter demeter.de<\/a><\/p>\t\t\t\t\t\t\t\t<\/div>\n\t\t\t\t<\/div>\n\t\t\t\t<div class=\"elementor-element elementor-element-b703a5d elementor-widget-divider--view-line elementor-widget elementor-widget-divider\" data-id=\"b703a5d\" data-element_type=\"widget\" data-e-type=\"widget\" data-widget_type=\"divider.default\">\n\t\t\t\t<div class=\"elementor-widget-container\">\n\t\t\t\t\t\t\t<div class=\"elementor-divider\">\n\t\t\t<span class=\"elementor-divider-separator\">\n\t\t\t\t\t\t<\/span>\n\t\t<\/div>\n\t\t\t\t\t\t<\/div>\n\t\t\t\t<\/div>\n\t\t\t\t<section class=\"elementor-section elementor-inner-section elementor-element elementor-element-300f056 elementor-section-boxed elementor-section-height-default elementor-section-height-default\" data-id=\"300f056\" data-element_type=\"section\" data-e-type=\"section\">\n\t\t\t\t\t\t<div class=\"elementor-container elementor-column-gap-default\">\n\t\t\t\t\t<div class=\"elementor-column elementor-col-50 elementor-inner-column elementor-element elementor-element-338056b\" data-id=\"338056b\" data-element_type=\"column\" data-e-type=\"column\">\n\t\t\t<div class=\"elementor-widget-wrap elementor-element-populated\">\n\t\t\t\t\t\t<div class=\"elementor-element elementor-element-5800407 elementor-widget elementor-widget-image\" data-id=\"5800407\" data-element_type=\"widget\" data-e-type=\"widget\" data-widget_type=\"image.default\">\n\t\t\t\t<div class=\"elementor-widget-container\">\n\t\t\t\t\t\t\t\t\t\t\t\t\t\t\t<img decoding=\"async\" width=\"521\" height=\"521\" src=\"https:\/\/oekotierzucht.de\/wp-content\/uploads\/2025\/12\/Mabelle.jpg\" class=\"attachment-large size-large wp-image-14600\" alt=\"K\u00fche verstehen - Begegnungen auf Augenh\u00f6he\" srcset=\"https:\/\/oekotierzucht.de\/wp-content\/uploads\/2025\/12\/Mabelle.jpg 521w, https:\/\/oekotierzucht.de\/wp-content\/uploads\/2025\/12\/Mabelle-300x300.jpg 300w, https:\/\/oekotierzucht.de\/wp-content\/uploads\/2025\/12\/Mabelle-150x150.jpg 150w, https:\/\/oekotierzucht.de\/wp-content\/uploads\/2025\/12\/Mabelle-12x12.jpg 12w, https:\/\/oekotierzucht.de\/wp-content\/uploads\/2025\/12\/Mabelle-400x400.jpg 400w, https:\/\/oekotierzucht.de\/wp-content\/uploads\/2025\/12\/Mabelle-100x100.jpg 100w\" sizes=\"(max-width: 521px) 100vw, 521px\" title=\"\">\t\t\t\t\t\t\t\t\t\t\t\t\t\t\t<\/div>\n\t\t\t\t<\/div>\n\t\t\t\t\t<\/div>\n\t\t<\/div>\n\t\t\t\t<div class=\"elementor-column elementor-col-50 elementor-inner-column elementor-element elementor-element-64a798a\" data-id=\"64a798a\" data-element_type=\"column\" data-e-type=\"column\">\n\t\t\t<div class=\"elementor-widget-wrap elementor-element-populated\">\n\t\t\t\t\t\t<div class=\"elementor-element elementor-element-f94a41a elementor-widget elementor-widget-heading\" data-id=\"f94a41a\" data-element_type=\"widget\" data-e-type=\"widget\" data-widget_type=\"heading.default\">\n\t\t\t\t<div class=\"elementor-widget-container\">\n\t\t\t\t\t<h5 class=\"elementor-heading-title elementor-size-default\">Beobachtungs\u00fcbungen &amp; Begleitung von Herde und Mensch mit Mabelle Tacke<\/h5>\t\t\t\t<\/div>\n\t\t\t\t<\/div>\n\t\t\t\t<div class=\"elementor-element elementor-element-eaa9fc8 elementor-widget elementor-widget-text-editor\" data-id=\"eaa9fc8\" data-element_type=\"widget\" data-e-type=\"widget\" data-widget_type=\"text-editor.default\">\n\t\t\t\t<div class=\"elementor-widget-container\">\n\t\t\t\t\t\t\t\t\t<p>Im Rahmen des Projekts Hornkuh bieten wir individuelle Workshops f\u00fcr Berater:innen sowie Gruppen von Landwirt:innen an.<\/p><p><a href=\"https:\/\/oekotierzucht.de\/de\/workshop-kuehe-verstehen-hornkuh\/\" target=\"_blank\" rel=\"noopener\">Weitere Infos<\/a><\/p>\t\t\t\t\t\t\t\t<\/div>\n\t\t\t\t<\/div>\n\t\t\t\t\t<\/div>\n\t\t<\/div>\n\t\t\t\t\t<\/div>\n\t\t<\/section>\n\t\t\t\t\t<\/div>\n\t\t<\/div>\n\t\t\t\t<div class=\"elementor-column elementor-col-50 elementor-top-column elementor-element elementor-element-4fa32cd\" data-id=\"4fa32cd\" data-element_type=\"column\" data-e-type=\"column\" data-settings=\"{&quot;background_background&quot;:&quot;classic&quot;}\">\n\t\t\t<div class=\"elementor-widget-wrap elementor-element-populated\">\n\t\t\t\t\t\t<div class=\"elementor-element elementor-element-129cb7f elementor-widget elementor-widget-image\" data-id=\"129cb7f\" data-element_type=\"widget\" data-e-type=\"widget\" data-widget_type=\"image.default\">\n\t\t\t\t<div class=\"elementor-widget-container\">\n\t\t\t\t\t\t\t\t\t\t\t\t\t\t\t<img decoding=\"async\" width=\"400\" height=\"556\" src=\"https:\/\/oekotierzucht.de\/wp-content\/uploads\/2025\/09\/karte_hoerner.png\" class=\"attachment-medium_large size-medium_large wp-image-13765\" alt=\"\" srcset=\"https:\/\/oekotierzucht.de\/wp-content\/uploads\/2025\/09\/karte_hoerner.png 400w, https:\/\/oekotierzucht.de\/wp-content\/uploads\/2025\/09\/karte_hoerner-216x300.png 216w, https:\/\/oekotierzucht.de\/wp-content\/uploads\/2025\/09\/karte_hoerner-9x12.png 9w\" sizes=\"(max-width: 400px) 100vw, 400px\" title=\"\">\t\t\t\t\t\t\t\t\t\t\t\t\t\t\t<\/div>\n\t\t\t\t<\/div>\n\t\t\t\t<div class=\"elementor-element elementor-element-eef5c31 elementor-widget elementor-widget-heading\" data-id=\"eef5c31\" data-element_type=\"widget\" data-e-type=\"widget\" data-widget_type=\"heading.default\">\n\t\t\t\t<div class=\"elementor-widget-container\">\n\t\t\t\t\t<h4 class=\"elementor-heading-title elementor-size-default\">Zuchtnetzwerk<\/h4>\t\t\t\t<\/div>\n\t\t\t\t<\/div>\n\t\t\t\t<div class=\"elementor-element elementor-element-d827c97 elementor-widget elementor-widget-text-editor\" data-id=\"d827c97\" data-element_type=\"widget\" data-e-type=\"widget\" data-widget_type=\"text-editor.default\">\n\t\t\t\t<div class=\"elementor-widget-container\">\n\t\t\t\t\t\t\t\t\t<p>&#8211; Derzeit in Bearbeitung &#8211;<\/p>\t\t\t\t\t\t\t\t<\/div>\n\t\t\t\t<\/div>\n\t\t\t\t<div class=\"elementor-element elementor-element-48b742c elementor-widget-divider--view-line elementor-widget elementor-widget-divider\" data-id=\"48b742c\" data-element_type=\"widget\" data-e-type=\"widget\" data-widget_type=\"divider.default\">\n\t\t\t\t<div class=\"elementor-widget-container\">\n\t\t\t\t\t\t\t<div class=\"elementor-divider\">\n\t\t\t<span class=\"elementor-divider-separator\">\n\t\t\t\t\t\t<\/span>\n\t\t<\/div>\n\t\t\t\t\t\t<\/div>\n\t\t\t\t<\/div>\n\t\t\t\t<div class=\"elementor-element elementor-element-9535766 elementor-widget elementor-widget-heading\" data-id=\"9535766\" data-element_type=\"widget\" data-e-type=\"widget\" data-widget_type=\"heading.default\">\n\t\t\t\t<div class=\"elementor-widget-container\">\n\t\t\t\t\t<h4 class=\"elementor-heading-title elementor-size-default\">Ihre Ansprechpartner<\/h4>\t\t\t\t<\/div>\n\t\t\t\t<\/div>\n\t\t\t\t<div class=\"elementor-element elementor-element-98eb396 elementor-widget elementor-widget-text-editor\" data-id=\"98eb396\" data-element_type=\"widget\" data-e-type=\"widget\" data-widget_type=\"text-editor.default\">\n\t\t\t\t<div class=\"elementor-widget-container\">\n\t\t\t\t\t\t\t\t\t<p>Bei Fragen zur\u00a0 Auswahl horntragender Zuchttiere oder Sperma:<\/p><p>Dr. Carsten Scheper <a href=\"mailto:carsten.scheper@oekotierzucht.de\">carsten.scheper[at]oekotierzucht.de<\/a><\/p>\t\t\t\t\t\t\t\t<\/div>\n\t\t\t\t<\/div>\n\t\t\t\t<div class=\"elementor-element elementor-element-f86542e elementor-widget-divider--view-line elementor-widget elementor-widget-divider\" data-id=\"f86542e\" data-element_type=\"widget\" data-e-type=\"widget\" data-widget_type=\"divider.default\">\n\t\t\t\t<div class=\"elementor-widget-container\">\n\t\t\t\t\t\t\t<div class=\"elementor-divider\">\n\t\t\t<span class=\"elementor-divider-separator\">\n\t\t\t\t\t\t<\/span>\n\t\t<\/div>\n\t\t\t\t\t\t<\/div>\n\t\t\t\t<\/div>\n\t\t\t\t<div class=\"elementor-element elementor-element-2d97dde elementor-widget elementor-widget-text-editor\" data-id=\"2d97dde\" data-element_type=\"widget\" data-e-type=\"widget\" data-widget_type=\"text-editor.default\">\n\t\t\t\t<div class=\"elementor-widget-container\">\n\t\t\t\t\t\t\t\t\t<p>Bei Unterst\u00fctzungsbedarf rund um Haltung und Handling horntragender Rinder:<\/p><p>Mabelle Tacke:<\/p><p><a href=\"mailto:mabelle.tacke@oekotierzucht.de\" target=\"_blank\" rel=\"noopener\">mabelle.tacke[at]oekotierzucht.de<\/a><\/p>\t\t\t\t\t\t\t\t<\/div>\n\t\t\t\t<\/div>\n\t\t\t\t\t<\/div>\n\t\t<\/div>\n\t\t\t\t\t<\/div>\n\t\t<\/section>\n\t\t\t\t<section class=\"elementor-section elementor-top-section elementor-element elementor-element-9524ae5 elementor-section-boxed elementor-section-height-default elementor-section-height-default\" data-id=\"9524ae5\" data-element_type=\"section\" data-e-type=\"section\">\n\t\t\t\t\t\t\t<div class=\"elementor-background-overlay\"><\/div>\n\t\t\t\t\t\t\t<div class=\"elementor-container elementor-column-gap-default\">\n\t\t\t\t\t<div class=\"elementor-column elementor-col-33 elementor-top-column elementor-element elementor-element-7bde1cf\" data-id=\"7bde1cf\" data-element_type=\"column\" data-e-type=\"column\">\n\t\t\t<div class=\"elementor-widget-wrap elementor-element-populated\">\n\t\t\t\t\t\t<div class=\"elementor-element elementor-element-0f50015 elementor-widget elementor-widget-text-editor\" data-id=\"0f50015\" data-element_type=\"widget\" data-e-type=\"widget\" data-widget_type=\"text-editor.default\">\n\t\t\t\t<div class=\"elementor-widget-container\">\n\t\t\t\t\t\t\t\t\t<p><a href=\"https:\/\/www.oekotierzucht.de\" target=\"_blank\" rel=\"noopener\">\u00d6kologische Tierzucht gGmbH (oekotierzucht.de)<\/a><\/p>\t\t\t\t\t\t\t\t<\/div>\n\t\t\t\t<\/div>\n\t\t\t\t\t<\/div>\n\t\t<\/div>\n\t\t\t\t<div class=\"elementor-column elementor-col-33 elementor-top-column elementor-element elementor-element-4f8697a\" data-id=\"4f8697a\" data-element_type=\"column\" data-e-type=\"column\">\n\t\t\t<div class=\"elementor-widget-wrap elementor-element-populated\">\n\t\t\t\t\t\t<div class=\"elementor-element elementor-element-c33dda5 elementor-widget elementor-widget-text-editor\" data-id=\"c33dda5\" data-element_type=\"widget\" data-e-type=\"widget\" data-widget_type=\"text-editor.default\">\n\t\t\t\t<div class=\"elementor-widget-container\">\n\t\t\t\t\t\t\t\t\t<p><a href=\"https:\/\/oekotierzucht.de\/de\/impressum\/\" target=\"_blank\" rel=\"noopener\">Impressum<\/a><\/p>\t\t\t\t\t\t\t\t<\/div>\n\t\t\t\t<\/div>\n\t\t\t\t\t<\/div>\n\t\t<\/div>\n\t\t\t\t<div class=\"elementor-column elementor-col-33 elementor-top-column elementor-element elementor-element-b0d7c61\" data-id=\"b0d7c61\" data-element_type=\"column\" data-e-type=\"column\">\n\t\t\t<div class=\"elementor-widget-wrap elementor-element-populated\">\n\t\t\t\t\t\t<div class=\"elementor-element elementor-element-328fba8 elementor-widget elementor-widget-text-editor\" data-id=\"328fba8\" data-element_type=\"widget\" data-e-type=\"widget\" data-widget_type=\"text-editor.default\">\n\t\t\t\t<div class=\"elementor-widget-container\">\n\t\t\t\t\t\t\t\t\t<p><a href=\"https:\/\/oekotierzucht.de\/de\/datenschutzerklaerung\/\" target=\"_blank\" rel=\"noopener\">Datenschutzerkl\u00e4rung<\/a><\/p>\t\t\t\t\t\t\t\t<\/div>\n\t\t\t\t<\/div>\n\t\t\t\t\t<\/div>\n\t\t<\/div>\n\t\t\t\t\t<\/div>\n\t\t<\/section>\n\t\t\t\t<\/div>\n\t\t","protected":false},"excerpt":{"rendered":"<p>Projekt Hornkuh Erhalt horntragender Rassen Foto: Branka Jukic Ein Auftrag der \u00d6kologischen Tierzucht f\u00fcr die Rinderzucht, lautet, die horntragenden Rassen zu erhalten und Betriebe in dieser Zucht bestm\u00f6glich zu unterst\u00fctzen.Die ersten horntragenden Rassen k\u00f6nnten bald zu 100 Prozent genetisch hornlos sein.Um weiterhin in allen Rassen eine gute horntragende Genetik zu erhalten, braucht es unser alle [&hellip;]<\/p>\n","protected":false},"author":3,"featured_media":0,"parent":0,"menu_order":0,"comment_status":"closed","ping_status":"closed","template":"elementor_canvas","meta":{"footnotes":""},"class_list":["post-13740","page","type-page","status-publish","hentry"],"_links":{"self":[{"href":"https:\/\/oekotierzucht.de\/en\/wp-json\/wp\/v2\/pages\/13740","targetHints":{"allow":["GET"]}}],"collection":[{"href":"https:\/\/oekotierzucht.de\/en\/wp-json\/wp\/v2\/pages"}],"about":[{"href":"https:\/\/oekotierzucht.de\/en\/wp-json\/wp\/v2\/types\/page"}],"author":[{"embeddable":true,"href":"https:\/\/oekotierzucht.de\/en\/wp-json\/wp\/v2\/users\/3"}],"replies":[{"embeddable":true,"href":"https:\/\/oekotierzucht.de\/en\/wp-json\/wp\/v2\/comments?post=13740"}],"version-history":[{"count":121,"href":"https:\/\/oekotierzucht.de\/en\/wp-json\/wp\/v2\/pages\/13740\/revisions"}],"predecessor-version":[{"id":15405,"href":"https:\/\/oekotierzucht.de\/en\/wp-json\/wp\/v2\/pages\/13740\/revisions\/15405"}],"wp:attachment":[{"href":"https:\/\/oekotierzucht.de\/en\/wp-json\/wp\/v2\/media?parent=13740"}],"curies":[{"name":"wp","href":"https:\/\/api.w.org\/{rel}","templated":true}]}}