{"id":20,"date":"2023-08-14T17:12:41","date_gmt":"2023-08-14T15:12:41","guid":{"rendered":"https:\/\/oekotierzucht.de\/impressum\/"},"modified":"2025-12-02T10:18:01","modified_gmt":"2025-12-02T09:18:01","slug":"imprint","status":"publish","type":"page","link":"https:\/\/oekotierzucht.de\/en\/impressum\/","title":{"rendered":"Imprint"},"content":{"rendered":"\t\t<div data-elementor-type=\"wp-page\" data-elementor-id=\"20\" class=\"elementor elementor-20\" data-elementor-post-type=\"page\">\n\t\t\t\t\t\t<section class=\"elementor-section elementor-top-section elementor-element elementor-element-0a5773f elementor-section-boxed elementor-section-height-default elementor-section-height-default\" data-id=\"0a5773f\" data-element_type=\"section\" data-e-type=\"section\">\n\t\t\t\t\t\t<div class=\"elementor-container elementor-column-gap-default\">\n\t\t\t\t\t<div class=\"elementor-column elementor-col-100 elementor-top-column elementor-element elementor-element-d1cbe62\" data-id=\"d1cbe62\" data-element_type=\"column\" data-e-type=\"column\">\n\t\t\t<div class=\"elementor-widget-wrap elementor-element-populated\">\n\t\t\t\t\t\t<div class=\"elementor-element elementor-element-092f972 elementor-widget elementor-widget-heading\" data-id=\"092f972\" data-element_type=\"widget\" data-e-type=\"widget\" data-widget_type=\"heading.default\">\n\t\t\t\t<div class=\"elementor-widget-container\">\n\t\t\t\t\t<h2 class=\"elementor-heading-title elementor-size-default\">IMPRESSUM<\/h2>\t\t\t\t<\/div>\n\t\t\t\t<\/div>\n\t\t\t\t\t<\/div>\n\t\t<\/div>\n\t\t\t\t\t<\/div>\n\t\t<\/section>\n\t\t\t\t<section class=\"elementor-section elementor-top-section elementor-element elementor-element-3a6d8915 elementor-section-boxed elementor-section-height-default elementor-section-height-default\" data-id=\"3a6d8915\" data-element_type=\"section\" data-e-type=\"section\">\n\t\t\t\t\t\t<div class=\"elementor-container elementor-column-gap-default\">\n\t\t\t\t\t<div class=\"elementor-column elementor-col-100 elementor-top-column elementor-element elementor-element-4d3a5135\" data-id=\"4d3a5135\" data-element_type=\"column\" data-e-type=\"column\">\n\t\t\t<div class=\"elementor-widget-wrap elementor-element-populated\">\n\t\t\t\t\t\t<div class=\"elementor-element elementor-element-7d222ed elementor-widget elementor-widget-text-editor\" data-id=\"7d222ed\" data-element_type=\"widget\" data-e-type=\"widget\" data-widget_type=\"text-editor.default\">\n\t\t\t\t<div class=\"elementor-widget-container\">\n\t\t\t\t\t\t\t\t\t<div>\u00d6kologische Tierzucht gGmbH<\/div>\n<div>Kaiserstra\u00dfe 18<\/div>\n<div>55116 Mainz&nbsp;<\/div>\n<div>Telefon +49 (0) 7551-9375436<br><span style=\"font-family: var( --e-global-typography-text-font-family ), carnac; font-size: var( --e-global-typography-text-font-size ); font-style: var( --e-global-typography-text-font-style ); font-weight: var( --e-global-typography-text-font-weight ); letter-spacing: var( --e-global-typography-text-letter-spacing ); text-transform: var( --e-global-typography-text-text-transform ); word-spacing: var( --e-global-typography-text-word-spacing ); background-color: var( --e-global-color-604dcd5 ); color: var( --e-global-color-text );\">E-Mail-Adresse:&nbsp;<\/span><a href=\"mailto:info@oekotierzucht.de\">info[at]oekotierzucht.de<\/a><\/div>\n<div>&nbsp;<\/div>\n<p><span style=\"--brlbs-tw-scale-x: 1; --brlbs-tw-scale-y: 1; --brlbs-tw-scroll-snap-strictness: proximity; --brlbs-tw-ring-offset-width: 0px; --brlbs-tw-ring-offset-color: #fff; --brlbs-tw-ring-color: rgba(59,130,246,.5); --brlbs-tw-ring-offset-shadow: 0 0 #0000; --brlbs-tw-ring-shadow: 0 0 #0000; --brlbs-tw-shadow: 0 0 #0000; --brlbs-tw-shadow-colored: 0 0 #0000; font-weight: bold;\">Rechnungsadresse:&nbsp;<\/span><\/p>\n<p><span style=\"background-color: var( --e-global-color-604dcd5 ); color: var( --e-global-color-text ); font-family: var( --e-global-typography-text-font-family ), carnac; font-size: var( --e-global-typography-text-font-size ); font-style: var( --e-global-typography-text-font-style ); font-weight: var( --e-global-typography-text-font-weight ); letter-spacing: var( --e-global-typography-text-letter-spacing ); text-transform: var( --e-global-typography-text-text-transform ); word-spacing: var( --e-global-typography-text-word-spacing );\">\u00d6kologische Tierzucht gGmbH <br>c\/o Bioland e.V.&nbsp;<br><\/span>Auf dem Kreuz 58<br>86152 Augsburg<\/p><p><br><\/p>\n<p><b>E-Mail Adresse f\u00fcr Rechnungen:<\/b> <a href=\"mailto:rechnungen@oekotierzucht.de\">rechnungen[at]oekotierzucht.de<\/a><\/p>\n<div>&nbsp;<\/div>\n<div>\n<p><b>Internet<\/b>:&nbsp;<a style=\"font-family: var( --e-global-typography-text-font-family ), carnac; font-size: var( --e-global-typography-text-font-size ); font-style: var( --e-global-typography-text-font-style ); font-weight: var( --e-global-typography-text-font-weight ); letter-spacing: var( --e-global-typography-text-letter-spacing ); text-transform: var( --e-global-typography-text-text-transform ); word-spacing: var( --e-global-typography-text-word-spacing ); background-color: #ffffff;\" href=\"http:\/\/www.oekotierzucht.de\" target=\"_blank\" rel=\"noopener\">https:\/\/www.oekotierzucht.de<\/a><\/p>\n<p><b>Gesch\u00e4ftsf\u00fchrung<\/b>: Die \u201e\u00d6kologische Tierzucht gemeinn\u00fctzige GmbH\u201c wird vertreten durch Frau Inga G\u00fcnther-Bender und Herrn Dr. Carsten Scheper<\/p>\n<\/div>\n<div>&nbsp;<\/div>\n<div><b>\u00d6KO-Kontrollstellennummer:<\/b> DE-\u00d6KO-006; Zertifikat als pdf anzeigen:&nbsp;<a href=\"https:\/\/oekotierzucht.de\/wp-content\/uploads\/2025\/01\/20250118_DE-OeKO_ABCERT.pdf\" target=\"_blank\" rel=\"noopener\">ABCERT \u00d6ko Zertifikat<\/a><\/div>\n<div><b>Register und Registernummer:<\/b> Amtsgericht Mainz \u2013 HRB 46177<\/div>\n<div><b>Umsatzsteuer-ID:<\/b> USt-ID Nummer DE 300 683 423<\/div>\n<div>&nbsp;<\/div>\n<div><b>Verantwortlich<\/b>: Inga G\u00fcnther-Bender<\/div>\n<div>&nbsp;<\/div>\n<div><b>Technische Realisierung<\/b>: Klaus Jeggle<\/div>\n<div>&nbsp;<\/div>\n<div><b>Fotos<\/b><strong>:<\/strong> Antonios Mitsopoulos, Maxi Strauch, Eva Wolf, Yool, Wolfang Schmidt, Jana Dehnen, Timo Jaworr, Jonas Dorn, Pauline Seyler, Maria Hermann, Christoph Beetz, Sebastian Seelig, Mabelle Tacke, Sonja Herpich, Dr. Carsten Scheper, Tom Sch\u00e4fer, Miriam Margareta Grimm<\/div>\t\t\t\t\t\t\t\t<\/div>\n\t\t\t\t<\/div>\n\t\t\t\t\t<\/div>\n\t\t<\/div>\n\t\t\t\t\t<\/div>\n\t\t<\/section>\n\t\t\t\t<section class=\"elementor-section elementor-top-section elementor-element elementor-element-5e75461 elementor-section-boxed elementor-section-height-default elementor-section-height-default\" data-id=\"5e75461\" data-element_type=\"section\" data-e-type=\"section\">\n\t\t\t\t\t\t<div class=\"elementor-container elementor-column-gap-default\">\n\t\t\t\t\t<div class=\"elementor-column elementor-col-100 elementor-top-column elementor-element elementor-element-0716a6c\" data-id=\"0716a6c\" data-element_type=\"column\" data-e-type=\"column\">\n\t\t\t<div class=\"elementor-widget-wrap elementor-element-populated\">\n\t\t\t\t\t\t<div class=\"elementor-element elementor-element-5628a12 elementor-widget elementor-widget-heading\" data-id=\"5628a12\" data-element_type=\"widget\" data-e-type=\"widget\" data-widget_type=\"heading.default\">\n\t\t\t\t<div class=\"elementor-widget-container\">\n\t\t\t\t\t<h2 class=\"elementor-heading-title elementor-size-default\">Rechtliche Hinweise<\/h2>\t\t\t\t<\/div>\n\t\t\t\t<\/div>\n\t\t\t\t<div class=\"elementor-element elementor-element-50f895a elementor-widget elementor-widget-text-editor\" data-id=\"50f895a\" data-element_type=\"widget\" data-e-type=\"widget\" data-widget_type=\"text-editor.default\">\n\t\t\t\t<div class=\"elementor-widget-container\">\n\t\t\t\t\t\t\t\t\t<div><p>Alle Angaben unseres Internetangebotes wurden sorgf\u00e4ltig gepr\u00fcft. Wir bem\u00fchen uns, dieses Informationsangebot aktuell und inhaltlich richtig sowie vollst\u00e4ndig anzubieten. Dennoch ist das Auftreten von Fehlern nicht v\u00f6llig auszuschlie\u00dfen. Eine Garantie f\u00fcr die Vollst\u00e4ndigkeit, Richtigkeit und letzte Aktualit\u00e4t kann daher nicht \u00fcbernommen werden. Ebenso wird keine Haftung f\u00fcr Sch\u00e4den, die durch die Nutzung der bereitgestellten Informationen oder beim Abrufen und Herunterladen von Daten verursacht werden, \u00fcbernommen.<\/p><\/div><p>Wir haben die auf den Internetseiten vorhandenen Links zu Inhalten anderer Internetseiten mit gro\u00dfer Sorgfalt erstellt. Gleichwohl kann f\u00fcr diese externen Inhalte keine Gew\u00e4hr f\u00fcr die Vollst\u00e4ndigkeit und Richtigkeit von Informationen \u00fcbernommen werden. F\u00fcr diese Inhalte ist ausschlie\u00dflich der Anbieter der Inhalte verantwortlich. Auch distanziert sich die \u00d6TZ ausdr\u00fccklich von allen Inhalten, die m\u00f6glicherweise straf- oder haftungsrechtlich relevant sind oder gegen die guten Sitten versto\u00dfen. Sollte von Internetseiten der \u00d6TZ auf andere Seiten mit fehlerhaftem oder rechtswidrigem Inhalt verwiesen werden, teilen Sie dies uns bitte mit.<\/p>\t\t\t\t\t\t\t\t<\/div>\n\t\t\t\t<\/div>\n\t\t\t\t\t<\/div>\n\t\t<\/div>\n\t\t\t\t\t<\/div>\n\t\t<\/section>\n\t\t\t\t<section class=\"elementor-section elementor-top-section elementor-element elementor-element-c8354ab elementor-section-boxed elementor-section-height-default elementor-section-height-default\" data-id=\"c8354ab\" data-element_type=\"section\" data-e-type=\"section\">\n\t\t\t\t\t\t<div class=\"elementor-container elementor-column-gap-default\">\n\t\t\t\t\t<div class=\"elementor-column elementor-col-100 elementor-top-column elementor-element elementor-element-c835d6d\" data-id=\"c835d6d\" data-element_type=\"column\" data-e-type=\"column\">\n\t\t\t<div class=\"elementor-widget-wrap elementor-element-populated\">\n\t\t\t\t\t\t<div class=\"elementor-element elementor-element-2b833f0 elementor-widget elementor-widget-heading\" data-id=\"2b833f0\" data-element_type=\"widget\" data-e-type=\"widget\" data-widget_type=\"heading.default\">\n\t\t\t\t<div class=\"elementor-widget-container\">\n\t\t\t\t\t<h2 class=\"elementor-heading-title elementor-size-default\">Urheberrecht<\/h2>\t\t\t\t<\/div>\n\t\t\t\t<\/div>\n\t\t\t\t<div class=\"elementor-element elementor-element-2feb239 elementor-widget elementor-widget-text-editor\" data-id=\"2feb239\" data-element_type=\"widget\" data-e-type=\"widget\" data-widget_type=\"text-editor.default\">\n\t\t\t\t<div class=\"elementor-widget-container\">\n\t\t\t\t\t\t\t\t\t<p>Die durch den Seitenbetreiber erstellten Inhalte und Werke auf diesen Seiten unterliegen dem deutschen Urheberrecht. Die Vervielf\u00e4ltigung, Bearbeitung, Verbreitung und jede Art der Verwertung au\u00dferhalb der Grenzen des Urheberrechtes bed\u00fcrfen der schriftlichen Zustimmung des jeweiligen Autors bzw. Erstellers. Deshalb ist bei jeder au\u00dferhalb der Grenzen des Urheberrechtes gew\u00fcnschten Verwertung im Voraus Kontakt mit der \u00d6TZ aufzunehmen und diese abzustimmen. Downloads und Kopien dieser Seite sind nur f\u00fcr den privaten, nicht kommerziellen Gebrauch gestattet. Soweit die Inhalte auf dieser Seite nicht vom Betreiber erstellt wurden, werden die Urheberrechte Dritter beachtet. Insbesondere werden Inhalte Dritter als solche gekennzeichnet. Sollten Sie trotzdem auf eine Urheberrechtsverletzung aufmerksam werden, bitten wir um einen entsprechenden Hinweis. Bei Bekanntwerden von Rechtsverletzungen werden wir derartige Inhalte umgehend entfernen.<\/p>\t\t\t\t\t\t\t\t<\/div>\n\t\t\t\t<\/div>\n\t\t\t\t\t<\/div>\n\t\t<\/div>\n\t\t\t\t\t<\/div>\n\t\t<\/section>\n\t\t\t\t<section class=\"elementor-section elementor-top-section elementor-element elementor-element-f472a10 elementor-section-boxed elementor-section-height-default elementor-section-height-default\" data-id=\"f472a10\" data-element_type=\"section\" data-e-type=\"section\">\n\t\t\t\t\t\t<div class=\"elementor-container elementor-column-gap-default\">\n\t\t\t\t\t<div class=\"elementor-column elementor-col-100 elementor-top-column elementor-element elementor-element-8715f91\" data-id=\"8715f91\" data-element_type=\"column\" data-e-type=\"column\">\n\t\t\t<div class=\"elementor-widget-wrap elementor-element-populated\">\n\t\t\t\t\t\t<div class=\"elementor-element elementor-element-1099e0c elementor-widget elementor-widget-heading\" data-id=\"1099e0c\" data-element_type=\"widget\" data-e-type=\"widget\" data-widget_type=\"heading.default\">\n\t\t\t\t<div class=\"elementor-widget-container\">\n\t\t\t\t\t<h2 class=\"elementor-heading-title elementor-size-default\">Alternative Streitbeilegung<\/h2>\t\t\t\t<\/div>\n\t\t\t\t<\/div>\n\t\t\t\t<div class=\"elementor-element elementor-element-0fb27b3 elementor-widget elementor-widget-text-editor\" data-id=\"0fb27b3\" data-element_type=\"widget\" data-e-type=\"widget\" data-widget_type=\"text-editor.default\">\n\t\t\t\t<div class=\"elementor-widget-container\">\n\t\t\t\t\t\t\t\t\t<p data-start=\"513\" data-end=\"893\">Wir sind grunds\u00e4tzlich bereit an einem Verfahren zur au\u00dfergerichtlichen Streitbeilegung teilzunehmen. Auf die M\u00f6glichkeit einer alternativen Streitbeilegung weisen wir hiermit hin. Weitere Informationen sind beispielsweise&nbsp; auf den Seiten <a href=\"https:\/\/consumer-redress.ec.europa.eu\/index_de\" target=\"_blank\" rel=\"noopener\">Verbraucherschutz in der EU &#8211; Europ\u00e4ische Kommission<\/a>&nbsp;zu finden.<\/p><p data-start=\"513\" data-end=\"893\"><br><\/p>\n<p>Wir sind jedoch weder verpflichtet noch bereit, an einem Streitbeilegungsverfahren vor einer Verbraucherschlichtungsstelle teilzunehmen. Zur Teilnahme an einem Streitbeilegungsverfahren vor einer Verbraucherschlichtungsstelle sind wir nicht verpflichtet und nehmen nicht daran teil.<\/p>\t\t\t\t\t\t\t\t<\/div>\n\t\t\t\t<\/div>\n\t\t\t\t\t<\/div>\n\t\t<\/div>\n\t\t\t\t\t<\/div>\n\t\t<\/section>\n\t\t\t\t<\/div>\n\t\t","protected":false},"excerpt":{"rendered":"<p>IMPRESSUM \u00d6kologische Tierzucht gGmbH Kaiserstra\u00dfe 18 55116 Mainz&nbsp; Telefon +49 (0) 7551-9375436E-Mail-Adresse:&nbsp;info[at]oekotierzucht.de &nbsp; Rechnungsadresse:&nbsp; \u00d6kologische Tierzucht gGmbH c\/o Bioland e.V.&nbsp;Auf dem Kreuz 5886152 Augsburg E-Mail Adresse f\u00fcr Rechnungen: rechnungen[at]oekotierzucht.de &nbsp; Internet:&nbsp;https:\/\/www.oekotierzucht.de Gesch\u00e4ftsf\u00fchrung: Die \u201e\u00d6kologische Tierzucht gemeinn\u00fctzige GmbH\u201c wird vertreten durch Frau Inga G\u00fcnther-Bender und Herrn Dr. Carsten Scheper &nbsp; \u00d6KO-Kontrollstellennummer: DE-\u00d6KO-006; Zertifikat als pdf anzeigen:&nbsp;ABCERT [&hellip;]<\/p>\n","protected":false},"author":1,"featured_media":0,"parent":0,"menu_order":0,"comment_status":"closed","ping_status":"closed","template":"elementor_header_footer","meta":{"footnotes":""},"class_list":["post-20","page","type-page","status-publish","hentry"],"_links":{"self":[{"href":"https:\/\/oekotierzucht.de\/en\/wp-json\/wp\/v2\/pages\/20","targetHints":{"allow":["GET"]}}],"collection":[{"href":"https:\/\/oekotierzucht.de\/en\/wp-json\/wp\/v2\/pages"}],"about":[{"href":"https:\/\/oekotierzucht.de\/en\/wp-json\/wp\/v2\/types\/page"}],"author":[{"embeddable":true,"href":"https:\/\/oekotierzucht.de\/en\/wp-json\/wp\/v2\/users\/1"}],"replies":[{"embeddable":true,"href":"https:\/\/oekotierzucht.de\/en\/wp-json\/wp\/v2\/comments?post=20"}],"version-history":[{"count":78,"href":"https:\/\/oekotierzucht.de\/en\/wp-json\/wp\/v2\/pages\/20\/revisions"}],"predecessor-version":[{"id":14561,"href":"https:\/\/oekotierzucht.de\/en\/wp-json\/wp\/v2\/pages\/20\/revisions\/14561"}],"wp:attachment":[{"href":"https:\/\/oekotierzucht.de\/en\/wp-json\/wp\/v2\/media?parent=20"}],"curies":[{"name":"wp","href":"https:\/\/api.w.org\/{rel}","templated":true}]}}