{"id":10686,"date":"2025-01-27T16:50:15","date_gmt":"2025-01-27T15:50:15","guid":{"rendered":"https:\/\/oekotierzucht.de\/?post_type=product&#038;p=10686"},"modified":"2025-10-27T14:15:45","modified_gmt":"2025-10-27T13:15:45","slug":"robust-turkey","status":"publish","type":"product","link":"https:\/\/oekotierzucht.de\/en\/produkt\/robustpute\/","title":{"rendered":"Hatching eggs Robust Turkey"},"content":{"rendered":"<h4>Hatching eggs Robust Turkey (Organic Turkeys by Christine Bremer)<\/h4>\n<div>Robust turkeys are small, strong animals with black and white patterned plumage. Completely white animals can also occur.<\/div>\n<div>\n<p>The breeder of the Robust turkeys is the poultry farmer\u00a0<a href=\"https:\/\/www.heide-gefluegel.de\/#shop\" target=\"_blank\" rel=\"noopener\">Christine Bremer<\/a>.<\/p>\n<p>The conservation and breeding of the Robust turkey is supported by <a href=\"https:\/\/zukunftsstiftung-landwirtschaft.de\/wo-wir-aktiv-sind\/tierzuchtfonds\/\" target=\"_blank\" rel=\"noopener\">Tierzuchtfonds<\/a>.<\/p>\n<\/div>\n<div><\/div>\n<p><strong>Certifications of the breeding eggs\u00a0<\/strong><\/p>\n<ul>\n<li>Organic EU regulation<\/li>\n<li>Bioland Standards<\/li>\n<li>Demeter Standards<\/li>\n<\/ul>\n<p>&nbsp;<\/p>\n<div><strong>Location and shipping:\u00a0<\/strong><\/div>\n<div>Heidegefl\u00fcgel, 29562 Suhlendorf<\/div>\n<div><\/div>\n<p><strong>Breeding goals of the Robust turkey at a glance\u00a0<\/strong><\/p>\n<ul>\n<li>Vitality and stress resistance in free-range farming<\/li>\n<li>Sociability<\/li>\n<li>Good foraging behavior<\/li>\n<li>Frugality<\/li>\n<li>Early maturity (final weight after 30 weeks)<\/li>\n<li>Up to 6.5 kilograms final weight of the hen<\/li>\n<li>7 to 8.5 kilograms final weight of the cocks<\/li>\n<li>At least 65 % cannibalization<\/li>\n<li>At least 25 % breast meat<\/li>\n<li>No EU certification for international shipping at the moment<\/li>\n<\/ul>\n<div>*N<em><span class=\"cf0\">ach Binnenmarkt-Tierseuchenschutz Verordnung (<a href=\"https:\/\/www.gesetze-im-internet.de\/tierseuchschbmv\/BmTierSSchV.pdf\" target=\"_blank\" rel=\"noopener\">BmTierSSchV<\/a>) zertifiziert\u00a0<\/span>und damit f\u00fcr den Handel in EU zertifizierte Br\u00fctereien und das Ausland zugelassen.<\/em><\/div>\n<p><em>\u201cRobust turkey - development of an economical organic turkey cross for the direct marketing farmer\u201d was an <a href=\"https:\/\/projekte.eip-nds.de\/tiergerechte-nutztierhaltung\/erzeugung-einer-robustpute-gebrauchskreuzung-fur-den-direktvermarkter\/\" target=\"_blank\" rel=\"noopener\">EIP-Project<\/a>which was funded by the EU and the state of Lower Saxony from 2019 to 2022 and coordinated by Kompetenzzentrum \u00d6kolandbau Niedersachsen GmbH, Bahnhofstra\u00dfe 15 b in 27374 Visselh\u00f6vede.<\/em><\/p>\n<p>&nbsp;<\/p>","protected":false},"excerpt":{"rendered":"<p>Utility crossing I young breed<\/p>\n<div>Robust turkeys are small, strong animals with black and white patterned plumage. Completely white animals can also occur.<\/div>\n<div>The breeder of the Robust turkeys is the poultry farmer\u00a0<a href=\"https:\/\/www.heide-gefluegel.de\/#shop\" target=\"_blank\" rel=\"noopener\">Christine Bremer<\/a>.<\/div>\n<div><\/div>\n<div>The conservation and breeding of the Robust turkey is supported by <a href=\"https:\/\/zukunftsstiftung-landwirtschaft.de\/wo-wir-aktiv-sind\/tierzuchtfonds\/\" target=\"_blank\" rel=\"noopener\">Tierzuchtfonds<\/a>.<\/p>\n<div><\/div>\n<\/div>\n<p>&nbsp;<\/p>\n<p>Zertifizierung:<\/p>\n<div id=\"tablepress-31-scroll-wrapper\" class=\"tablepress-scroll-wrapper\">\n<table id=\"tablepress-31\" class=\"tablepress tablepress-id-31 tablepress-responsive\">\n<thead>\n<tr class=\"row-1\">\n<th class=\"column-1\">Logo <\/th>\n<th class=\"column-2\">Certifications <\/th>\n<th class=\"column-3\">Beschreibung <\/th>\n<\/tr>\n<\/thead>\n<tbody class=\"row-striping row-hover\">\n<tr class=\"row-2\">\n<td class=\"column-1\"><img decoding=\"async\" src=\"https:\/\/oekotierzucht.de\/wp-content\/uploads\/2025\/08\/EU_Organic_Logo_Colour_rgb-300x200.jpg\" alt=\"Organic EU regulation\" width=\"50\" height=\"50\" class=\"alignnone size-medium wp-image-13553\" \/><\/td>\n<td class=\"column-2\"><a href=\"https:\/\/www.oekolandbau.de\/bio-zertifizierung\/richtlinien-der-oeko-anbauverbaende\/eu-oeko-verordnung\/\" target=\"_blank\">Organic EU regulation <\/a><\/td>\n<td class=\"column-3\">These hatching eggs are EU organic certified. <br \/>\nDE-\u00d6KO-006<\/td>\n<\/tr>\n<tr class=\"row-3\">\n<td class=\"column-1\"><img decoding=\"async\" src=\"https:\/\/oekotierzucht.de\/wp-content\/uploads\/2025\/08\/Bioland-Markenzeichen-296x300.png\" alt=\"Bioland-Markenzeichen\" width=\"50\" height=\"50\" class=\"alignnone size-medium wp-image-13555\" srcset=\"https:\/\/oekotierzucht.de\/wp-content\/uploads\/2025\/08\/Bioland-Markenzeichen-296x300.png 296w, https:\/\/oekotierzucht.de\/wp-content\/uploads\/2025\/08\/Bioland-Markenzeichen-150x150.png 150w, https:\/\/oekotierzucht.de\/wp-content\/uploads\/2025\/08\/Bioland-Markenzeichen-12x12.png 12w, https:\/\/oekotierzucht.de\/wp-content\/uploads\/2025\/08\/Bioland-Markenzeichen-400x400.png 400w, https:\/\/oekotierzucht.de\/wp-content\/uploads\/2025\/08\/Bioland-Markenzeichen-100x100.png 100w, https:\/\/oekotierzucht.de\/wp-content\/uploads\/2025\/08\/Bioland-Markenzeichen.png 501w\" sizes=\"(max-width: 50px) 100vw, 50px\" \/><\/td>\n<td class=\"column-2\"><a href=\"https:\/\/www.bioland.de\/richtlinien\" target=\"_blank\">Bioland association certification<\/a><\/td>\n<td class=\"column-3\">These hatching eggs are certified by Bioland.<\/td>\n<\/tr>\n<tr class=\"row-4\">\n<td class=\"column-1\"><img decoding=\"async\" src=\"https:\/\/oekotierzucht.de\/wp-content\/uploads\/2025\/08\/logo_demeter_rgb-300x138.jpg\" alt=\"Demeter-Logo \" width=\"50\" height=\"50\" class=\"alignnone size-medium wp-image-13556\" srcset=\"https:\/\/oekotierzucht.de\/wp-content\/uploads\/2025\/08\/logo_demeter_rgb-150x150.jpg 150w, https:\/\/oekotierzucht.de\/wp-content\/uploads\/2025\/08\/logo_demeter_rgb-100x100.jpg 100w\" sizes=\"(max-width: 50px) 100vw, 50px\" \/><\/td>\n<td class=\"column-2\"><a href=\"https:\/\/www.demeter.de\/richtlinien-zertifizierung\" target=\"_blank\">Verbandszertifizierung Demeter<\/a><\/td>\n<td class=\"column-3\">Diese Bruteier sind zertifiziert durch Demeter.<\/td>\n<\/tr>\n<\/tbody>\n<\/table>\n<\/div>\n<p><!-- #tablepress-31 from cache --><\/p>\n<p>&nbsp;<\/p>\n<p>Pace of dispatch: Hof Heidegefl\u00fcgel I\u00a0<a href=\"https:\/\/www.heide-gefluegel.de\/#shop\" target=\"_blank\" rel=\"noopener\">Christine Bremer<\/a> | 29562 Suhlendorf<\/p>","protected":false},"featured_media":10687,"template":"","meta":[],"product_brand":[],"product_cat":[94],"product_tag":[195,196,91,106],"class_list":{"0":"post-10686","1":"product","2":"type-product","3":"status-publish","4":"has-post-thumbnail","6":"product_cat-bruteier","7":"product_tag-enten","8":"product_tag-bio","9":"product_tag-brutei","10":"product_tag-wilde-enten","11":"product_shipping_class-enten","12":"Bruteier","14":"first","15":"instock","16":"taxable","17":"shipping-taxable","18":"product-type-external"},"_links":{"self":[{"href":"https:\/\/oekotierzucht.de\/en\/wp-json\/wp\/v2\/product\/10686","targetHints":{"allow":["GET"]}}],"collection":[{"href":"https:\/\/oekotierzucht.de\/en\/wp-json\/wp\/v2\/product"}],"about":[{"href":"https:\/\/oekotierzucht.de\/en\/wp-json\/wp\/v2\/types\/product"}],"wp:featuredmedia":[{"embeddable":true,"href":"https:\/\/oekotierzucht.de\/en\/wp-json\/wp\/v2\/media\/10687"}],"wp:attachment":[{"href":"https:\/\/oekotierzucht.de\/en\/wp-json\/wp\/v2\/media?parent=10686"}],"wp:term":[{"taxonomy":"product_brand","embeddable":true,"href":"https:\/\/oekotierzucht.de\/en\/wp-json\/wp\/v2\/product_brand?post=10686"},{"taxonomy":"product_cat","embeddable":true,"href":"https:\/\/oekotierzucht.de\/en\/wp-json\/wp\/v2\/product_cat?post=10686"},{"taxonomy":"product_tag","embeddable":true,"href":"https:\/\/oekotierzucht.de\/en\/wp-json\/wp\/v2\/product_tag?post=10686"}],"curies":[{"name":"wp","href":"https:\/\/api.w.org\/{rel}","templated":true}]}}