{"id":10849,"date":"2025-02-04T10:30:13","date_gmt":"2025-02-04T09:30:13","guid":{"rendered":"https:\/\/oekotierzucht.de\/?post_type=product&#038;p=10849"},"modified":"2026-02-17T08:10:56","modified_gmt":"2026-02-17T07:10:56","slug":"gesamtbetriebliches-haltungskonzept","status":"publish","type":"product","link":"https:\/\/oekotierzucht.de\/en\/produkt\/gesamtbetriebliches-haltungskonzept\/","title":{"rendered":"Overall farm husbandry concept"},"content":{"rendered":"<h4>Overall farm husbandry concept<\/h4>\n<p>Publisher: <a href=\"https:\/\/www.ble-medienservice.de\/\" target=\"_blank\" rel=\"noopener\">BLE<\/a><\/p>\n<p>&nbsp;<\/p>\n<p>A brochure that provides information on modern methods of future-oriented pullet rearing.<br \/>\nAmong other things, husbandry conditions and management factors are presented that take into account the species-specific behavior of chicks and pullets and can promote animal welfare and health while ensuring optimum biological performance.<\/p>\n<p>&nbsp;<\/p>\n<p>Product information<br \/>\nAgriculture is working hard to continuously improve the conditions under which livestock are kept. In the poultry sector, too, the question of how the species-specific behavior of animals can be given greater consideration in husbandry is being intensively investigated. In addition to the consequences arising from animal welfare issues, environmental and resource protection requirements must also be integrated into sustainable husbandry systems.<\/p>\n<p>The rearing of pullets occupies a special position in the poultry industry as an intermediate stage in the production process of consumer egg production. The demands on laying hen husbandry are constantly increasing. Accordingly, the environment in which pullets are kept, which are housed in laying hen houses after around 17 weeks of rearing, must also be developed further.<\/p>\n<p>This brochure is aimed at interested parties from practice, consultancy, business, science and politics who would like to take a closer look at modern methods of future-oriented pullet rearing. It shows under which housing conditions and management factors chicks and pullets can exercise their species-specific behavior and at the same time be reared with optimum biological performance. Based on the needs of the animals, housing models were developed that ensure the well-being and health of the animals and at the same time optimize their biological performance.<\/p>\n<p>&nbsp;<\/p>\n<p>The brochure was produced by the working group \u201cOverall Farm Husbandry Concept for Poultry\u201d. The interdisciplinary team consists of nationwide experts in the field of pullet rearing from the chambers of agriculture, state institutes and offices, research institutes as well as the Kuratorium f\u00fcr Technik und Bauwesen in der Landwirtschaft e.V. (KTBL), the Deutsche Landwirtschafts-Gesellschaft e.V. (DLG), the Dresden University of Applied Sciences, the University of Veterinary Medicine Hannover, the N\u00fcrtingen-Geislingen University of Applied Sciences and the Th\u00fcringer Tierseuchenkasse.<\/p>\n<p>Bestell-Nr. 0341<br \/>\nType of media: Broschure<br \/>\nFormat: DIN A4 (21\u00d729,7cm)<br \/>\nScope: 92 pages<br \/>\nEdition: First edition<br \/>\nPublication year: 2021<\/p>\n<p>&nbsp;<\/p>\n<p>Redakteur\/in: Babette Breuer, Elisabeth Roesicke<\/p>\n<p>Autor\/in: Christine Ahlers, Neele Ahlers, J\u00f6rg B\u00f6hmfeld, Klaus Damme, Christina Gaio, Peter Hiller, Bernd K\u00e4stner, Christiane Keppler, J\u00f6rn Menning, Antonia Nette, Silke Schierhold, Ruben Schreiter, Sophia Schulze-Geisth\u00f6vel, Svea Sievers, Birgit Spindler, Gertrud Werner<\/p>","protected":false},"excerpt":{"rendered":"<p>Overall farm husbandry concept<br \/>\nPublisher: <a href=\"https:\/\/www.ble-medienservice.de\/\" target=\"_blank\" rel=\"noopener\">BLE<\/a><br \/>\nUseful guide<br \/>\nSize A 4 I 92 Pages I German<br \/>\nPublication year 2021<\/p>","protected":false},"featured_media":10850,"template":"","meta":[],"product_brand":[],"product_cat":[96],"product_tag":[136,137,138,139],"class_list":{"0":"post-10849","1":"product","2":"type-product","3":"status-publish","4":"has-post-thumbnail","6":"product_cat-managementtools","7":"product_tag-leitfaden","8":"product_tag-managementhilfen","9":"product_tag-huehnerhaltung","10":"product_tag-kuekenaufzucht","11":"product_shipping_class-managementtools","12":"Managementtools","14":"first","15":"instock","16":"sold-individually","17":"taxable","18":"shipping-taxable","19":"purchasable","20":"product-type-simple"},"_links":{"self":[{"href":"https:\/\/oekotierzucht.de\/en\/wp-json\/wp\/v2\/product\/10849","targetHints":{"allow":["GET"]}}],"collection":[{"href":"https:\/\/oekotierzucht.de\/en\/wp-json\/wp\/v2\/product"}],"about":[{"href":"https:\/\/oekotierzucht.de\/en\/wp-json\/wp\/v2\/types\/product"}],"wp:featuredmedia":[{"embeddable":true,"href":"https:\/\/oekotierzucht.de\/en\/wp-json\/wp\/v2\/media\/10850"}],"wp:attachment":[{"href":"https:\/\/oekotierzucht.de\/en\/wp-json\/wp\/v2\/media?parent=10849"}],"wp:term":[{"taxonomy":"product_brand","embeddable":true,"href":"https:\/\/oekotierzucht.de\/en\/wp-json\/wp\/v2\/product_brand?post=10849"},{"taxonomy":"product_cat","embeddable":true,"href":"https:\/\/oekotierzucht.de\/en\/wp-json\/wp\/v2\/product_cat?post=10849"},{"taxonomy":"product_tag","embeddable":true,"href":"https:\/\/oekotierzucht.de\/en\/wp-json\/wp\/v2\/product_tag?post=10849"}],"curies":[{"name":"wp","href":"https:\/\/api.w.org\/{rel}","templated":true}]}}