{"id":8976,"date":"2025-01-08T10:18:59","date_gmt":"2025-01-08T09:18:59","guid":{"rendered":"https:\/\/oekotierzucht.de\/?post_type=product&#038;p=8976"},"modified":"2026-03-31T08:56:10","modified_gmt":"2026-03-31T06:56:10","slug":"management-guide-download","status":"publish","type":"product","link":"https:\/\/oekotierzucht.de\/en\/produkt\/oetz-management-guide-download\/","title":{"rendered":"\u00d6TZ-Management-Guide Download"},"content":{"rendered":"<h4>\u00d6TZ-Management-Guide Download<\/h4>\n<p>This comprehensive guide provides you with practical knowledge and detailed information on the performance data of \u00d6TZ genetics - tailored to the needs of chicken farmers and interested professionals like you.<\/p>\n<p>&nbsp;<\/p>","protected":false},"excerpt":{"rendered":"<div>Der \u00d6TZ-Management-Guide enth\u00e4lt umfangreiche Informationen inkl. aller Leistungsdaten der \u00d6TZ-Genetiken.<\/div>\n<div>For chicken farmers and interested professionals.<\/div>\n<p>Size A4<\/p>\n<h4>Download free of charge<\/h4>","protected":false},"featured_media":13499,"template":"","meta":[],"product_brand":[],"product_cat":[96],"product_tag":[136,137,138],"class_list":{"0":"post-8976","1":"product","2":"type-product","3":"status-publish","4":"has-post-thumbnail","6":"product_cat-managementtools","7":"product_tag-leitfaden","8":"product_tag-managementhilfen","9":"product_tag-huehnerhaltung","10":"Managementtools","12":"first","13":"instock","14":"sold-individually","15":"taxable","16":"shipping-taxable","17":"product-type-external"},"_links":{"self":[{"href":"https:\/\/oekotierzucht.de\/en\/wp-json\/wp\/v2\/product\/8976","targetHints":{"allow":["GET"]}}],"collection":[{"href":"https:\/\/oekotierzucht.de\/en\/wp-json\/wp\/v2\/product"}],"about":[{"href":"https:\/\/oekotierzucht.de\/en\/wp-json\/wp\/v2\/types\/product"}],"wp:featuredmedia":[{"embeddable":true,"href":"https:\/\/oekotierzucht.de\/en\/wp-json\/wp\/v2\/media\/13499"}],"wp:attachment":[{"href":"https:\/\/oekotierzucht.de\/en\/wp-json\/wp\/v2\/media?parent=8976"}],"wp:term":[{"taxonomy":"product_brand","embeddable":true,"href":"https:\/\/oekotierzucht.de\/en\/wp-json\/wp\/v2\/product_brand?post=8976"},{"taxonomy":"product_cat","embeddable":true,"href":"https:\/\/oekotierzucht.de\/en\/wp-json\/wp\/v2\/product_cat?post=8976"},{"taxonomy":"product_tag","embeddable":true,"href":"https:\/\/oekotierzucht.de\/en\/wp-json\/wp\/v2\/product_tag?post=8976"}],"curies":[{"name":"wp","href":"https:\/\/api.w.org\/{rel}","templated":true}]}}